{"id":5702,"date":"2021-05-20T09:59:51","date_gmt":"2021-05-20T07:59:51","guid":{"rendered":"http:\/\/tkielar.pl\/pneumatyczne\/"},"modified":"2021-05-20T09:59:51","modified_gmt":"2021-05-20T07:59:51","slug":"pneumatyczne","status":"publish","type":"page","link":"https:\/\/www.linor.pl\/en\/oferta\/weze-przemyslowe\/pneumatyczne\/","title":{"rendered":"Pneumatyczne"},"content":{"rendered":"<div>\n<h3 class=\"custom-topic-header\">\n<span class=\"custom-topic-text\">W\u0119\u017ce pneumatyczne<\/span><br \/>\n<\/h3>\n<p>Nasza firma w swoim asortymencie w\u0119\u017cy przemys\u0142owych przygotowa\u0142a r\u00f3wnie\u017c ofert\u0119 przygotowan\u0105 dla tych z Pa\u0144stwa, kt\u00f3rzy szukaj\u0105 w\u0119\u017cy pneumatycznych. Maj\u0105 one podobne zastosowanie, jak znajduj\u0105ce si\u0119 r\u00f3wnie\u017c w naszej ofercie w\u0119\u017ce hydrauliczne. Takie produkty wytwarzane i dostarczane przez nasz\u0105 firm\u0119 Linor s\u0105 bardzo wysokiej jako\u015bci. S\u0105 niezwykle solidne, szczelne, charakteryzuj\u0105 si\u0119 bardzo wysok\u0105 trwa\u0142o\u015bci\u0105, a co za tym idzie odporno\u015bci\u0105 na uszkodzenia r\u00f3\u017cnego typu. Nasi specjali\u015bci pomog\u0105 w dobrze odpowiednich dla Pa\u0144stwa w\u0119\u017cy pneumatycznych. Zapewniamy, \u017ce dzi\u0119ki naszym w\u0119\u017com b\u0119dzie mo\u017cna usprawni\u0107 r\u00f3\u017cne prace w zak\u0142adach przemys\u0142owych, a co za tym idzie zwi\u0119kszy\u0107 ich wydajno\u015b\u0107 oraz Pa\u0144stwa zyski.<\/p>\n<p>    Zapraszamy r\u00f3wnie\u017c do skorzystania z naszej specjalnej oferty, czyli wykonywania w\u0119\u017cy pneumatycznych na indywidualne zam\u00f3wienie. Je\u015bli nie ma w naszym asortymencie produktu, kt\u00f3ry odpowiada\u0142by Twoim indywidualnym wymaganiom i potrzebom, to mo\u017cesz przes\u0142a\u0107 nam projekt, a my go zrealizujemy w ci\u0105gu trzech dni. Wszystko oczywi\u015bcie solidnie, fachowo i profesjonalnie. Zapraszamy do korzystania z naszej propozycji. Zapewniamy korzystne ceny i atrakcyjn\u0105 wsp\u00f3\u0142prac\u0119. Czekamy na kontakt, poprzez telefon lub email, ch\u0119tnie odpowiemy na wszystkie Pa\u0144stwa pytania. Polecamy nasze najlepsze w\u0119\u017ce pneumatyczne! Zapraszamy ju\u017c teraz!\n<\/p><\/div>\n","protected":false},"excerpt":{"rendered":"<p>W\u0119\u017ce pneumatyczne Nasza firma w swoim asortymencie w\u0119\u017cy przemys\u0142owych przygotowa\u0142a r\u00f3wnie\u017c ofert\u0119 przygotowan\u0105 dla tych z Pa\u0144stwa, kt\u00f3rzy szukaj\u0105 w\u0119\u017cy pneumatycznych. Maj\u0105 one podobne zastosowanie, jak<span class=\"excerpt-hellip\"> [\u2026]<\/span><\/p>\n","protected":false},"author":4,"featured_media":0,"parent":5706,"menu_order":0,"comment_status":"closed","ping_status":"closed","template":"","meta":{"footnotes":""},"class_list":["post-5702","page","type-page","status-publish","hentry"],"_links":{"self":[{"href":"https:\/\/www.linor.pl\/en\/wp-json\/wp\/v2\/pages\/5702","targetHints":{"allow":["GET"]}}],"collection":[{"href":"https:\/\/www.linor.pl\/en\/wp-json\/wp\/v2\/pages"}],"about":[{"href":"https:\/\/www.linor.pl\/en\/wp-json\/wp\/v2\/types\/page"}],"author":[{"embeddable":true,"href":"https:\/\/www.linor.pl\/en\/wp-json\/wp\/v2\/users\/4"}],"replies":[{"embeddable":true,"href":"https:\/\/www.linor.pl\/en\/wp-json\/wp\/v2\/comments?post=5702"}],"version-history":[{"count":0,"href":"https:\/\/www.linor.pl\/en\/wp-json\/wp\/v2\/pages\/5702\/revisions"}],"up":[{"embeddable":true,"href":"https:\/\/www.linor.pl\/en\/wp-json\/wp\/v2\/pages\/5706"}],"wp:attachment":[{"href":"https:\/\/www.linor.pl\/en\/wp-json\/wp\/v2\/media?parent=5702"}],"curies":[{"name":"wp","href":"https:\/\/api.w.org\/{rel}","templated":true}]}}