{"id":5704,"date":"2021-05-20T09:58:58","date_gmt":"2021-05-20T07:58:58","guid":{"rendered":"http:\/\/tkielar.pl\/hydrauliczne\/"},"modified":"2021-05-20T09:58:58","modified_gmt":"2021-05-20T07:58:58","slug":"hydrauliczne","status":"publish","type":"page","link":"https:\/\/www.linor.pl\/en\/oferta\/weze-przemyslowe\/hydrauliczne\/","title":{"rendered":"Hydrauliczne"},"content":{"rendered":"<div>\n<h3 class=\"custom-topic-header\">\n<span class=\"custom-topic-text\">W\u0119\u017ce hydrauliczne<\/span><br \/>\n<\/h3>\n<p>W ofercie naszej firmy mo\u017cna znale\u017a\u0107 najlepsze w\u0119\u017ce hydrauliczne. S\u0105 one wykorzystywane \u2013 jak sama nazwa nam wskazuje \u2013 w hydraulice, ale r\u00f3wnie\u017c korzystaj\u0105 z nich i inne dziedziny przemys\u0142u. Nasza firma produkuje najlepsze w\u0119\u017ce hydrauliczne. S\u0105 one wykonywane z najlepszych materia\u0142\u00f3w. Dzi\u0119ki tej doskona\u0142ej jako\u015bci s\u0105 bardzo szczelne, charakteryzuj\u0105 si\u0119 wytrzyma\u0142o\u015bci\u0105 oraz niezwyk\u0142\u0105 trwa\u0142o\u015bci\u0105. Wyr\u00f3\u017cniaj\u0105 si\u0119 wysok\u0105 odporno\u015bci\u0105 na uszkodzenia, mo\u017cna z nich bez przeszk\u00f3d korzysta\u0107.<\/p>\n<p>Z my\u015bl\u0105 o naszych Klientach przygotowali\u015bmy specjaln\u0105 ofert\u0119. Wykonujemy przemys\u0142owe w\u0119\u017ce hydrauliczne na specjalne zam\u00f3wienie. Bardzo cz\u0119sto zdarza si\u0119 tak, \u017ce w naszej standardowym asortymencie nie znajduj\u0105 si\u0119 urz\u0105dzenia o wymiarach, kt\u00f3re pasowa\u0142aby do potrzeb czy wymaga\u0144 naszego Klienta. Dlatego te\u017c mo\u017cna zleci\u0107 nam realizacj\u0119 niestandardowego projektu wed\u0142ug w\u0142asnych wytycznych. My taki projekt wykonujemy maksymalnie w ci\u0105gu trzech dni, a cz\u0119sto mo\u017ce si\u0119 zdarzy\u0107, \u017ce Pa\u0144stwa zam\u00f3wienie b\u0119dzie gotowe ju\u017c po jednym dniu. Zapraszamy do korzystania z naszej oferty. Zapewniamy atrakcyjne warunki wsp\u00f3\u0142pracy i korzystne ceny naszych produkt\u00f3w. W razie pyta\u0144 czy w\u0105tpliwo\u015bci mo\u017cna si\u0119 z nami kontaktowa\u0107 telefonicznie oraz poprzez email, z ch\u0119ci\u0105 odpowiemy na wszystkie zadane przez Pa\u0144stwa pytania i pomo\u017cemy w wyborze odpowiedniej oferty. Zapraszamy ju\u017c teraz do skorzystania z najlepszej oferty w\u0119\u017cy hydraulicznych!<\/p>\n<\/div>\n","protected":false},"excerpt":{"rendered":"<p>W\u0119\u017ce hydrauliczne W ofercie naszej firmy mo\u017cna znale\u017a\u0107 najlepsze w\u0119\u017ce hydrauliczne. S\u0105 one wykorzystywane \u2013 jak sama nazwa nam wskazuje \u2013 w hydraulice, ale r\u00f3wnie\u017c korzystaj\u0105<span class=\"excerpt-hellip\"> [\u2026]<\/span><\/p>\n","protected":false},"author":4,"featured_media":0,"parent":5706,"menu_order":0,"comment_status":"closed","ping_status":"closed","template":"","meta":{"footnotes":""},"class_list":["post-5704","page","type-page","status-publish","hentry"],"_links":{"self":[{"href":"https:\/\/www.linor.pl\/en\/wp-json\/wp\/v2\/pages\/5704","targetHints":{"allow":["GET"]}}],"collection":[{"href":"https:\/\/www.linor.pl\/en\/wp-json\/wp\/v2\/pages"}],"about":[{"href":"https:\/\/www.linor.pl\/en\/wp-json\/wp\/v2\/types\/page"}],"author":[{"embeddable":true,"href":"https:\/\/www.linor.pl\/en\/wp-json\/wp\/v2\/users\/4"}],"replies":[{"embeddable":true,"href":"https:\/\/www.linor.pl\/en\/wp-json\/wp\/v2\/comments?post=5704"}],"version-history":[{"count":0,"href":"https:\/\/www.linor.pl\/en\/wp-json\/wp\/v2\/pages\/5704\/revisions"}],"up":[{"embeddable":true,"href":"https:\/\/www.linor.pl\/en\/wp-json\/wp\/v2\/pages\/5706"}],"wp:attachment":[{"href":"https:\/\/www.linor.pl\/en\/wp-json\/wp\/v2\/media?parent=5704"}],"curies":[{"name":"wp","href":"https:\/\/api.w.org\/{rel}","templated":true}]}}