{"id":5706,"date":"2021-05-20T09:55:43","date_gmt":"2021-05-20T07:55:43","guid":{"rendered":"http:\/\/tkielar.pl\/weze-przemyslowe\/"},"modified":"2021-05-20T09:55:43","modified_gmt":"2021-05-20T07:55:43","slug":"weze-przemyslowe","status":"publish","type":"page","link":"https:\/\/www.linor.pl\/en\/oferta\/weze-przemyslowe\/","title":{"rendered":"W\u0119\u017ce przemys\u0142owe"},"content":{"rendered":"<p><em style=\"color: #000000;\">Nasza firma specjalizuje si\u0119 nie tylko w sprzeda\u017cy <a href=\"https:\/\/www.linor.pl\/linki-samochodowe\/\">linek samochodowych<\/a> r\u00f3\u017cnego typu, ale  w naszej ofercie mo\u017cna znale\u017a\u0107 r\u00f3wnie\u017c w\u0119\u017ce przeznaczone do r\u00f3\u017cnego typu maszyn przemys\u0142owych.<\/em><span style=\"color: #000000;\"> Jeste\u015bmy cenionym producentem tego typu urz\u0105dze\u0144 nie tylko na rynku polskim, ale r\u00f3wnie\u017c na wielu rynkach zagranicznych, co \u015bwiadczy o wysokiej jako\u015bci naszych us\u0142ug. Nasze produkty przygotowujemy dla zak\u0142ad\u00f3w przemys\u0142owych, s\u0105 to zar\u00f3wno w\u0119\u017ce hydrauliczne, jak i pneumatyczne. Czym si\u0119 charakteryzuj\u0105? S\u0105 bardzo wytrzyma\u0142e i niezwykle szczelne. Wykonane z materia\u0142\u00f3w najwy\u017cszej jako\u015bci. Opr\u00f3cz nich w naszej ofercie mo\u017cna zapozna\u0107 si\u0119 z w\u0119\u017cami do klimatyzacji oraz w\u0119\u017cami ci\u015bnieniowymi. <\/span><br style=\"color: #000000;\" \/><br style=\"color: #000000;\" \/><span style=\"color: #000000;\">   <\/span><strong style=\"font-weight: bold; color: #000000;\"> Wszystkie nasze w\u0119\u017ce przemys\u0142owe s\u0105 wykonane z materia\u0142\u00f3w najlepszej jako\u015bci.<\/strong><span style=\"color: #000000;\"> Bardzo cz\u0119sto realizujemy indywidualne zam\u00f3wienia, dopasowane do szczeg\u00f3\u0142owych oczekiwa\u0144 i potrzeb naszych Klient\u00f3w dopasowanych do niestandardowych parametr\u00f3w. Wykonujemy je dok\u0142adnie na podstawie plan\u00f3w i wytycznych nades\u0142anych przez Klienta. Indywidualne zam\u00f3wienia realizowane s\u0105 w ci\u0105gu trzech dni, cz\u0119sto jednak mog\u0105 by\u0107 do odbioru ju\u017c nawet po jednym dniu.<\/span><br style=\"color: #000000;\" \/><br style=\"color: #000000;\" \/><span style=\"color: #000000;\">   <\/span><em style=\"color: #000000;\"> Linki samochodowe oraz w\u0119\u017ce przemys\u0142owe, kt\u00f3re produkujemy w naszej firmie s\u0105 eksportowane na rynki do wielu kraj\u00f3w, m.in. do Wielkiej Brytanii, Hiszpanii, W\u0142och,  Skandynawii, Egiptu czy Rosji. <\/em><span style=\"color: #000000;\">Wiemy, jak wa\u017cne jest solidne wykonanie produktu, dlatego bardzo starannie dobieramy materia\u0142y, z kt\u00f3rych s\u0105 wykonywane nasze linki samochodowe i w\u0119\u017ce przemys\u0142owe. Systematycznie budujemy zaufanie klient\u00f3w i renomowanych firm, dzi\u0119ki czemu otrzymujemy r\u00f3wnie\u017c certyfikaty jako\u015bci. Dobry produkt to taki, kt\u00f3ry jest wydajny w eksploatacji i solidny, aby nie zawi\u00f3d\u0142 w najmniej oczekiwanym momencie. Zapraszamy do zapoznania si\u0119 z nasz\u0105 ofert\u0105 oraz do zakupu. Korzystaj\u0105c z naszych us\u0142ug mog\u0105 by\u0107 Pa\u0144stwo pewni tego, \u017ce otrzymacie produkt najwy\u017cszej jako\u015bci w najlepszej cenie. Gwarantujemy korzystne warunki wsp\u00f3\u0142pracy! W razie pyta\u0144 prosimy o kontakt telefoniczny lub za pomoc\u0105 poczty email, ch\u0119tnie pomo\u017cemy Pa\u0144stwu w wyborze najlepszej oferty.<\/span><br style=\"color: #000000;\" \/><\/p>\n<p><\/p>\n","protected":false},"excerpt":{"rendered":"<p>Nasza firma specjalizuje si\u0119 nie tylko w sprzeda\u017cy linek samochodowych r\u00f3\u017cnego typu, ale w naszej ofercie mo\u017cna znale\u017a\u0107 r\u00f3wnie\u017c w\u0119\u017ce przeznaczone do r\u00f3\u017cnego typu maszyn przemys\u0142owych.<span class=\"excerpt-hellip\"> [\u2026]<\/span><\/p>\n","protected":false},"author":4,"featured_media":0,"parent":5754,"menu_order":0,"comment_status":"closed","ping_status":"closed","template":"","meta":{"footnotes":""},"class_list":["post-5706","page","type-page","status-publish","hentry"],"_links":{"self":[{"href":"https:\/\/www.linor.pl\/en\/wp-json\/wp\/v2\/pages\/5706","targetHints":{"allow":["GET"]}}],"collection":[{"href":"https:\/\/www.linor.pl\/en\/wp-json\/wp\/v2\/pages"}],"about":[{"href":"https:\/\/www.linor.pl\/en\/wp-json\/wp\/v2\/types\/page"}],"author":[{"embeddable":true,"href":"https:\/\/www.linor.pl\/en\/wp-json\/wp\/v2\/users\/4"}],"replies":[{"embeddable":true,"href":"https:\/\/www.linor.pl\/en\/wp-json\/wp\/v2\/comments?post=5706"}],"version-history":[{"count":0,"href":"https:\/\/www.linor.pl\/en\/wp-json\/wp\/v2\/pages\/5706\/revisions"}],"up":[{"embeddable":true,"href":"https:\/\/www.linor.pl\/en\/wp-json\/wp\/v2\/pages\/5754"}],"wp:attachment":[{"href":"https:\/\/www.linor.pl\/en\/wp-json\/wp\/v2\/media?parent=5706"}],"curies":[{"name":"wp","href":"https:\/\/api.w.org\/{rel}","templated":true}]}}