{"id":5709,"date":"2021-05-20T09:50:36","date_gmt":"2021-05-20T07:50:36","guid":{"rendered":"http:\/\/tkielar.pl\/linki-samochodowe-marki\/"},"modified":"2021-05-20T09:50:36","modified_gmt":"2021-05-20T07:50:36","slug":"linki-samochodowe-marki","status":"publish","type":"page","link":"https:\/\/www.linor.pl\/en\/oferta\/linki-samochodowe-marki\/","title":{"rendered":"Linki samochodowe marki"},"content":{"rendered":"<\/p>\n<p><span style=\"color: #333333;\"><span><span style=\"font-size: small;\"><a href=\"https:\/\/www.linor.pl\/linki-samochodowe\/\">Linki samochodowe<\/a> s\u0105 zindywidualizowane, przeznaczone nie tylko do konkretnych cz\u0119\u015bci samochodowych, ale i do odpowiednich typ\u00f3w samochod\u00f3w, wi\u0119cej do okre\u015blonych marek, a w\u015br\u00f3d tych marek do pojedynczych typ\u00f3w. Instalowanie niew\u0142a\u015bciwej linki do marki i modelu samochodu mo\u017ce by\u0107 niemo\u017cliwe lub te\u017c przysporzy\u0107 sporo problem\u00f3w w czasie u\u017cytkowania samochodu, a przez to ucierpi bezpiecze\u0144stwo i komfort jazdy. Niekt\u00f3re z nich, na przyk\u0142ad linki od uk\u0142adu hamowania s\u0105 niezwykle wa\u017cne, poniewa\u017c maj\u0105 kluczowy wp\u0142yw na nasze bezpiecze\u0144stwo. Dlatego koniecznym jest, aby dobiera\u0107 odpowiedni\u0105 link\u0119 do konkretnego modelu i marki samochodu. <\/span><\/span><\/span><em><span style=\"color: #333333;\"><span><span style=\"font-size: small;\">W naszej ofercie mo\u017cna znale\u017a\u0107 linki samochodowe produkowane z my\u015bl\u0105 o takich markach samochod\u00f3w, jak Alfa Romeo, Audi, BMW, Chrysler, Citroen, Dacia, Daewoo, Daf, Daihatsu, Fiat, Ford, Fsm, Fso, Honda, Hyundai,  Ifa, Isuzu, Iveco, Jeep, Kia, Lancia, Land Rover, Man, Mazda, Mercedes, Mini Morris, Mitsubishi, Moskwicz, Nissan, Nysa, Opel, Peugeot, Pontiac, Renault, Rover, Saab, Seat, Skoda, Smart, Star, Subaru, Suzuki, Toyota, Trabant, Volkswagen, Volvo, Zaz, \u0141ada oraz wielu innych.<\/span><\/span><\/span><\/em><span style=\"color: #333333;\"><span><span style=\"font-size: x-large;\"><\/p>\n<p>   <a href=\"https:\/\/www.linor.pl\/linki-samochodowe\/\"> <\/a><\/span><\/span><\/span><span style=\"color: #333333;\"><span><span style=\"font-size: small;\"><a href=\"https:\/\/www.linor.pl\/linki-samochodowe\/\">Nasze linki przeznaczone s\u0105<\/a> do konkretnych marek samochodowych oraz s\u0105 doskona\u0142e jako\u015bciowo. Zapewniamy o ich solidno\u015bci, wytrzyma\u0142o\u015bci, trwa\u0142o\u015bci oraz odporno\u015bci na uszkodzenia. Nasze produkty charakteryzuj\u0105 si\u0119 przede wszystkim wysok\u0105 jako\u015bci\u0105. Wszystkie te linki s\u0105 dobrane do konkretnych cz\u0119\u015bci samochodowych, jak np. gaz, hamulec r\u0119czny, hamulce, maska, kabina, pr\u0119dko\u015bciomierz, regulacja fotela, rozrusznik, tachograf, sprz\u0119g\u0142o, zamek drzwi czy  skrzynia bieg\u00f3w. Zapraszamy do skorzystania z naszej oferty oraz do zapoznania si\u0119 z dost\u0119pnymi w naszej ofercie produktami, a w razie pyta\u0144 z ch\u0119ci\u0105 odpowiemy na nie. <\/span><\/span><\/span><\/p><\/p>\n","protected":false},"excerpt":{"rendered":"<p>Linki samochodowe s\u0105 zindywidualizowane, przeznaczone nie tylko do konkretnych cz\u0119\u015bci samochodowych, ale i do odpowiednich typ\u00f3w samochod\u00f3w, wi\u0119cej do okre\u015blonych marek, a w\u015br\u00f3d tych marek do<span class=\"excerpt-hellip\"> [\u2026]<\/span><\/p>\n","protected":false},"author":4,"featured_media":0,"parent":5754,"menu_order":0,"comment_status":"closed","ping_status":"closed","template":"","meta":{"footnotes":""},"class_list":["post-5709","page","type-page","status-publish","hentry"],"_links":{"self":[{"href":"https:\/\/www.linor.pl\/en\/wp-json\/wp\/v2\/pages\/5709","targetHints":{"allow":["GET"]}}],"collection":[{"href":"https:\/\/www.linor.pl\/en\/wp-json\/wp\/v2\/pages"}],"about":[{"href":"https:\/\/www.linor.pl\/en\/wp-json\/wp\/v2\/types\/page"}],"author":[{"embeddable":true,"href":"https:\/\/www.linor.pl\/en\/wp-json\/wp\/v2\/users\/4"}],"replies":[{"embeddable":true,"href":"https:\/\/www.linor.pl\/en\/wp-json\/wp\/v2\/comments?post=5709"}],"version-history":[{"count":0,"href":"https:\/\/www.linor.pl\/en\/wp-json\/wp\/v2\/pages\/5709\/revisions"}],"up":[{"embeddable":true,"href":"https:\/\/www.linor.pl\/en\/wp-json\/wp\/v2\/pages\/5754"}],"wp:attachment":[{"href":"https:\/\/www.linor.pl\/en\/wp-json\/wp\/v2\/media?parent=5709"}],"curies":[{"name":"wp","href":"https:\/\/api.w.org\/{rel}","templated":true}]}}