{"id":5711,"date":"2021-05-20T09:47:27","date_gmt":"2021-05-20T07:47:27","guid":{"rendered":"http:\/\/tkielar.pl\/linki-zmiany-biegow\/"},"modified":"2021-06-09T17:03:27","modified_gmt":"2021-06-09T15:03:27","slug":"linki-zmiany-biegow","status":"publish","type":"page","link":"https:\/\/www.linor.pl\/en\/oferta\/linki-zmiany-biegow\/","title":{"rendered":"Linki zmiany bieg\u00f3w"},"content":{"rendered":"<h1 style=\"text-align: justify;\">Linki samochodowe zmiany bieg\u00f3w<\/h1>\n<p style=\"text-align: justify;\">Ka\u017cdy samoch\u00f3d jest wyposa\u017cony w skrzyni\u0119 bieg\u00f3w. A jest to mechanizm, kt\u00f3ry pozwala na zmian\u0119 prze\u0142o\u017cenia. Dzieje si\u0119 tak dzi\u0119ki zastosowaniu skutecznego przekazywania mocy, kt\u00f3ra jest wytwarzana przez silnik do nap\u0119du maszyny roboczej lub pojazdu. Prze\u0142o\u017cenie to stosunek pr\u0119dko\u015bci obrotowej na wale wej\u015bciowym do pr\u0119dko\u015bci obrotowej na wale wyj\u015bciowym. Skrzyni\u0119 bieg\u00f3w po\u0142\u0105czono z silnikiem poprzez sprz\u0119g\u0142o. Biegi to realizowanie odpowiednich prze\u0142o\u017ce\u0144.Wyr\u00f3\u017cniamy kilka rodzaj\u00f3w skrzyni bieg\u00f3w. S\u0105 to skrzynie mechaniczne (w kt\u00f3rych zmian\u0119 prze\u0142o\u017ce\u0144 mo\u017cna uzyska\u0107 za pomoc\u0105 przek\u0142adni z\u0119batych), sekwencyjne (spotka\u0107 si\u0119 mo\u017cna z nimi w motocyklach, czasem w samochodach, zmiana prze\u0142o\u017cenia w tych skrzyniach odbywa si\u0119 dzi\u0119ki u\u017cyciu d\u017awigni), hydromechaniczne (szybko\u015b\u0107 kr\u0105\u017cenia cieczy w przek\u0142adni hydrokinetycznej i przek\u0142adni z\u0119batej powoduje zmian\u0119 bieg\u00f3w, s\u0105 to skrzynie automatyczne lub p\u00f3\u0142automatyczne) oraz bezstopniowe (przek\u0142adane przy zastosowaniu pasa klinowego specyficznej konstrukcji).<\/p>\n<h3 style=\"text-align: justify;\"><b>Skrzynia bieg\u00f3w &#8211; linki samochodowe<\/b><\/h3>\n<p style=\"text-align: justify;\"><a href=\"https:\/\/pl.wikipedia.org\/wiki\/R\u0119czna_skrzynia_bieg\u00f3w\" target=\"_blank\" rel=\"noopener\">Skrzynia bieg\u00f3w<\/a> po\u0142\u0105czona ze sprz\u0119g\u0142em stanowi podstaw\u0119 dzia\u0142ania samochodu wraz z silnikiem. Sprz\u0119g\u0142o dzia\u0142a za pomoc\u0105 linki, podobnie jak zmiany bieg\u00f3w. Je\u017celi linki samochodowe zmiany bieg\u00f3w ulegaj\u0105 uszkodzeniu, przetarciom, korozji, w\u00f3wczas u\u017cytkowanie samochodu i zmiana bieg\u00f3w s\u0105 utrudnione, co mo\u017ce zagra\u017ca\u0107 bezpiecze\u0144stwu na drodze. Takie linki trzeba jak najszybciej wymieni\u0107. Lekcewa\u017cenie uszkodzenia linki zmiany bieg\u00f3w mo\u017ce doprowadzi\u0107 do jej nag\u0142ego przerwania podczas jazdy, a wtedy ju\u017c nietrudno o wypadek. <a href=\"https:\/\/www.linor.pl\/linki-samochodowe\/\">Linki samochodowe zmiany bieg\u00f3w<\/a> musz\u0105 by\u0107 dopasowane do modelu i marki samochodu. Auta r\u00f3\u017cnych marek maj\u0105 cz\u0119sto inne uk\u0142ady skrzyni bieg\u00f3w, hamulcowe, dlatego te\u017c konieczne jest stosowanie odpowiednich linek.<\/p>\n<p style=\"text-align: justify;\"><img decoding=\"async\" class=\"alignleft\" src=\"\/wp-content\/uploads\/2021\/05\/linka-zmiany-biegow-linor-300x169.jpg\" alt=\"Linka zmiany bieg\u00f3w - doskona\u0142a do Twojego auta.\" \/><\/p>\n<p style=\"text-align: justify;\"><strong>W naszej ofercie mo\u017cna zapozna\u0107 si\u0119 z linkami zmiany bieg\u00f3w, dzi\u0119ki kt\u00f3rym ca\u0142y mechanizm skrzyni i zmian prze\u0142o\u017ce\u0144 mo\u017ce funkcjonowa\u0107 sprawnie, a zatem sprawia\u0107, ze samoch\u00f3d b\u0119dzie bezpieczny.<\/strong> Nasze linki zmiany bieg\u00f3w s\u0105 solidne, odporne na uszkodzeni,a trwa\u0142e oraz wykonane z materia\u0142\u00f3w najlepszej jako\u015bci, dzi\u0119ki czemu otrzymuj\u0105 pa\u0144stwo gwarancj\u0119, \u017ce produkt w pe\u0142ni spe\u0142ni Wasze oczekiwania. Zapraszamy do zapoznania si\u0119 ze szczeg\u00f3\u0142owymi informacjami na temat tego typu linek. S\u0105 one dobrane do odpowiednich marek. Nasze linki przeznaczone do zmiany bieg\u00f3w charakteryzuj\u0105 si\u0119 szczelno\u015bci\u0105, odporno\u015bci\u0105 na korozje, zabrudzenia i uszkodzenia mechaniczne. Minimalizuj\u0105 si\u0142\u0119 tarcia, s\u0105 bardzo trwa\u0142e. Dost\u0119pne w korzystnych cenach. Polecamy najlepsze linki zmiany bieg\u00f3w. W razie pyta\u0144 mog\u0105 si\u0119 Pa\u0144stwo skontaktowa\u0107 z nami telefonicznie lub za po\u015brednictwem poczty internetowej, ch\u0119tnie odpowiemy na wszystkie. Dlatego nie czekaj, je\u015bli potrzebujesz linki do skrzyni bieg\u00f3w, lub jakiejkolwiek innej, skorzystaj z naszej ofert ju\u017c dzi\u015b!<\/p>\n<h3 style=\"text-align: justify;\">Linki zmiany bieg\u00f3w oferujemy dla poni\u017cszych marek pojazd\u00f3w<\/h3>\n<div style=\"width: 30%; float: left; display: block; text-align: justify;\">\n<ul>\n<li>Alfa Romeo<\/li>\n<li>Audi<\/li>\n<li>BMW<\/li>\n<li>Chrysler<\/li>\n<li>Citroen<\/li>\n<li>Dacia<\/li>\n<li>Daewoo<\/li>\n<li>Daf<\/li>\n<li>Daihatsu<\/li>\n<li>Fiat<\/li>\n<li>Ford<\/li>\n<li>Fsm<\/li>\n<li>Fso<\/li>\n<li>Honda<\/li>\n<\/ul>\n<\/div>\n<div style=\"width: 30%; float: left; display: block; text-align: justify;\">\n<ul>\n<li>Ifa<\/li>\n<li>Isuzu<\/li>\n<li>Iveco<\/li>\n<li>Jeep<\/li>\n<li>Kia<\/li>\n<li>Lancia<\/li>\n<li>Land Rover<\/li>\n<li>Mazda<\/li>\n<li>Mercedes<\/li>\n<li>Mini Morris<\/li>\n<li>Mitsubishi<\/li>\n<li>Moskwicz<\/li>\n<li>Nysa<\/li>\n<li>Opel<\/li>\n<\/ul>\n<\/div>\n<div style=\"width: 30%; float: left; display: block; text-align: justify;\">\n<ul>\n<li>Peugeot<\/li>\n<li>Pontiac<\/li>\n<li>Rover<\/li>\n<li>Seat<\/li>\n<li>Skoda<\/li>\n<li>Smart<\/li>\n<li>Star<\/li>\n<li>Suzuki<\/li>\n<li>Toyota<\/li>\n<li>Trabant<\/li>\n<li>Volkswagen<\/li>\n<li>Volvo<\/li>\n<li>Zaz<\/li>\n<li>\u0141ada<\/li>\n<\/ul>\n<\/div>\n<h3 class=\"custom-topic-header\">\n<span class=\"custom-topic-text\">Linki zmiany bieg\u00f3w<\/span><br \/>\n<\/h3>\n<div class=\"under-post-category-products\">\n<div class=\"woocommerce columns-4 \"><\/div>\n<\/div>\n","protected":false},"excerpt":{"rendered":"<p>Linki samochodowe zmiany bieg\u00f3w Ka\u017cdy samoch\u00f3d jest wyposa\u017cony w skrzyni\u0119 bieg\u00f3w. A jest to mechanizm, kt\u00f3ry pozwala na zmian\u0119 prze\u0142o\u017cenia. Dzieje si\u0119 tak dzi\u0119ki zastosowaniu skutecznego<span class=\"excerpt-hellip\"> [\u2026]<\/span><\/p>\n","protected":false},"author":4,"featured_media":0,"parent":5754,"menu_order":0,"comment_status":"closed","ping_status":"closed","template":"","meta":{"footnotes":""},"class_list":["post-5711","page","type-page","status-publish","hentry"],"_links":{"self":[{"href":"https:\/\/www.linor.pl\/en\/wp-json\/wp\/v2\/pages\/5711","targetHints":{"allow":["GET"]}}],"collection":[{"href":"https:\/\/www.linor.pl\/en\/wp-json\/wp\/v2\/pages"}],"about":[{"href":"https:\/\/www.linor.pl\/en\/wp-json\/wp\/v2\/types\/page"}],"author":[{"embeddable":true,"href":"https:\/\/www.linor.pl\/en\/wp-json\/wp\/v2\/users\/4"}],"replies":[{"embeddable":true,"href":"https:\/\/www.linor.pl\/en\/wp-json\/wp\/v2\/comments?post=5711"}],"version-history":[{"count":0,"href":"https:\/\/www.linor.pl\/en\/wp-json\/wp\/v2\/pages\/5711\/revisions"}],"up":[{"embeddable":true,"href":"https:\/\/www.linor.pl\/en\/wp-json\/wp\/v2\/pages\/5754"}],"wp:attachment":[{"href":"https:\/\/www.linor.pl\/en\/wp-json\/wp\/v2\/media?parent=5711"}],"curies":[{"name":"wp","href":"https:\/\/api.w.org\/{rel}","templated":true}]}}