{"id":5714,"date":"2021-05-20T09:45:39","date_gmt":"2021-05-20T07:45:39","guid":{"rendered":"http:\/\/tkielar.pl\/linki-zamka-drzwi\/"},"modified":"2021-06-09T17:03:22","modified_gmt":"2021-06-09T15:03:22","slug":"linki-zamka-drzwi","status":"publish","type":"page","link":"https:\/\/www.linor.pl\/en\/oferta\/linki-zamka-drzwi\/","title":{"rendered":"Linki zamka drzwi"},"content":{"rendered":"<h1 style=\"text-align: justify;\">Linka samochodowe zamka drzwi<\/h1>\n<p style=\"text-align: justify;\"><span style=\"color: #000000;\">Drzwi w samochodzie s\u0105 zabezpieczeniem dla kierowc\u00f3w i ich pasa\u017cer\u00f3w. Za\u015b stosowane w nich zamki gwarantuj\u0105 ochron\u0119 pojazdu przed potencjalnymi z\u0142odziejami. Takie zamki przeznaczone do drzwi w samochodach s\u0105 wyposa\u017cone w linki, a o nie trzeba odpowiednio dba\u0107. Zw\u0142aszcza po to, by zim\u0105 nie by\u0142o problemu z otwarciem drzwi oraz aby nasz pojazd by\u0142 odpowiednio zabezpieczony przed kradzie\u017c\u0105. Mog\u0105 wi\u0119c Pa\u0144stwo zapyta\u0107 jak zatem piel\u0119gnowa\u0107 <a href=\"https:\/\/www.linor.pl\/linki-samochodowe\/\">linki samochodowe zamka drzwi<\/a>? W\u0142a\u015bciwa ich konserwacja polega na zastosowaniu oleju maszynowego i wpuszczeniu go (wystarczy kilka kropel za pomoc\u0105 na przyk\u0142ad strzykawki) w miejsce po\u0142\u0105cze\u0144 linek z mechanizmem zamk\u00f3w. I tego typu produkty oferujemy w naszym asortymencie \u2013 zapraszamy do zapoznania si\u0119 ze szczeg\u00f3\u0142ami oraz do zakup\u00f3w!<\/span><\/p>\n<h3 style=\"text-align: justify;\"><b>Zamek w drzwiach &#8211; linki samochodowe<\/b><\/h3>\n<p style=\"text-align: justify;\"><strong><strong>\u00a0<\/strong><\/strong><\/p>\n<p style=\"text-align: justify;\">Zamek w drzwiach je\u017celi sprawia problemy, w\u00f3wczas mo\u017ce by\u0107 uci\u0105\u017cliwym problemem. Wiedza o tym doskonale kierowcy w czasie ostrych zimowych mroz\u00f3w. Je\u017celi natomiast zamek zaczyna sprawia\u0107 problemy, \u017ale si\u0119 otwiera lub z op\u00f3\u017anieniem, podobnie w kwestii zamykania, w\u00f3wczas warto pomy\u015ble\u0107 o wymianie linki. Linki samochodowe zamka drzwi powinny by\u0107 wysokiej jako\u015bci. Nic w<a href=\"https:\/\/pl.wikipedia.org\/wiki\/Samoch\u00f3d\" target=\"_blank\" rel=\"noopener\"> samochodzie<\/a> tak nie denerwuje jak zacinaj\u0105ce si\u0119 zamki z powodu kiepskiej linki, \u017ale dopasowanej lub szybko si\u0119 \u015bcieraj\u0105cej. Ka\u017cda linka samochodowa, gdy jest wymieniana, musi by\u0107 dopasowana do marki o modelu samochodu, a czasami r\u00f3wnie\u017c do roku produkcji.<\/p>\n<p style=\"text-align: justify;\"><img decoding=\"async\" class=\"alignleft\" src=\"\/wp-content\/uploads\/2021\/05\/linka-zamka-drzwi-linor-300x225.jpg\" alt=\"Linka zamka drzwi - trwa\u0142a i niezawodna.\" \/><\/p>\n<p style=\"text-align: justify;\"><span style=\"color: #000000;\">Doskonale wiemy, jakie problemy mog\u0105 wynika\u0107 z powodu niesprawnych linek w drzwiach naszych pojazd\u00f3w, zw\u0142aszcza w zimie, kiedy problemem mo\u017ce okaza\u0107 si\u0119 otwarciem drzwi od auta. K\u0142opoty mog\u0105 sprawia\u0107 linki od niepewnego producenta lub te\u017c niskiej jako\u015bci, wtedy nawet olej mo\u017ce nie by\u0107 przydatny. Dlatego te\u017c polecamy dba\u0107 o to, aby kupowa\u0107 linki wysokiej jako\u015bci. <\/span><strong style=\"font-weight: bold; color: #000000;\"> Dlaczego nasze linki s\u0105 doskona\u0142ej jako\u015bci? Korzystamy z najlepszych materia\u0142\u00f3w, dodatkowo je wzmacniamy i zabezpieczamy.<\/strong><span style=\"color: #000000;\"> Wszystko to sprawia, \u017ce nasze linki s\u0105 solidne, trwa\u0142e, odporne na uszkodzenia oraz zapewniaj\u0105 bezpieczne i sprawne dzia\u0142anie zamka w drzwiach samochodowych. Oferujemy je w atrakcyjnych cenach. Nasze linki s\u0105 bardzo szczelne, gwarantuje to doskona\u0142ej jako\u015bci obudowa. Co wi\u0119cej, zmniejszaj\u0105 si\u0142\u0119 tarcia, s\u0105 odporne na korozje, zanieczyszczenia, uszkodzenia mechaniczne. W\u0142a\u015bciwe ich u\u017cytkowanie i regularna konserwacja zapewni bezproblemowe i bezawaryjne dzia\u0142anie drzwi samochodowych przez bardzo d\u0142ugi czas. W\u015br\u00f3d naszego asortymentu mo\u017cna znale\u017a\u0107 linki dopasowane do konkretnych marek. Zapraszamy do skorzystania z naszej oferty. Gwarantujemy Pa\u0144stwu korzystne warunki wsp\u00f3\u0142pracy z nasz\u0105 firm\u0105. W razie pyta\u0144 czy jakichkolwiek w\u0105tpliwo\u015bci czekamy na kontakt, ch\u0119tnie odpowiemy na nie \u2013 mo\u017cna do nas telefonowa\u0107 oraz e-mailowa\u0107.<\/span><\/p>\n<h3 style=\"text-align: justify;\">Linki w naszej ofercie przeznaczone s\u0105 dla poni\u017cszych marek pojazd\u00f3w<\/h3>\n<div style=\"width: 30%; float: left; display: block; text-align: justify;\">\n<ul>\n<li>Alfa Romeo<\/li>\n<li>Audi<\/li>\n<li>BMW<\/li>\n<li>Chrysler<\/li>\n<li>Citroen<\/li>\n<li>Dacia<\/li>\n<li>Daewoo<\/li>\n<li>Daf<\/li>\n<li>Daihatsu<\/li>\n<li>Fiat<\/li>\n<li>Ford<\/li>\n<li>Fsm<\/li>\n<li>Fso<\/li>\n<li>Honda<\/li>\n<\/ul>\n<\/div>\n<div style=\"width: 30%; float: left; display: block; text-align: justify;\">\n<ul>\n<li>Ifa<\/li>\n<li>Isuzu<\/li>\n<li>Iveco<\/li>\n<li>Jeep<\/li>\n<li>Kia<\/li>\n<li>Lancia<\/li>\n<li>Land Rover<\/li>\n<li>Mazda<\/li>\n<li>Mercedes<\/li>\n<li>Mini Morris<\/li>\n<li>Mitsubishi<\/li>\n<li>Moskwicz<\/li>\n<li>Nysa<\/li>\n<li>Opel<\/li>\n<\/ul>\n<\/div>\n<div style=\"width: 30%; float: left; display: block; text-align: justify;\">\n<ul>\n<li>Peugeot<\/li>\n<li>Pontiac<\/li>\n<li>Rover<\/li>\n<li>Seat<\/li>\n<li>Skoda<\/li>\n<li>Smart<\/li>\n<li>Star<\/li>\n<li>Suzuki<\/li>\n<li>Toyota<\/li>\n<li>Trabant<\/li>\n<li>Volkswagen<\/li>\n<li>Volvo<\/li>\n<li>Zaz<\/li>\n<li>\u0141ada<\/li>\n<\/ul>\n<\/div>\n<h3 class=\"custom-topic-header\">\n<span class=\"custom-topic-text\">Linki zamka drzwi<\/span><br \/>\n<\/h3>\n<div class=\"under-post-category-products\">\n<div class=\"woocommerce columns-4 \"><\/div>\n<\/div>\n","protected":false},"excerpt":{"rendered":"<p>Linka samochodowe zamka drzwi Drzwi w samochodzie s\u0105 zabezpieczeniem dla kierowc\u00f3w i ich pasa\u017cer\u00f3w. Za\u015b stosowane w nich zamki gwarantuj\u0105 ochron\u0119 pojazdu przed potencjalnymi z\u0142odziejami. Takie<span class=\"excerpt-hellip\"> [\u2026]<\/span><\/p>\n","protected":false},"author":4,"featured_media":0,"parent":5754,"menu_order":0,"comment_status":"closed","ping_status":"closed","template":"","meta":{"footnotes":""},"class_list":["post-5714","page","type-page","status-publish","hentry"],"_links":{"self":[{"href":"https:\/\/www.linor.pl\/en\/wp-json\/wp\/v2\/pages\/5714","targetHints":{"allow":["GET"]}}],"collection":[{"href":"https:\/\/www.linor.pl\/en\/wp-json\/wp\/v2\/pages"}],"about":[{"href":"https:\/\/www.linor.pl\/en\/wp-json\/wp\/v2\/types\/page"}],"author":[{"embeddable":true,"href":"https:\/\/www.linor.pl\/en\/wp-json\/wp\/v2\/users\/4"}],"replies":[{"embeddable":true,"href":"https:\/\/www.linor.pl\/en\/wp-json\/wp\/v2\/comments?post=5714"}],"version-history":[{"count":0,"href":"https:\/\/www.linor.pl\/en\/wp-json\/wp\/v2\/pages\/5714\/revisions"}],"up":[{"embeddable":true,"href":"https:\/\/www.linor.pl\/en\/wp-json\/wp\/v2\/pages\/5754"}],"wp:attachment":[{"href":"https:\/\/www.linor.pl\/en\/wp-json\/wp\/v2\/media?parent=5714"}],"curies":[{"name":"wp","href":"https:\/\/api.w.org\/{rel}","templated":true}]}}