{"id":5718,"date":"2021-05-20T09:44:21","date_gmt":"2021-05-20T07:44:21","guid":{"rendered":"http:\/\/tkielar.pl\/linki-tachografu\/"},"modified":"2021-06-09T17:03:16","modified_gmt":"2021-06-09T15:03:16","slug":"linki-tachografu","status":"publish","type":"page","link":"https:\/\/www.linor.pl\/en\/oferta\/linki-tachografu\/","title":{"rendered":"Linki tachografu"},"content":{"rendered":"<h1 style=\"text-align: justify;\">Linki samochodowe tachografu<\/h1>\n<p style=\"text-align: justify;\"><span style=\"color: #000000;\">W samochodach znajduj\u0105 si\u0119 tachografy. Co to za urz\u0105dzenie? Tachograf jest sprz\u0119tem pomiarowym, kt\u00f3re \u0142\u0105czy funkcje pr\u0119dko\u015bciomierza i zegara. Zajmuje si\u0119 rejestracj\u0105 funkcji czasu, czyli mierzy przejechan\u0105 przez samoch\u00f3d drog\u0119, jego chwilow\u0105 pr\u0119dko\u015b\u0107, a tak\u017ce aktywno\u015b\u0107 kierowcy (s\u0105 to takie wyznaczniki, jak okresy jego pracy, dy\u017curu przy aucie i odpoczynku). Takie tachografy bywaj\u0105 niezb\u0119dne, np. w przypadku kierowc\u00f3w samochod\u00f3w ci\u0119\u017carowych czy autokar\u00f3w, ta rejestracja aktywno\u015bci kierowcy gwarantuje jego bezpiecze\u0144stwo. Kierowca, kt\u00f3ry jedzie zbyt d\u0142ugo, bez wystarczaj\u0105cego odpoczynku, stwarza zagro\u017cenie na drodze. Tachograf daje te\u017c pracodawcy mo\u017cliwo\u015b\u0107 skontrolowania w pewnym sensie kierowcy. Dlatego te\u017c nale\u017cy dba\u0107 o to, aby tachograf zawsze by\u0142 sprawny. Nale\u017cy r\u00f3wnie\u017c sprawdza\u0107 <a href=\"https:\/\/www.linor.pl\/linki-samochodowe\/\">linki samochodowe tachografu<\/a> szczeg\u00f3lnie przed d\u0142ugimi podr\u00f3\u017cami i w przypadku, gdy widoczne na niej b\u0119d\u0105 uszkodzenia, nie czeka\u0107 na jej przerwanie, ale wymieni\u0107. W naszej ofercie mo\u017cna znale\u017a\u0107 linki przeznaczone w\u0142a\u015bnie do tachografu.<\/span><\/p>\n<p style=\"text-align: justify;\"><span data-sheets-value=\"[null,2,\" data-sheets-userformat=\"[null,null,829,[null,0],null,[null,[[null,2,0,null,null,[null,2,0]],[null,0,0,3],[null,1,0,null,1]]],[null,[[null,2,0,null,null,[null,2,0]],[null,0,0,3],[null,1,0,null,1]]],[null,[[null,2,0,null,null,[null,2,0]],[null,0,0,3],[null,1,0,null,1]]],[null,[[null,2,0,null,null,[null,2,0]],[null,0,0,3],[null,1,0,null,1]]],null,null,3,0]\">Samochodowa linka tachografu<\/span><\/p>\n<h3 style=\"text-align: justify;\"><b>Tachograf<\/b><\/h3>\n<p style=\"text-align: justify;\"><strong><strong>\u00a0<\/strong><\/strong><\/p>\n<p style=\"text-align: justify;\"><a href=\"https:\/\/pl.wikipedia.org\/wiki\/Tachograf\" target=\"_blank\" rel=\"noopener\">Tachograf<\/a> jest r\u00f3wnie\u017c szczeg\u00f3lnie wa\u017cny dla zawodowych kierowc\u00f3w je\u017cd\u017c\u0105cych na co dzie\u0144 autobusami, tirami, samochodami dostawczymi itp. Pomiaru czasu pracy i kilometr\u00f3w przejechanych jest bardzo wa\u017cny dla utrzymywania zasad bezpiecze\u0144stwa. Je\u017celi tachograf nie dzia\u0142a, b\u0105d\u017a jego dzia\u0142anie jest nieprawid\u0142owe przez uszkodzon\u0105 link\u0119, w\u00f3wczas mo\u017ce to znacznie myli\u0107 kierowc\u0119, kt\u00f3ry b\u0119dzie przem\u0119czony. Dlatego te\u017c nale\u017cy dba\u0107 o wymian\u0119, aby linki samochodowe tachografu by\u0142y jak najwy\u017cszej jako\u015bci. Najlepsze materia\u0142y i solidno\u015b\u0107 wykonania, jak r\u00f3wnie\u017c odpowiednia technika b\u0119d\u0105 mia\u0142y wp\u0142yw na \u017cywotno\u015b\u0107 linki oraz u\u017cytkowanie tachografu.<\/p>\n<p style=\"text-align: justify;\"><img decoding=\"async\" class=\"alignleft\" src=\"\/wp-content\/uploads\/2021\/05\/linka-tachografu-linor-300x169.jpg\" alt=\"Linka tachografu wyj\u0105tkowo wytrzyma\u0142a.\" \/><\/p>\n<p style=\"text-align: justify; min-height: 200px;\"><span style=\"color: #000000;\">S\u0105 to produkty wyr\u00f3\u017cniaj\u0105ce si\u0119 doskona\u0142\u0105 jako\u015bci\u0105 i najwy\u017csz\u0105 klas\u0105. \u015awiadczy o tym ich solidno\u015b\u0107 oraz trwa\u0142o\u015b\u0107, wytrzyma\u0142o\u015b\u0107 czy odporno\u015b\u0107 na uszkodzenia. <\/span><strong style=\"font-weight: bold; color: #000000;\">Nasze linki tachografu gwarantuj\u0105 sprawne dzia\u0142anie tego urz\u0105dzenia. S\u0105 przeznaczone do konkretnych marek samochod\u00f3w.<\/strong><span style=\"color: #000000;\"> Zapraszamy do zapoznania si\u0119 ze szczeg\u00f3\u0142ami. W razie w\u0105tpliwo\u015bci lub pyta\u0144 prosimy o kontakt, ch\u0119tnie je rozwiejemy i odpowiemy na Pa\u0144stwa wszystkie zapytania. Polecamy korzystne ceny i zapewniamy atrakcyjn\u0105 wsp\u00f3\u0142prac\u0119 z nasz\u0105 firm\u0105. Je\u015bli potrzebujesz linki do tachografu, lub jakiejkolwiek innej linki samochodowej, nie czekaj, zapoznaj si\u0119 z nasz\u0105 ofert\u0105.<\/span><\/p>\n<h3 style=\"text-align: justify;\"><\/h3>\n<h3 style=\"text-align: justify;\">Linki tachografu oferujemy dla poni\u017cszych marek samochod\u00f3w<\/h3>\n<div style=\"width: 30%; float: left; display: block; text-align: justify;\">\n<ul>\n<li>Alfa Romeo<\/li>\n<li>Audi<\/li>\n<li>BMW<\/li>\n<li>Chrysler<\/li>\n<li>Citroen<\/li>\n<li>Dacia<\/li>\n<li>Daewoo<\/li>\n<li>Daf<\/li>\n<li>Daihatsu<\/li>\n<li>Fiat<\/li>\n<li>Ford<\/li>\n<li>Fsm<\/li>\n<li>Fso<\/li>\n<li>Honda<\/li>\n<\/ul>\n<\/div>\n<div style=\"width: 30%; float: left; display: block; text-align: justify;\">\n<ul>\n<li>Ifa<\/li>\n<li>Isuzu<\/li>\n<li>Iveco<\/li>\n<li>Jeep<\/li>\n<li>Kia<\/li>\n<li>Lancia<\/li>\n<li>Land Rover<\/li>\n<li>Mazda<\/li>\n<li>Mercedes<\/li>\n<li>Mini Morris<\/li>\n<li>Mitsubishi<\/li>\n<li>Moskwicz<\/li>\n<li>Nysa<\/li>\n<li>Opel<\/li>\n<\/ul>\n<\/div>\n<div style=\"width: 30%; float: left; display: block; text-align: justify;\">\n<ul>\n<li>Peugeot<\/li>\n<li>Pontiac<\/li>\n<li>Rover<\/li>\n<li>Seat<\/li>\n<li>Skoda<\/li>\n<li>Smart<\/li>\n<li>Star<\/li>\n<li>Suzuki<\/li>\n<li>Toyota<\/li>\n<li>Trabant<\/li>\n<li>Volkswagen<\/li>\n<li>Volvo<\/li>\n<li>Zaz<\/li>\n<li>\u0141ada<\/li>\n<\/ul>\n<\/div>\n<h3 class=\"custom-topic-header\">\n<span class=\"custom-topic-text\">Linki tachografu<\/span><br \/>\n<\/h3>\n<div class=\"under-post-category-products\">\n<div class=\"woocommerce columns-4 \"><\/div>\n<\/div>\n","protected":false},"excerpt":{"rendered":"<p>Linki samochodowe tachografu W samochodach znajduj\u0105 si\u0119 tachografy. Co to za urz\u0105dzenie? Tachograf jest sprz\u0119tem pomiarowym, kt\u00f3re \u0142\u0105czy funkcje pr\u0119dko\u015bciomierza i zegara. Zajmuje si\u0119 rejestracj\u0105 funkcji<span class=\"excerpt-hellip\"> [\u2026]<\/span><\/p>\n","protected":false},"author":4,"featured_media":0,"parent":5754,"menu_order":0,"comment_status":"closed","ping_status":"closed","template":"","meta":{"footnotes":""},"class_list":["post-5718","page","type-page","status-publish","hentry"],"_links":{"self":[{"href":"https:\/\/www.linor.pl\/en\/wp-json\/wp\/v2\/pages\/5718","targetHints":{"allow":["GET"]}}],"collection":[{"href":"https:\/\/www.linor.pl\/en\/wp-json\/wp\/v2\/pages"}],"about":[{"href":"https:\/\/www.linor.pl\/en\/wp-json\/wp\/v2\/types\/page"}],"author":[{"embeddable":true,"href":"https:\/\/www.linor.pl\/en\/wp-json\/wp\/v2\/users\/4"}],"replies":[{"embeddable":true,"href":"https:\/\/www.linor.pl\/en\/wp-json\/wp\/v2\/comments?post=5718"}],"version-history":[{"count":0,"href":"https:\/\/www.linor.pl\/en\/wp-json\/wp\/v2\/pages\/5718\/revisions"}],"up":[{"embeddable":true,"href":"https:\/\/www.linor.pl\/en\/wp-json\/wp\/v2\/pages\/5754"}],"wp:attachment":[{"href":"https:\/\/www.linor.pl\/en\/wp-json\/wp\/v2\/media?parent=5718"}],"curies":[{"name":"wp","href":"https:\/\/api.w.org\/{rel}","templated":true}]}}