{"id":5720,"date":"2021-05-20T09:42:29","date_gmt":"2021-05-20T07:42:29","guid":{"rendered":"http:\/\/tkielar.pl\/linki-sprzegla\/"},"modified":"2021-06-09T17:03:09","modified_gmt":"2021-06-09T15:03:09","slug":"linki-sprzegla","status":"publish","type":"page","link":"https:\/\/www.linor.pl\/en\/oferta\/linki-sprzegla\/","title":{"rendered":"Linki sprz\u0119g\u0142a"},"content":{"rendered":"<h1>Linki samochodowe sprz\u0119g\u0142a<\/h1>\n<p style=\"text-align: justify;\"><span style=\"color: #000000;\"><a href=\"https:\/\/pl.wikipedia.org\/wiki\/Sprz\u0119g\u0142o\" target=\"_blank\" rel=\"noopener\">Sprz\u0119g\u0142o<\/a> jest urz\u0105dzeniem wykorzystywanym w samochodzie, mo\u017cna wyr\u00f3\u017cni\u0107 trzy jego rodzaje: sprz\u0119g\u0142o cierne, hydrauliczne oraz elektryczne. Fachowo jest to zesp\u00f3\u0142 cz\u0119\u015bci, kt\u00f3re stosuje si\u0119 przy po\u0142\u0105czeniu dw\u00f3ch niezale\u017cnie obrotowo osadzonych wa\u0142\u00f3w, czynnego \u2013 nap\u0119dowego i biernego \u2013 nap\u0119dzanego, w celu przeniesienia momentu obrotowego. W samochodzie sprz\u0119g\u0142o jest niezb\u0119dne, by mo\u017cna by\u0142o ruszy\u0107. Sprz\u0119g\u0142o sprawia, \u017ce takie elementy pojazdu, jak silniki, zespo\u0142y uk\u0142adu nap\u0119dowego czy mechanizmy robocze s\u0105 u\u017cytkowane jako osobne zespo\u0142y maszyny i narz\u0119dzi po\u0142\u0105czonych w monta\u017cu. Wykorzystywanie sprz\u0119g\u0142a pozwala tak\u017ce na wykonywanie przez samoch\u00f3d wielu innych zada\u0144, kt\u00f3re w innym przypadku by\u0142yby niemo\u017cliwe do zrealizowania lub potrzebowa\u0142yby do tego skomplikowanej konstrukcji. W naszym asortymencie przygotowali\u015bmy <a href=\"https:\/\/www.linor.pl\/linki-samochodowe\/\">linki samochodowe sprz\u0119g\u0142a<\/a>, kt\u00f3re gwarantuj\u0105 bezproblemowe i sprawne dzia\u0142ania sprz\u0119g\u0142a.<\/span><\/p>\n<h3 style=\"text-align: justify;\"><b>Sprz\u0119g\u0142o &#8211; samochodowe linki<\/b><\/h3>\n<p style=\"text-align: justify;\"><strong><strong>\u00a0<\/strong><\/strong><\/p>\n<p style=\"text-align: justify;\">Sprz\u0119g\u0142o, obok gazu i hamulca, jest jedn\u0105 z najwa\u017cniejszych cz\u0119\u015bci w samochodzie, bez kt\u00f3re nie da si\u0119 u\u017cytkowa\u0107 auta. Dlatego te\u017c linki samochodowe sprz\u0119g\u0142a s\u0105 r\u00f3wnie wa\u017cne. Je\u017celi ulega ona przerwaniu, w\u00f3wczas nie mamy mo\u017cliwo\u015bci jazdy i zmiany bieg\u00f3w. Natomiast wcze\u015bniej daje sygna\u0142y o mocnym zu\u017cyciu. Problemy ze sprz\u0119g\u0142em, op\u00f3\u017anione reakcje, znaczne zwi\u0119kszenie luzu przy wciskaniu sprz\u0119g\u0142a to wyra\u017ane oznaki \u015bwiadcz\u0105ce o konieczno\u015bci wymiany linki w samochodzie. Nie nale\u017cy tego zlekcewa\u017cy\u0107, ale jak najszybciej wymieni\u0107 link\u0119, zwracaj\u0105c uwag\u0119 na jako\u015b\u0107 wykonania, rodzaj materia\u0142\u00f3w i producenta. Prawid\u0142owo dzia\u0142aj\u0105ce sprz\u0119g\u0142o jest jednym z \u00a0warunk\u00f3w bezpiecznego u\u017cytkowania pojazdu.,<\/p>\n<p style=\"text-align: justify;\"><span data-sheets-value=\"[null,2,\" data-sheets-userformat=\"[null,null,15165,[null,0],null,[null,[[null,2,0,null,null,[null,2,0]],[null,0,0,3],[null,1,0,null,1]]],[null,[[null,2,0,null,null,[null,2,0]],[null,0,0,3],[null,1,0,null,1]]],[null,[[null,2,0,null,null,[null,2,0]],[null,0,0,3],[null,1,0,null,1]]],[null,[[null,2,0,null,null,[null,2,0]],[null,0,0,3],[null,1,0,null,1]]],null,null,3,0,null,[null,2,0],\">Samochodowa linka sprz\u0119g\u0142a\u00a0<\/span><\/p>\n<p style=\"text-align: justify;\"><img decoding=\"async\" class=\"alignleft\" src=\"\/wp-content\/uploads\/2021\/05\/linka-sprzegla-linor-225x300.jpg\" alt=\"Elastyczna i trwa\u0142a linka sprz\u0119g\u0142a.\" \/><\/p>\n<p style=\"text-align: justify; min-height: 320px\"><span style=\"color: #000000;\">Bez sprawnego sprz\u0119g\u0142a niemo\u017cliwe jest prawid\u0142owe i bezpieczne u\u017cytkowanie samochodu. Brak kontroli nad link\u0105 od sprz\u0119g\u0142a mo\u017ce skutkowa\u0107 niemi\u0142\u0105 niespodziank\u0105 w czasie jazdy, a tego ka\u017cdy z nas wola\u0142by unikn\u0105\u0107. Dlatego te\u017c warto pami\u0119ta\u0107 o wymianie tej linki zanim sprz\u0119g\u0142o zupe\u0142nie odm\u00f3wi nam pos\u0142usze\u0144stwa, a o problemach sygnalizuje zmianami w dzia\u0142aniu. Nasze linki tego typu s\u0105 produkowane z materia\u0142\u00f3w najlepszej jako\u015bci, dlatego kupuj\u0105c je otrzymuj\u0105 pa\u0144stwo produkt charakteryzuj\u0105cy si\u0119 solidno\u015bci\u0105, odporno\u015bci\u0105 na uszkodzenia oraz trwa\u0142o\u015bci\u0105. S\u0105 te\u017c dodatkowo wzmacniane i zabezpieczane. Warto stosowa\u0107 nasze linki sprz\u0119g\u0142a, kt\u00f3re charakteryzuj\u0105 si\u0119 tym, \u017ce znacznie zmniejszaj\u0105 si\u0142\u0119 tarcia. Niestraszna im korozja, s\u0105 wytrzyma\u0142e na zanieczyszczenia czy inne uszkodzenia mechaniczne. Linki znajduj\u0105 si\u0119 w obudowie gwarantuj\u0105cej szczelno\u015b\u0107.<\/span><strong style=\"font-weight: bold; color: #000000;\"> Polecamy linki sprz\u0119g\u0142a w atrakcyjnych cenach. Zapewniamy korzystn\u0105 wsp\u00f3\u0142prac\u0119, w razie w\u0105tpliwo\u015bci mo\u017cna si\u0119 z nami kontaktowa\u0107 e-mailowo b\u0105d\u017a te\u017c telefonicznie, ch\u0119tnie udzielimy informacji oraz odpowiemy na Pa\u0144stwa pytania.<\/strong><span style=\"color: #000000;\"> Zapraszamy do zapoznania si\u0119 ze szczeg\u00f3\u0142ami na temat najlepszych linek samochodowych przeznaczonych do sprz\u0119g\u0142a. Ju\u017c dzi\u015b mog\u0105 Pa\u0144stwo zaopatrzy\u0107 si\u0119 w najwy\u017cszej jako\u015bci linki samochodowe dost\u0119pne w naszej ofercie.<\/span><\/p>\n<h3><\/h3>\n<h3>Linki sprz\u0119g\u0142a s\u0105 dost\u0119pne dla poni\u017cszych marek samochod\u00f3w<\/h3>\n<div style=\"width: 30%; float: left; display: block;\">\n<ul>\n<li>Alfa Romeo<\/li>\n<li>Audi<\/li>\n<li>BMW<\/li>\n<li>Chrysler<\/li>\n<li>Citroen<\/li>\n<li>Dacia<\/li>\n<li>Daewoo<\/li>\n<li>Daf<\/li>\n<li>Daihatsu<\/li>\n<li>Fiat<\/li>\n<li>Ford<\/li>\n<li>Fsm<\/li>\n<li>Fso<\/li>\n<li>Honda<\/li>\n<\/ul>\n<\/div>\n<div style=\"width: 30%; float: left; display: block;\">\n<ul>\n<li>Ifa<\/li>\n<li>Isuzu<\/li>\n<li>Iveco<\/li>\n<li>Jeep<\/li>\n<li>Kia<\/li>\n<li>Lancia<\/li>\n<li>Land Rover<\/li>\n<li>Mazda<\/li>\n<li>Mercedes<\/li>\n<li>Mini Morris<\/li>\n<li>Mitsubishi<\/li>\n<li>Moskwicz<\/li>\n<li>Nysa<\/li>\n<li>Opel<\/li>\n<\/ul>\n<\/div>\n<div style=\"width: 30%; float: left; display: block;\">\n<ul>\n<li>Peugeot<\/li>\n<li>Pontiac<\/li>\n<li>Rover<\/li>\n<li>Seat<\/li>\n<li>Skoda<\/li>\n<li>Smart<\/li>\n<li>Star<\/li>\n<li>Suzuki<\/li>\n<li>Toyota<\/li>\n<li>Trabant<\/li>\n<li>Volkswagen<\/li>\n<li>Volvo<\/li>\n<li>Zaz<\/li>\n<li>\u0141ada<\/li>\n<\/ul>\n<\/div>\n<h3 class=\"custom-topic-header\">\n<span class=\"custom-topic-text\">Linki sprz\u0119g\u0142a<\/span><br \/>\n<\/h3>\n<div class=\"under-post-category-products\">\n<div class=\"woocommerce columns-4 \"><\/div>\n<\/div>\n","protected":false},"excerpt":{"rendered":"<p>Linki samochodowe sprz\u0119g\u0142a Sprz\u0119g\u0142o jest urz\u0105dzeniem wykorzystywanym w samochodzie, mo\u017cna wyr\u00f3\u017cni\u0107 trzy jego rodzaje: sprz\u0119g\u0142o cierne, hydrauliczne oraz elektryczne. Fachowo jest to zesp\u00f3\u0142 cz\u0119\u015bci, kt\u00f3re stosuje<span class=\"excerpt-hellip\"> [\u2026]<\/span><\/p>\n","protected":false},"author":4,"featured_media":0,"parent":5754,"menu_order":0,"comment_status":"closed","ping_status":"closed","template":"","meta":{"footnotes":""},"class_list":["post-5720","page","type-page","status-publish","hentry"],"_links":{"self":[{"href":"https:\/\/www.linor.pl\/en\/wp-json\/wp\/v2\/pages\/5720","targetHints":{"allow":["GET"]}}],"collection":[{"href":"https:\/\/www.linor.pl\/en\/wp-json\/wp\/v2\/pages"}],"about":[{"href":"https:\/\/www.linor.pl\/en\/wp-json\/wp\/v2\/types\/page"}],"author":[{"embeddable":true,"href":"https:\/\/www.linor.pl\/en\/wp-json\/wp\/v2\/users\/4"}],"replies":[{"embeddable":true,"href":"https:\/\/www.linor.pl\/en\/wp-json\/wp\/v2\/comments?post=5720"}],"version-history":[{"count":0,"href":"https:\/\/www.linor.pl\/en\/wp-json\/wp\/v2\/pages\/5720\/revisions"}],"up":[{"embeddable":true,"href":"https:\/\/www.linor.pl\/en\/wp-json\/wp\/v2\/pages\/5754"}],"wp:attachment":[{"href":"https:\/\/www.linor.pl\/en\/wp-json\/wp\/v2\/media?parent=5720"}],"curies":[{"name":"wp","href":"https:\/\/api.w.org\/{rel}","templated":true}]}}