{"id":5725,"date":"2021-05-20T09:39:27","date_gmt":"2021-05-20T07:39:27","guid":{"rendered":"http:\/\/tkielar.pl\/linki-regulacji-fotela\/"},"modified":"2021-06-09T17:02:49","modified_gmt":"2021-06-09T15:02:49","slug":"linki-regulacji-fotela","status":"publish","type":"page","link":"https:\/\/www.linor.pl\/en\/oferta\/linki-regulacji-fotela\/","title":{"rendered":"Linki regulacji fotela"},"content":{"rendered":"<h1>Linki samochodowe regulacji fotela<\/h1>\n<p style=\"text-align: justify;\"><span style=\"color: #000000;\"><a href=\"https:\/\/pl.wikipedia.org\/wiki\/Fotel_samochodowy#Regulacja_fotela\" target=\"_blank\" rel=\"noopener\">Fotel samochodowy<\/a> musi by\u0107 tak ustawiony, by zapewnia\u0142 bezpieczn\u0105, wygodn\u0105 oraz jak najbardziej komfortow\u0105 i ergonomiczn\u0105 jazd\u0119. Ka\u017cdy kierowca musi dopasowa\u0107 fotel do swoich potrzeb i oczekiwa\u0144. R\u00f3wnie\u017c pasa\u017cerowie mog\u0105 regulowa\u0107 swoje fotele dla wi\u0119kszej wygody podczas jazdy. Systemy regulacji fotela posiadaj\u0105 linki, kt\u00f3rych sprawno\u015b\u0107 jest wyj\u0105tkowo wa\u017cna, gdy z samochodu korzysta wi\u0119cej ni\u017c jedna osoba, poniewa\u017c ka\u017cda z nich b\u0119dzie zapewne chcie\u0107 indywidualnie ustawi\u0107 fotel kierowcy, aby komfortowo u\u017cytkowa\u0107 pojazd. I dlatego te\u017c takie <a href=\"https:\/\/www.linor.pl\/linki-samochodowe\/\">linki samochodowe regulacji fotela<\/a> kierowcy oraz pasa\u017cera mo\u017cna znale\u017a\u0107 w naszym asortymencie. Podobnie jak kierowcy dbaj\u0105 o bezpiecze\u0144stwo i komfort jazdy, tak my dbamy o jako\u015b\u0107 i wykonanie naszych linek. W naszej ofercie znajd\u0105 Pa\u0144stwo szerok\u0105 gam\u0119 marek samochod\u00f3w, do kt\u00f3rych mo\u017cna dopasowa\u0107 linki pe\u0142ni\u0105ce r\u00f3\u017cne funkcje. Niezale\u017cnie od tego, do kt\u00f3rej cz\u0119\u015bci samochodu s\u0142u\u017cy linka samochodowa, zawsze powinna by\u0107 dobrej jako\u015bci ze wzgl\u0119du na komfort i bezpiecze\u0144stwo u\u017cytkowania samochodu. Zapraszamy do zapoznania si\u0119 ze szczeg\u00f3\u0142ami naszej oferty.<\/span><\/p>\n<h3 style=\"text-align: justify;\"><b>Fotel samochodowy regulacja za pomoc\u0105 linki<\/b><\/h3>\n<p style=\"text-align: justify;\">Informacja, i\u017c mechanizm regulacji fotela samochodowego opiera si\u0119 na lince, mo\u017ce by\u0107 dla nowych u\u017cytkownik\u00f3w aut zaskoczeniem. Jednak tak w\u0142a\u015bnie jest, podobnie jak z otwieraniem maski samochodu, kabiny i wielu innych rzeczy w aucie. Fotel w samochodzie musi by\u0107 dobrze ustawiony, nie tylko ze wzgl\u0119du na komfort kierowcy, ale r\u00f3wnie\u017c bezpiecze\u0144stwo i odpowiednia widoczno\u015b\u0107. Tak samo lusterka musz\u0105 by\u0107 dobrze wyregulowane. Je\u017celi zauwa\u017cymy problemy z regulacj\u0105 fotela lub brak mo\u017cliwo\u015bci ustawienia go, w\u00f3wczas powinni\u015bmy dok\u0142adnie sprawdzi\u0107 linki i pewnie b\u0119dzie konieczno\u015b\u0107 wymiany. W\u00f3wczas warto zwraca\u0107 uwag\u0119 na to, aby linki regulacji fotela by\u0142y od sprawdzonego producenta i najwy\u017cszej jako\u015bci.<strong><strong>\u00a0<img decoding=\"async\" class=\"alignleft\" src=\"\/wp-content\/uploads\/2021\/05\/linka-regulacji-fotela-linor-300x169.jpg\" alt=\"Trwa\u0142a i solidna linka regulacji fotela.\" \/><\/strong><\/strong><\/p>\n<p style=\"text-align: justify;\"><span data-sheets-value=\"[null,2,\" data-sheets-userformat=\"[null,null,15167,[null,0],[null,2,16777215],[null,[[null,2,0,null,null,[null,2,0]],[null,0,0,3],[null,1,0,null,1]]],[null,[[null,2,0,null,null,[null,2,0]],[null,0,0,3],[null,1,0,null,1]]],[null,[[null,2,0,null,null,[null,2,0]],[null,0,0,3],[null,1,0,null,1]]],[null,[[null,2,0,null,null,[null,2,0]],[null,0,0,3],[null,1,0,null,1]]],null,null,3,0,null,[null,2,0],\">Samochodowa linka regulacja fotela<\/span><br style=\"color: #000000;\" \/><br style=\"color: #000000;\" \/><span style=\"color: #000000;\"> Nasze linki tego typu s\u0105 solidne, trwa\u0142e i odporne na wszelkie uszkodzenia. Wszystkie te produkty s\u0105 wykonane z materia\u0142\u00f3w najlepszej jako\u015bci, s\u0105 dodatkowo wzmacnianie i zabezpieczane. Wszystkie dost\u0119pne w naszej ofercie linki regulacji fotela s\u0105 dopasowane do konkretnych marek samochodowych. Zapraszamy do zapoznania si\u0119 z nasz\u0105 bogat\u0105 ofert\u0105 oraz do zakupu naszych linek, polecamy je w korzystnych dla Pa\u0144stwa cenach. W razie jakichkolwiek pyta\u0144 czy w\u0105tpliwo\u015bci mo\u017cna si\u0119 z nami kontaktowa\u0107, ch\u0119tnie pomo\u017cemy. <\/span><strong style=\"font-weight: bold; color: #000000;\">Polecamy najlepsze linki regulacji fotela!<\/strong><\/p>\n<h3>Linki regulacji fotela dost\u0119pne s\u0105 dla poni\u017cszych marek samochod\u00f3w<\/h3>\n<div style=\"width: 30%; float: left; display: block;\">\n<ul>\n<li>Alfa Romeo<\/li>\n<li>Audi<\/li>\n<li>BMW<\/li>\n<li>Chrysler<\/li>\n<li>Citroen<\/li>\n<li>Dacia<\/li>\n<li>Daewoo<\/li>\n<li>Daf<\/li>\n<li>Daihatsu<\/li>\n<li>Fiat<\/li>\n<li>Ford<\/li>\n<li>Fsm<\/li>\n<li>Fso<\/li>\n<li>Honda<\/li>\n<\/ul>\n<\/div>\n<div style=\"width: 30%; float: left; display: block;\">\n<ul>\n<li>Ifa<\/li>\n<li>Isuzu<\/li>\n<li>Iveco<\/li>\n<li>Jeep<\/li>\n<li>Kia<\/li>\n<li>Lancia<\/li>\n<li>Land Rover<\/li>\n<li>Mazda<\/li>\n<li>Mercedes<\/li>\n<li>Mini Morris<\/li>\n<li>Mitsubishi<\/li>\n<li>Moskwicz<\/li>\n<li>Nysa<\/li>\n<li>Opel<\/li>\n<\/ul>\n<\/div>\n<div style=\"width: 30%; float: left; display: block;\">\n<ul>\n<li>Peugeot<\/li>\n<li>Pontiac<\/li>\n<li>Rover<\/li>\n<li>Seat<\/li>\n<li>Skoda<\/li>\n<li>Smart<\/li>\n<li>Star<\/li>\n<li>Suzuki<\/li>\n<li>Toyota<\/li>\n<li>Trabant<\/li>\n<li>Volkswagen<\/li>\n<li>Volvo<\/li>\n<li>Zaz<\/li>\n<li>\u0141ada<\/li>\n<\/ul>\n<\/div>\n<div style=\"clear: both;\"><\/div>\n<h3 class=\"custom-topic-header\">\n<span class=\"custom-topic-text\">Linki regulacji fotela<\/span><br \/>\n<\/h3>\n<div class=\"under-post-category-products\">\n<div class=\"woocommerce columns-4 \"><\/div>\n<\/div>\n","protected":false},"excerpt":{"rendered":"<p>Linki samochodowe regulacji fotela Fotel samochodowy musi by\u0107 tak ustawiony, by zapewnia\u0142 bezpieczn\u0105, wygodn\u0105 oraz jak najbardziej komfortow\u0105 i ergonomiczn\u0105 jazd\u0119. Ka\u017cdy kierowca musi dopasowa\u0107 fotel<span class=\"excerpt-hellip\"> [\u2026]<\/span><\/p>\n","protected":false},"author":4,"featured_media":0,"parent":5754,"menu_order":0,"comment_status":"closed","ping_status":"closed","template":"","meta":{"footnotes":""},"class_list":["post-5725","page","type-page","status-publish","hentry"],"_links":{"self":[{"href":"https:\/\/www.linor.pl\/en\/wp-json\/wp\/v2\/pages\/5725","targetHints":{"allow":["GET"]}}],"collection":[{"href":"https:\/\/www.linor.pl\/en\/wp-json\/wp\/v2\/pages"}],"about":[{"href":"https:\/\/www.linor.pl\/en\/wp-json\/wp\/v2\/types\/page"}],"author":[{"embeddable":true,"href":"https:\/\/www.linor.pl\/en\/wp-json\/wp\/v2\/users\/4"}],"replies":[{"embeddable":true,"href":"https:\/\/www.linor.pl\/en\/wp-json\/wp\/v2\/comments?post=5725"}],"version-history":[{"count":0,"href":"https:\/\/www.linor.pl\/en\/wp-json\/wp\/v2\/pages\/5725\/revisions"}],"up":[{"embeddable":true,"href":"https:\/\/www.linor.pl\/en\/wp-json\/wp\/v2\/pages\/5754"}],"wp:attachment":[{"href":"https:\/\/www.linor.pl\/en\/wp-json\/wp\/v2\/media?parent=5725"}],"curies":[{"name":"wp","href":"https:\/\/api.w.org\/{rel}","templated":true}]}}