{"id":5727,"date":"2021-05-20T09:37:30","date_gmt":"2021-05-20T07:37:30","guid":{"rendered":"http:\/\/tkielar.pl\/predkosciomierza\/"},"modified":"2021-06-09T17:03:46","modified_gmt":"2021-06-09T15:03:46","slug":"predkosciomierza","status":"publish","type":"page","link":"https:\/\/www.linor.pl\/en\/oferta\/predkosciomierza\/","title":{"rendered":"Pr\u0119dko\u015bciomierza"},"content":{"rendered":"<h1>Link samochodowe pr\u0119dko\u015bciomierza<\/h1>\n<p style=\"text-align: justify;\"><span style=\"color: #333333;\"><span><span style=\"font-size: small;\"><a href=\"https:\/\/pl.wikipedia.org\/wiki\/Pr\u0119dko\u015bciomierz_(motoryzacja)\" target=\"_blank\" rel=\"noopener\">Pr\u0119dko\u015bciomierz<\/a> bywa inaczej nazywany r\u00f3wnie\u017c szybko\u015bciomierzem. Jest to urz\u0105dzenie, kt\u00f3re ma za zadanie mierzy\u0107 pr\u0119dko\u015b\u0107 pojazdu. Umieszcza si\u0119 go zwykle na tylnej cz\u0119\u015bci wa\u0142u nap\u0119dowego, tam specjalny czujnik przekszta\u0142ca obroty mechaniczne na impulsy elektryczne. Dzi\u0119ki temu kierowca mo\u017ce na bie\u017c\u0105co kontrolowa\u0107, z jak\u0105 pr\u0119dko\u015bci\u0105 jedzie i czy odpowiada ona warunkom na drodze oraz przepisom ruchu drogowego. Zdarza si\u0119, \u017ce pr\u0119dko\u015bciomierze s\u0105 projektowane tak, by wskazywa\u0107 wi\u0119ksz\u0105 pr\u0119dko\u015b\u0107 ni\u017c w rzeczywisto\u015bci \u2013 po to, by uchroni\u0107 kierowc\u00f3w przed przekraczaniem tej dozwolonej liczby kilometr\u00f3w na godzin\u0119. R\u00f3\u017cnica w \u015brednicy k\u00f3\u0142 wynikaj\u0105ca ze stanu ci\u015bnienia powietrza, kt\u00f3re si\u0119 w nich znajduje sprawia, \u017ce pr\u0119dko\u015bciomierz mo\u017ce by\u0107 niedok\u0142adny. Wyr\u00f3\u017cniamy tak\u017ce pr\u0119dko\u015bciomierze elektroniczne (czujnik obrot\u00f3w dostarcza impuls w momencie zako\u0144czenia obrotu, impuls ten jest przekszta\u0142cany przez komputer i zamieniamy na cyfry) oraz GPS-y, kt\u00f3re r\u00f3wnie mog\u0105 wykonywa\u0107 pomiar pr\u0119dko\u015bci. Pr\u0119dko\u015bciomierz r\u00f3wnie\u017c s\u0105 wyposa\u017cone w linki \u2013 i takie <a href=\"https:\/\/www.linor.pl\/linki-samochodowe\/\">linki samochodowe pr\u0119dko\u015bciomierza<\/a> produkujemy i oferujemy.<\/span><\/span><\/span><\/p>\n<p><span data-sheets-value=\"[null,2,\" data-sheets-userformat=\"[null,null,15167,[null,0],[null,2,16777215],[null,[[null,2,0,null,null,[null,2,0]],[null,0,0,3],[null,1,0,null,1]]],[null,[[null,2,0,null,null,[null,2,0]],[null,0,0,3],[null,1,0,null,1]]],[null,[[null,2,0,null,null,[null,2,0]],[null,0,0,3],[null,1,0,null,1]]],[null,[[null,2,0,null,null,[null,2,0]],[null,0,0,3],[null,1,0,null,1]]],null,null,3,0,null,[null,2,0],\">Samochodowa linka pr\u0119dko\u015bciomierze<\/span><\/p>\n<h3><b>Samochodowa linka<\/b><\/h3>\n<p><strong><strong>\u00a0<\/strong><\/strong><\/p>\n<p style=\"text-align: justify;\">Pr\u0119dko\u015bciomierz, podobnie jak wiele innych ma\u0142ych, ale wa\u017cnych cz\u0119\u015bci w samochodzie, dzia\u0142a na lince. Je\u017celi ona ulega uszkodzeniu, przetarciu, w\u00f3wczas szybko\u015bciomierz nie b\u0119dzie dzia\u0142a prawid\u0142owo, a kieruj\u0105cy pojazdem mo\u017ce sporo pomyli\u0107 si\u0119 co do pr\u0119dko\u015bci auta i mie\u0107 problemy z dostosowaniem jej do panuj\u0105cych warunk\u00f3w i przepis\u00f3w. Je\u017celi natomiast linka p\u0119dko\u015bciomierza ulegnie zupe\u0142nemu przerwaniu, urz\u0105dzenie nie b\u0119dzie dzia\u0142a\u0107 i wtedy skazani jeste\u015bmy na subiektywn\u0105, w\u0142asn\u0105, ocen\u0119 osi\u0105ganej pr\u0119dko\u015bci samochodu. Warto dba\u0107, aby linki samochodowe pr\u0119dko\u015bciomierza by\u0142y jak najwy\u017cszej jako\u015bci, pochodzi\u0142y od dobrego producenta, kt\u00f3ry dba o jako\u015b\u0107 wykonania i materia\u0142\u00f3w.<\/p>\n<p style=\"text-align: justify;\"><span style=\"color: #333333;\"><span><span style=\"font-size: small;\"><img decoding=\"async\" class=\"alignleft\" src=\"\/wp-content\/uploads\/2021\/05\/linka-predkosciomierza-linor-300x169.jpg\" alt=\"Najlepsza samochodowa linka pr\u0119dko\u015bciomierze.\" \/><strong>Linki samochodowe pr\u0119dko\u015bciomierza, jak wszystkie inne cz\u0119\u015bci w samochodzie, ulegaj\u0105 z czasem zu\u017cyciu<\/strong> i zniszczeniu. Niesprawna linka w tym urz\u0105dzeniu mo\u017ce przyczyni\u0107 si\u0119 do b\u0142\u0119dnego lub te\u017c zerowego odczytu pr\u0119dko\u015bci w czasie jazdy, a to mo\u017ce by\u0107 niebezpieczne oraz mo\u017ce przysporzy\u0107 nam wiele problem\u00f3w ze strony str\u00f3\u017c\u00f3w prawa. Nikt z nas nie chcia\u0142by otrzyma\u0107 mandatu za przekroczenie pr\u0119dko\u015bci z powodu niesprawnej linki w pr\u0119dko\u015bciomierzu, kt\u00f3ra w \u017cadnym wypadku nie mo\u017ce by\u0107 usprawiedliwieniem dla przekraczania pr\u0119dko\u015bci. Zawsze trzeba pami\u0119ta\u0107 o tym, aby instalowa\u0107 link\u0119 wysokiej jako\u015bci. Nasze linki pr\u0119dko\u015bciomierza s\u0105 bardzo solidne. Wykonane z doskona\u0142ych jako\u015bciowo materia\u0142\u00f3w gwarantuj\u0105 bezpieczne dzia\u0142anie, s\u0105 dodatkowo wzmacniane. Gwarantujemy ich trwa\u0142o\u015b\u0107. Oferowane przez nas linki pr\u0119dko\u015bciomierza charakteryzuje minimalizacja si\u0142y tarcia,szczelno\u015b\u0107 oraz odporno\u015b\u0107 na korozj\u0119, zanieczyszczenia i uszkodzenia mechaniczne. <\/span><\/span><\/span><span style=\"color: #333333;\"><span><span style=\"font-size: small;\">W naszym asortymencie polecamy linki pr\u0119dko\u015bciomierza przeznaczone do konkretnych marek samochod\u00f3w.<\/span><\/span><\/span> <span style=\"color: #333333;\"><span><span>Zapraszamy do zapoznania si\u0119 ze szczeg\u00f3\u0142ami. Oferujemy nasze linki w korzystnych cenach. Czekamy r\u00f3wnie\u017c na e-maile oraz telefony, z ch\u0119ci\u0105 odpowiemy na Pa\u0144stwa pytania odno\u015bnie naszych produkt\u00f3w.<\/span><\/span><\/span><\/p>\n<h3>Linki pr\u0119dko\u015bciomierza dost\u0119pne s\u0105 dla poni\u017cszych marek samochod\u00f3w<\/h3>\n<div style=\"width: 30%; float: left; display: block;\">\n<ul>\n<li>Alfa Romeo<\/li>\n<li>Audi<\/li>\n<li>BMW<\/li>\n<li>Chrysler<\/li>\n<li>Citroen<\/li>\n<li>Dacia<\/li>\n<li>Daewoo<\/li>\n<li>Daf<\/li>\n<li>Daihatsu<\/li>\n<li>Fiat<\/li>\n<li>Ford<\/li>\n<li>Fsm<\/li>\n<li>Fso<\/li>\n<li>Honda<\/li>\n<\/ul>\n<\/div>\n<div style=\"width: 30%; float: left; display: block;\">\n<ul>\n<li>Ifa<\/li>\n<li>Isuzu<\/li>\n<li>Iveco<\/li>\n<li>Jeep<\/li>\n<li>Kia<\/li>\n<li>Lancia<\/li>\n<li>Land Rover<\/li>\n<li>Mazda<\/li>\n<li>Mercedes<\/li>\n<li>Mini Morris<\/li>\n<li>Mitsubishi<\/li>\n<li>Moskwicz<\/li>\n<li>Nysa<\/li>\n<li>Opel<\/li>\n<\/ul>\n<\/div>\n<div style=\"width: 30%; float: left; display: block;\">\n<ul>\n<li>Peugeot<\/li>\n<li>Pontiac<\/li>\n<li>Rover<\/li>\n<li>Seat<\/li>\n<li>Skoda<\/li>\n<li>Smart<\/li>\n<li>Star<\/li>\n<li>Suzuki<\/li>\n<li>Toyota<\/li>\n<li>Trabant<\/li>\n<li>Volkswagen<\/li>\n<li>Volvo<\/li>\n<li>Zaz<\/li>\n<li>\u0141ada<\/li>\n<\/ul>\n<\/div>\n<h3 class=\"custom-topic-header\">\n<span class=\"custom-topic-text\">pr\u0119dko\u015bciomierza<\/span><br \/>\n<\/h3>\n<div class=\"under-post-category-products\">\n<div class=\"woocommerce columns-4 \"><\/div>\n<\/div>\n","protected":false},"excerpt":{"rendered":"<p>Link samochodowe pr\u0119dko\u015bciomierza Pr\u0119dko\u015bciomierz bywa inaczej nazywany r\u00f3wnie\u017c szybko\u015bciomierzem. Jest to urz\u0105dzenie, kt\u00f3re ma za zadanie mierzy\u0107 pr\u0119dko\u015b\u0107 pojazdu. Umieszcza si\u0119 go zwykle na tylnej cz\u0119\u015bci<span class=\"excerpt-hellip\"> [\u2026]<\/span><\/p>\n","protected":false},"author":4,"featured_media":0,"parent":5754,"menu_order":0,"comment_status":"closed","ping_status":"closed","template":"","meta":{"footnotes":""},"class_list":["post-5727","page","type-page","status-publish","hentry"],"_links":{"self":[{"href":"https:\/\/www.linor.pl\/en\/wp-json\/wp\/v2\/pages\/5727","targetHints":{"allow":["GET"]}}],"collection":[{"href":"https:\/\/www.linor.pl\/en\/wp-json\/wp\/v2\/pages"}],"about":[{"href":"https:\/\/www.linor.pl\/en\/wp-json\/wp\/v2\/types\/page"}],"author":[{"embeddable":true,"href":"https:\/\/www.linor.pl\/en\/wp-json\/wp\/v2\/users\/4"}],"replies":[{"embeddable":true,"href":"https:\/\/www.linor.pl\/en\/wp-json\/wp\/v2\/comments?post=5727"}],"version-history":[{"count":0,"href":"https:\/\/www.linor.pl\/en\/wp-json\/wp\/v2\/pages\/5727\/revisions"}],"up":[{"embeddable":true,"href":"https:\/\/www.linor.pl\/en\/wp-json\/wp\/v2\/pages\/5754"}],"wp:attachment":[{"href":"https:\/\/www.linor.pl\/en\/wp-json\/wp\/v2\/media?parent=5727"}],"curies":[{"name":"wp","href":"https:\/\/api.w.org\/{rel}","templated":true}]}}