{"id":5729,"date":"2021-05-20T09:35:22","date_gmt":"2021-05-20T07:35:22","guid":{"rendered":"http:\/\/tkielar.pl\/podnoszenia-kabiny\/"},"modified":"2021-06-09T17:03:40","modified_gmt":"2021-06-09T15:03:40","slug":"podnoszenia-kabiny","status":"publish","type":"page","link":"https:\/\/www.linor.pl\/en\/oferta\/podnoszenia-kabiny\/","title":{"rendered":"Podnoszenia kabiny"},"content":{"rendered":"<h1>Linki samochodowe podnoszenia kabiny<\/h1>\n<p style=\"text-align: justify;\"><span style=\"color: #000000;\"><span><span style=\"font-size: small;\">W ka\u017cdym samochodzie trzeba wymienia\u0107 co jaki\u015b czas nie tylko linki, ale r\u00f3wnie\u017c inne cz\u0119\u015bci, kt\u00f3re ulegaj\u0105 eksploatacji. Instalacja cz\u0119\u015bci niepewnego pochodzenia i wykonania mo\u017ce mie\u0107 fatalny skutek w czasie u\u017cytkowania samochodu i powa\u017cnie wp\u0142yn\u0105\u0107 na bezpiecze\u0144stwo i komfort podczas prowadzenia pojazdu. Dlatego warto, dbaj\u0105c o bezpiecze\u0144stwo i komfort jazdy, montowa\u0107 <a href=\"https:\/\/www.linor.pl\/linki-samochodowe\/\">linki samochodowe podnoszenia kabiny<\/a> certyfikowane przez renomowane firmy. Podnoszenie kabiny to ca\u0142y mechanizm, z kt\u00f3rym mo\u017cna si\u0119 spotka\u0107 w tylko niekt\u00f3rych rodzajach pojazd\u00f3w. S\u0105 to cz\u0119\u015bci uk\u0142ad\u00f3w pneumatycznych oraz hydraulicznych do samochod\u00f3w ci\u0119\u017carowych, naczep na osiach czy autokar\u00f3w. By takie kabiny mog\u0142y by\u0107 podnoszone, musz\u0105 by\u0107 wyposa\u017cone w sprawne i wysokie jako\u015bciowo linki. I takie w\u0142a\u015bnie linki samochodowe podnoszenia kabiny mo\u017cna znale\u017a\u0107 w\u015br\u00f3d oferowanego przez nasz\u0105 firm\u0119 asortymentu. Zapraszamy do zapoznania si\u0119 ze szczeg\u00f3\u0142ami.<\/span><\/span><\/span><\/p>\n<p style=\"text-align: justify;\"><span data-sheets-value=\"[null,2,\" data-sheets-userformat=\"[null,null,15167,[null,0],[null,2,16777215],[null,[[null,2,0,null,null,[null,2,0]],[null,0,0,3],[null,1,0,null,1]]],[null,[[null,2,0,null,null,[null,2,0]],[null,0,0,3],[null,1,0,null,1]]],[null,[[null,2,0,null,null,[null,2,0]],[null,0,0,3],[null,1,0,null,1]]],[null,[[null,2,0,null,null,[null,2,0]],[null,0,0,3],[null,1,0,null,1]]],null,null,3,0,null,[null,2,0],\">Samochodowa linka podnoszenia kabin<\/span><\/p>\n<h3><b>Podnoszenie kabiny i linka<\/b><\/h3>\n<p><strong><strong>\u00a0<img decoding=\"async\" class=\"alignleft\" src=\"\/wp-content\/uploads\/2021\/05\/linka-podnoszenia-kabiny-linor-225x300.jpg\" alt=\"Linka podnoszenia kabiny od sprawdzonego producenta.\" \/><\/strong><\/strong><\/p>\n<p style=\"text-align: justify;\">Linki podnoszenia kabiny w <a href=\"https:\/\/pl.wikipedia.org\/wiki\/Samoch\u00f3d_osobowy\" target=\"_blank\" rel=\"noopener\">samochodzie<\/a> r\u00f3wnie\u017c powinny by\u0107 regularnie wymieniane, lub przynajmniej wtedy gdy zauwa\u017cymy problemy. Nie ma sensu czeka\u0107 a\u017c taka linka ulegnie zupe\u0142nemu przerwaniu lub przetarciu. Technika wykonania linki r\u00f3wnie\u017c powie nam wiele o tym, czy jest bardziej wytrzyma\u0142a czy elastyczna. Wymieniaj\u0105c link\u0119 podnoszenia kabiny, musimy wybra\u0107 odpowiedni\u0105 dopasowan\u0105 do modelu i marki samochodu, oraz najelpiej roku produkcji auta. Samochody bowiem r\u00f3\u017cni\u0105 si\u0119 uk\u0142adami, sposobem monta\u017cu i rodzajem linek stosowanych przy produkcji. Warto r\u00f3wnie\u017c dba\u0107 o to, aby linki by\u0142y od sprawdzonego producenta i najwy\u017cszej jako\u015bci.<\/p>\n<p style=\"text-align: justify;\"><span style=\"color: #000000;\"><span><span style=\"font-size: small;\">Linki tego typu s\u0105 wykonane z materia\u0142\u00f3w doskona\u0142ej jako\u015bci \u2013 dodatkowo zabezpieczonych i wzmocnionych. S\u0105 zatem solidne, trwa\u0142e i odporne na uszkodzenia. Gwarantuj\u0105 bezpieczne podnoszenie kabiny. W naszej ofercie mo\u017cna znale\u017a\u0107 linki dopasowane do konkretnych marek samochodowych. Zapraszamy do zakupu a w razie pyta\u0144 czy w\u0105tpliwo\u015bci czekamy na maile lub telefony, z ch\u0119ci\u0105 odpowiemy na Pa\u0144stwa pytania. <\/span><\/span><\/span><span style=\"color: #000000;\"><span><span style=\"font-size: small;\">Przygotowali\u015bmy bardzo korzystne ceny i atrakcyjne warunki wsp\u00f3\u0142pracy. Polecamy nasze linki podnoszenia kabiny! Nie czekaj, ju\u017c teraz zapoznaj si\u0119 z nasz\u0105 ofert\u0105 i skorzystaj z produkt\u00f3w o bardzo wysokiej jako\u015bci.<\/span><\/span><\/span><\/p>\n<h3>Linki podnoszenia kabiny dost\u0119pne s\u0105 dla poszczeg\u00f3lnych marek samochod\u00f3w<\/h3>\n<div style=\"width: 30%; float: left; display: block;\">\n<ul>\n<li>Alfa Romeo<\/li>\n<li>Audi<\/li>\n<li>BMW<\/li>\n<li>Chrysler<\/li>\n<li>Citroen<\/li>\n<li>Dacia<\/li>\n<li>Daewoo<\/li>\n<li>Daf<\/li>\n<li>Daihatsu<\/li>\n<li>Fiat<\/li>\n<li>Ford<\/li>\n<li>Fsm<\/li>\n<li>Fso<\/li>\n<li>Honda<\/li>\n<\/ul>\n<\/div>\n<div style=\"width: 30%; float: left; display: block;\">\n<ul>\n<li>Ifa<\/li>\n<li>Isuzu<\/li>\n<li>Iveco<\/li>\n<li>Jeep<\/li>\n<li>Kia<\/li>\n<li>Lancia<\/li>\n<li>Land Rover<\/li>\n<li>Mazda<\/li>\n<li>Mercedes<\/li>\n<li>Mini Morris<\/li>\n<li>Mitsubishi<\/li>\n<li>Moskwicz<\/li>\n<li>Nysa<\/li>\n<li>Opel<\/li>\n<\/ul>\n<\/div>\n<div style=\"width: 30%; float: left; display: block;\">\n<ul>\n<li>Peugeot<\/li>\n<li>Pontiac<\/li>\n<li>Rover<\/li>\n<li>Seat<\/li>\n<li>Skoda<\/li>\n<li>Smart<\/li>\n<li>Star<\/li>\n<li>Suzuki<\/li>\n<li>Toyota<\/li>\n<li>Trabant<\/li>\n<li>Volkswagen<\/li>\n<li>Volvo<\/li>\n<li>Zaz<\/li>\n<li>\u0141ada<\/li>\n<\/ul>\n<\/div>\n<h3 class=\"custom-topic-header\">\n<span class=\"custom-topic-text\">Podnoszenia kabiny<\/span><br \/>\n<\/h3>\n<div class=\"under-post-category-products\">\n<div class=\"woocommerce columns-4 \"><\/div>\n<\/div>\n","protected":false},"excerpt":{"rendered":"<p>Linki samochodowe podnoszenia kabiny W ka\u017cdym samochodzie trzeba wymienia\u0107 co jaki\u015b czas nie tylko linki, ale r\u00f3wnie\u017c inne cz\u0119\u015bci, kt\u00f3re ulegaj\u0105 eksploatacji. Instalacja cz\u0119\u015bci niepewnego pochodzenia<span class=\"excerpt-hellip\"> [\u2026]<\/span><\/p>\n","protected":false},"author":4,"featured_media":0,"parent":5754,"menu_order":0,"comment_status":"closed","ping_status":"closed","template":"","meta":{"footnotes":""},"class_list":["post-5729","page","type-page","status-publish","hentry"],"_links":{"self":[{"href":"https:\/\/www.linor.pl\/en\/wp-json\/wp\/v2\/pages\/5729","targetHints":{"allow":["GET"]}}],"collection":[{"href":"https:\/\/www.linor.pl\/en\/wp-json\/wp\/v2\/pages"}],"about":[{"href":"https:\/\/www.linor.pl\/en\/wp-json\/wp\/v2\/types\/page"}],"author":[{"embeddable":true,"href":"https:\/\/www.linor.pl\/en\/wp-json\/wp\/v2\/users\/4"}],"replies":[{"embeddable":true,"href":"https:\/\/www.linor.pl\/en\/wp-json\/wp\/v2\/comments?post=5729"}],"version-history":[{"count":0,"href":"https:\/\/www.linor.pl\/en\/wp-json\/wp\/v2\/pages\/5729\/revisions"}],"up":[{"embeddable":true,"href":"https:\/\/www.linor.pl\/en\/wp-json\/wp\/v2\/pages\/5754"}],"wp:attachment":[{"href":"https:\/\/www.linor.pl\/en\/wp-json\/wp\/v2\/media?parent=5729"}],"curies":[{"name":"wp","href":"https:\/\/api.w.org\/{rel}","templated":true}]}}