{"id":5732,"date":"2021-05-20T09:17:42","date_gmt":"2021-05-20T07:17:42","guid":{"rendered":"http:\/\/tkielar.pl\/otwierania-maski\/"},"modified":"2021-06-09T17:03:33","modified_gmt":"2021-06-09T15:03:33","slug":"otwierania-maski","status":"publish","type":"page","link":"https:\/\/www.linor.pl\/en\/oferta\/otwierania-maski\/","title":{"rendered":"Otwierania maski"},"content":{"rendered":"<h1>Linki samochodowe otwierania maski<\/h1>\n<p style=\"text-align: justify;\"><span style=\"color: #000000;\"><span><span style=\"font-size: small;\">Maska samochodowa zabezpiecza wewn\u0119trzne elementy samochodu. Bardzo cz\u0119sto trzeba z niej korzysta\u0107, po to by sprawdzi\u0107, czy wszystko z pojazdem jest w porz\u0105dku, jak wygl\u0105da stan p\u0142yn\u00f3w samochod\u00f3w, podczas przegl\u0105d\u00f3w w warsztacie itd. By j\u0105 swobodnie otwiera\u0107, konieczna jest linka. <a href=\"https:\/\/www.linor.pl\/linki-samochodowe\/\">Linki samochodowe otwierania maski<\/a>, jak ka\u017cde inne, co jaki\u015b czas wymagaj\u0105 naprawy lub wymiany. Niestety konieczno\u015b\u0107 wymiany tej linki bardzo cz\u0119sto jest lekcewa\u017cona, a tymczasem jest ona bardzo wa\u017cna, gdy\u017c nie dostaniemy si\u0119 do akumulatora lub innych wa\u017cnych cz\u0119\u015bci znajduj\u0105cych si\u0119 pod mask\u0105, je\u015bli jej nie otworzymy. Niesprawna linka mo\u017ce nam przeszkodzi\u0107 w wielu wa\u017cnych czynno\u015bciach wykonywanych przy naszym samochodzie, proste dolanie p\u0142ynu do spryskiwaczy b\u0119dzie niemo\u017cliwe, co mo\u017ce sta\u0107 si\u0119 bardzo uci\u0105\u017cliwe. Warto r\u00f3wnie\u017c zwraca\u0107 uwag\u0119, aby linka by\u0142a bardzo dobrej jako\u015bci, zagwarantuje to, \u017ce nie staniemy szybko przed konieczno\u015bci\u0105 ponownej jej wymiany. Takie linki otwierania maski mo\u017cna znale\u017a\u0107 w naszej ofercie, dlatego ju\u017c teraz zapraszamy do zapoznania si\u0119 z ni\u0105.<\/span><\/span><\/span><\/p>\n<h3><b>Otwieranie maski &#8211; wa\u017cna linka<\/b><\/h3>\n<p><strong><strong>\u00a0<\/strong><\/strong><\/p>\n<p style=\"text-align: justify;\">Otwieranie maski r\u00f3wnie\u017c opiera si\u0119 na linkach, co dla niekt\u00f3rych mo\u017ce by\u0107 zaskoczeniem. Rzadko jest wymieniana, zazwyczaj dopiero wtedy, kiedy ju\u017c zupe\u0142nie ulegnie zniszczeniu i nie b\u0119dzie si\u0119 da\u0142o otworzy\u0107 maski <a href=\"https:\/\/pl.wikipedia.org\/wiki\/Samoch\u00f3d_osobowy\" target=\"_blank\" rel=\"noopener\">samochodu<\/a>, kt\u00f3ra chroni najwa\u017cniejsze cz\u0119\u015bci. Linki otwierania maski gdy ulegaj\u0105 powa\u017cnemu niszczeniu i zu\u017cyciu, r\u00f3wnie\u017c mog\u0105 dawa\u0107 sygna\u0142y ostrzegawcze zanim otwarcie maski b\u0119dzie niemo\u017cliwe. Je\u017celi zauwa\u017cymy problemy z otwarciem maski b\u0105d\u017a jej utrzymaniem w g\u00f3rze, opadaniem, w\u00f3wczas mamy do czynienia z uszkodzon\u0105 link\u0105 otwierania maski samochodu i nale\u017cy j\u0105 wymieni\u0107. Zu\u017cywa si\u0119 ona wolniej ni\u017c linki hamulcowe, jednak r\u00f3wnie\u017c ulega uszkodzeniom i korozji.<\/p>\n<p style=\"text-align: justify;\"><strong><span data-sheets-value=\"[null,2,\" data-sheets-userformat=\"[null,null,15167,[null,0],[null,2,16777215],[null,[[null,2,0,null,null,[null,2,0]],[null,0,0,3],[null,1,0,null,1]]],[null,[[null,2,0,null,null,[null,2,0]],[null,0,0,3],[null,1,0,null,1]]],[null,[[null,2,0,null,null,[null,2,0]],[null,0,0,3],[null,1,0,null,1]]],[null,[[null,2,0,null,null,[null,2,0]],[null,0,0,3],[null,1,0,null,1]]],null,null,3,0,null,[null,2,0],\">Samochodowa linka otwierania maski<\/span><\/strong><\/p>\n<p style=\"text-align: justify; display: block;\"><img decoding=\"async\" class=\"alignleft\" src=\"\/wp-content\/uploads\/2021\/05\/linka-otwierania-maski-samochodu-linor-300x169.jpg\" alt=\"Samochodowa linka otwierania maski - solidna i trwa\u0142a.\" \/> <\/p>\n<div style=\"text-align: justify;  min-height:200px;\"><span style=\"color: #000000;\"><span><span style=\"font-size: small;\">S\u0105 to produkty najwy\u017cszej jako\u015bci. Charakteryzuj\u0105 si\u0119 solidno\u015bci\u0105, trwa\u0142o\u015bci\u0105 oraz odporno\u015bci\u0105 na uszkodzenia. S\u0105 wykonane z najlepszej jako\u015bci. <\/span><\/span><\/span><span style=\"color: #000000;\"><span><span style=\"font-size: small;\">Nasze linki przeznaczone do otwierania maski samochodowej gwarantuj\u0105 bezpieczne i wygodne u\u017cytkowanie tego elementu samochodu.<\/span><\/span><\/span><span style=\"color: #000000;\"><span><span style=\"font-size: small;\"> W naszym asortymencie linek samochodowych tego typu linki s\u0105 dopasowane do odpowiednich marek i rodzaj\u00f3w pojazd\u00f3w. Zapraszamy do zapoznania si\u0119 ze szczeg\u00f3\u0142owymi informacjami na temat tych w\u0142a\u015bnie produkt\u00f3w, a w razie pyta\u0144 czekamy na kontakt telefoniczny lub mailowy. Polecamy nasze linki do otwierania maski w atrakcyjnych cenach!<\/span><\/span><\/span><\/div>\n<h3><\/h3>\n<h3>Linki otwierania maski dost\u0119pne s\u0105 dla poni\u017cszych marek pojazd\u00f3w<\/h3>\n<div style=\"width: 30%; float: left; display: block;\">\n<ul>\n<li>Alfa Romeo<\/li>\n<li>Audi<\/li>\n<li>BMW<\/li>\n<li>Chrysler<\/li>\n<li>Citroen<\/li>\n<li>Dacia<\/li>\n<li>Daewoo<\/li>\n<li>Daf<\/li>\n<li>Daihatsu<\/li>\n<li>Fiat<\/li>\n<li>Ford<\/li>\n<li>Fsm<\/li>\n<li>Fso<\/li>\n<li>Honda<\/li>\n<\/ul>\n<\/div>\n<div style=\"width: 30%; float: left; display: block;\">\n<ul>\n<li>Ifa<\/li>\n<li>Isuzu<\/li>\n<li>Iveco<\/li>\n<li>Jeep<\/li>\n<li>Kia<\/li>\n<li>Lancia<\/li>\n<li>Land Rover<\/li>\n<li>Mazda<\/li>\n<li>Mercedes<\/li>\n<li>Mini Morris<\/li>\n<li>Mitsubishi<\/li>\n<li>Moskwicz<\/li>\n<li>Nysa<\/li>\n<li>Opel<\/li>\n<\/ul>\n<\/div>\n<div style=\"width: 30%; float: left; display: block;\">\n<ul>\n<li>Peugeot<\/li>\n<li>Pontiac<\/li>\n<li>Rover<\/li>\n<li>Seat<\/li>\n<li>Skoda<\/li>\n<li>Smart<\/li>\n<li>Star<\/li>\n<li>Suzuki<\/li>\n<li>Toyota<\/li>\n<li>Trabant<\/li>\n<li>Volkswagen<\/li>\n<li>Volvo<\/li>\n<li>Zaz<\/li>\n<li>\u0141ada<\/li>\n<\/ul>\n<\/div>\n<h3 class=\"custom-topic-header\">\n<span class=\"custom-topic-text\">Otwierania maski<\/span><br \/>\n<\/h3>\n<div class=\"under-post-category-products\">\n<div class=\"woocommerce columns-4 \"><\/div>\n<\/div>\n","protected":false},"excerpt":{"rendered":"<p>Linki samochodowe otwierania maski Maska samochodowa zabezpiecza wewn\u0119trzne elementy samochodu. Bardzo cz\u0119sto trzeba z niej korzysta\u0107, po to by sprawdzi\u0107, czy wszystko z pojazdem jest w<span class=\"excerpt-hellip\"> [\u2026]<\/span><\/p>\n","protected":false},"author":4,"featured_media":0,"parent":5754,"menu_order":0,"comment_status":"closed","ping_status":"closed","template":"","meta":{"footnotes":""},"class_list":["post-5732","page","type-page","status-publish","hentry"],"_links":{"self":[{"href":"https:\/\/www.linor.pl\/en\/wp-json\/wp\/v2\/pages\/5732","targetHints":{"allow":["GET"]}}],"collection":[{"href":"https:\/\/www.linor.pl\/en\/wp-json\/wp\/v2\/pages"}],"about":[{"href":"https:\/\/www.linor.pl\/en\/wp-json\/wp\/v2\/types\/page"}],"author":[{"embeddable":true,"href":"https:\/\/www.linor.pl\/en\/wp-json\/wp\/v2\/users\/4"}],"replies":[{"embeddable":true,"href":"https:\/\/www.linor.pl\/en\/wp-json\/wp\/v2\/comments?post=5732"}],"version-history":[{"count":0,"href":"https:\/\/www.linor.pl\/en\/wp-json\/wp\/v2\/pages\/5732\/revisions"}],"up":[{"embeddable":true,"href":"https:\/\/www.linor.pl\/en\/wp-json\/wp\/v2\/pages\/5754"}],"wp:attachment":[{"href":"https:\/\/www.linor.pl\/en\/wp-json\/wp\/v2\/media?parent=5732"}],"curies":[{"name":"wp","href":"https:\/\/api.w.org\/{rel}","templated":true}]}}