{"id":5734,"date":"2021-05-20T09:15:00","date_gmt":"2021-05-20T07:15:00","guid":{"rendered":"http:\/\/tkielar.pl\/hamulcowe\/"},"modified":"2021-06-09T17:02:35","modified_gmt":"2021-06-09T15:02:35","slug":"hamulcowe","status":"publish","type":"page","link":"https:\/\/www.linor.pl\/en\/oferta\/hamulcowe\/","title":{"rendered":"Hamulcowe"},"content":{"rendered":"<h1>Linki samochodowe hamulcowe<\/h1>\n<p style=\"text-align: justify;\"><span><span style=\"font-size: small;\">Samoch\u00f3d bez sprawnych hamulc\u00f3w jest niebezpieczny, nie nadaje si\u0119 do jazdy, nie mo\u017cna z niego bezpiecznie korzysta\u0107. Hamulce s\u0105 niezwykle wa\u017cnym elementem w ka\u017cdym poje\u017adzie, dlatego wymagane jest, aby ka\u017cdy samoch\u00f3d wyposa\u017cony by\u0142 w a\u017c dwa uk\u0142ady hamulcowe. Ca\u0142y uk\u0142ad hamulcowy samochodu sk\u0142ada si\u0119 ze wszystkich element\u00f3w, kt\u00f3rych zadaniem jest zatrzymanie pojazdu, kt\u00f3ry si\u0119 w danym momencie porusza oraz sprawienie by w miejscu zatrzymania pozosta\u0142. Najwa\u017cniejsze s\u0105 hamulce podstawowe, czyli robocze uruchamiane nog\u0105 za pomoc\u0105 naci\u015bni\u0119cia peda\u0142u hamulca. Hamulce funkcjonuj\u0105 dzi\u0119ki przej\u0119ciu cz\u0119\u015bci lub ca\u0142o\u015bci energii kinetycznej urz\u0105dzenia i rozproszeniu jej. Podstawowe hamulce, z kt\u00f3rymi spotykamy si\u0119 w ka\u017cdym rodzaju pojazdu dzia\u0142aj\u0105 tylko wtedy, gdy hamulec jest naciskany. Mo\u017cna zatem stwierdzi\u0107, \u017ce hamulce s\u0105 uk\u0142adem monostabilnym. W naszej ofercie linek samochodowych mo\u017cna znale\u017a\u0107 r\u00f3wnie\u017c <a href=\"https:\/\/www.linor.pl\/linki-samochodowe\/\">linki samochodowe hamulcowe<\/a>. Ze wzgl\u0119du na wa\u017cn\u0105 ich rol\u0119 ich sprawno\u015b\u0107 jest niezb\u0119dna.<\/span><\/span><\/p>\n<h3><b>Odpowiednie linki samochodowe hamulcowe<\/b><\/h3>\n<p><strong><strong>\u00a0<\/strong><\/strong><\/p>\n<p style=\"text-align: justify;\">Linki hamulcowe musz\u0105 by\u0107 r\u00f3wnie\u017c dobrane odpowiednio do marki i modelu samochodu, gdy\u017c r\u00f3\u017cne s\u0105 <a href=\"https:\/\/pl.wikipedia.org\/wiki\/System_hamulcowy_samochodu\" target=\"_blank\" rel=\"noopener\">systemy hamulcowe w autach.<\/a> Je\u017celi wybierzemy niew\u0142a\u015bciw\u0105 link\u0119, w\u00f3wczas nie b\u0119dzie ona w\u0142a\u015bciwie dzia\u0142a\u0107, o ile uda si\u0119 j\u0105 zamontowa\u0107, lub mo\u017ce sprawi\u0107 nam przykr\u0105 niespodziank\u0119 w trakcie u\u017cytkowania nied\u0142ugo po monta\u017cu. W Europie regularnie raz w roku tylko 2% kierowc\u00f3w wymienia linki hamulcowe. Wi\u0119kszo\u015b\u0107 z nas robi to dopiero gdy nast\u0105pi awaria, lub gdy linka jest ju\u017c w bardzo z\u0142ym stanie i w ka\u017cdej chwili mo\u017ce ule\u0107 przerwaniu. A taka sytuacja stanowi bezpo\u015brednie zagro\u017cenie zdrowia i \u017cycia r\u00f3wnie\u017c dla innych kierowc\u00f3w i pasa\u017cer\u00f3w. Dlatego nie nale\u017cy lekcewa\u017cy\u0107 sygna\u0142\u00f3w takich jak d\u0142u\u017cszy czas reakcji samochodu po naci\u015bni\u0119ciu peda\u0142a hamulca czy wyd\u0142u\u017cona droga hamowania.<\/p>\n<p style=\"text-align: justify;\">><span data-sheets-value=\"[null,2,\" data-sheets-userformat=\"[null,null,15165,[null,0],null,[null,[[null,2,0,null,null,[null,2,0]],[null,0,0,3],[null,1,0,null,1]]],[null,[[null,2,0,null,null,[null,2,0]],[null,0,0,3],[null,1,0,null,1]]],[null,[[null,2,0,null,null,[null,2,0]],[null,0,0,3],[null,1,0,null,1]]],[null,[[null,2,0,null,null,[null,2,0]],[null,0,0,3],[null,1,0,null,1]]],null,null,3,0,null,[null,2,0],\">Samochodowa linka hamulca<\/span><\/p>\n<p style=\"text-align: justify;\"><img decoding=\"async\" class=\"alignleft\" src=\"\/wp-content\/uploads\/2021\/05\/linka-hamulca-linor-300x169.jpg\" alt=\"Samochodowa linka hamulca z najlepszych materia\u0142\u00f3w.\" \/><\/p>\n<p style=\"text-align: justify;\">Nie mo\u017cna je\u017adzi\u0107 samochodem, kt\u00f3ry nie ma sprawnych hamulc\u00f3w. Dlatego warto te\u017c pami\u0119ta\u0107 o kontroli linek samochodowych, zw\u0142aszcza tych, b\u0119d\u0105cych cz\u0119\u015bci\u0105 uk\u0142adu hamulcowego. Gdy zauwa\u017cymy zmiany w czasie hamowania w naszym samochodzie, nale\u017cy sprawdzi\u0107 w jakim stanie jest linka hamulcowa. Zawsze lepiej wymieni\u0107 j\u0105 wcze\u015bniej ni\u017c gdy si\u0119 zepsuje na \u015brodku drogi i b\u0119dzie bardzo niebezpiecznie. Polecane przez nas linki hamulcowe s\u0105 bardzo trwa\u0142e, solidne, odporne na uszkodzenia. Zosta\u0142y wykonane z najlepszych materia\u0142\u00f3w, kt\u00f3re s\u0105 wzmacnianie i zabezpieczane. Wszystko po to, by hamulce mog\u0142y dzia\u0142a\u0107 bez przeszk\u00f3d, a sama jazda by\u0142a bardzo bezpieczna i pewna. Nasze linki hamulcowe s\u0105 doskonale wykonane. Pozwalaj\u0105 na zmniejszenie si\u0142y tarcia, a przy tym s\u0105 niezawodne i bardzo trwa\u0142e. Charakteryzuj\u0105 si\u0119 odporno\u015bci\u0105 na korozje, r\u00f3\u017cnego rodzaju zanieczyszczenia i uszkodzenia mechaniczne. W linkach samochodowych przeznaczonych do hamulc\u00f3w podstawowych zastosowano obudow\u0119, kt\u00f3ra zwi\u0119ksza ich szczelno\u015b\u0107. Dlatego zapraszamy do zapoznania si\u0119 ze szczeg\u00f3\u0142ami oferty na temat oferowanych przez nas linek hamulcowych. W razie jakichkolwiek pyta\u0144 prosimy o kontakt, ch\u0119tnie na nie odpowiemy. Oferujemy linki dost\u0119pne dla r\u00f3\u017cnych marek i rodzaj\u00f3w samochod\u00f3w. Pami\u0119taj, sprawne hamulce to bezpieczny samoch\u00f3d.<\/p>\n<h3>Linki hamulcowe w naszej ofercie dost\u0119pne s\u0105 dla poszczeg\u00f3lnych marek samochod\u00f3w<\/h3>\n<div style=\"width: 30%; float: left; display: block;\">\n<ul>\n<li>Alfa Romeo<\/li>\n<li>Audi<\/li>\n<li>BMW<\/li>\n<li>Chrysler<\/li>\n<li>Citroen<\/li>\n<li>Dacia<\/li>\n<li>Daewoo<\/li>\n<li>Daf<\/li>\n<li>Daihatsu<\/li>\n<li>Fiat<\/li>\n<li>Ford<\/li>\n<li>Fsm<\/li>\n<li>Fso<\/li>\n<li>Honda<\/li>\n<\/ul>\n<\/div>\n<div style=\"width: 30%; float: left; display: block;\">\n<ul>\n<li>Ifa<\/li>\n<li>Isuzu<\/li>\n<li>Iveco<\/li>\n<li>Jeep<\/li>\n<li>Kia<\/li>\n<li>Lancia<\/li>\n<li>Land Rover<\/li>\n<li>Mazda<\/li>\n<li>Mercedes<\/li>\n<li>Mini Morris<\/li>\n<li>Mitsubishi<\/li>\n<li>Moskwicz<\/li>\n<li>Nysa<\/li>\n<li>Opel<\/li>\n<\/ul>\n<\/div>\n<div style=\"width: 30%; float: left; display: block;\">\n<ul>\n<li>Peugeot<\/li>\n<li>Pontiac<\/li>\n<li>Rover<\/li>\n<li>Seat<\/li>\n<li>Skoda<\/li>\n<li>Smart<\/li>\n<li>Star<\/li>\n<li>Suzuki<\/li>\n<li>Toyota<\/li>\n<li>Trabant<\/li>\n<li>Volkswagen<\/li>\n<li>Volvo<\/li>\n<li>Zaz<\/li>\n<li>\u0141ada<\/li>\n<\/ul>\n<\/div>\n<h3 class=\"custom-topic-header\">\n<span class=\"custom-topic-text\">Linki samochodowe gazu<\/span><br \/>\n<\/h3>\n<div class=\"under-post-category-products\">\n<div class=\"woocommerce columns-4 \"><\/div>\n<\/div>\n","protected":false},"excerpt":{"rendered":"<p>Linki samochodowe hamulcowe Samoch\u00f3d bez sprawnych hamulc\u00f3w jest niebezpieczny, nie nadaje si\u0119 do jazdy, nie mo\u017cna z niego bezpiecznie korzysta\u0107. Hamulce s\u0105 niezwykle wa\u017cnym elementem w<span class=\"excerpt-hellip\"> [\u2026]<\/span><\/p>\n","protected":false},"author":4,"featured_media":0,"parent":5754,"menu_order":0,"comment_status":"closed","ping_status":"closed","template":"","meta":{"footnotes":""},"class_list":["post-5734","page","type-page","status-publish","hentry"],"_links":{"self":[{"href":"https:\/\/www.linor.pl\/en\/wp-json\/wp\/v2\/pages\/5734","targetHints":{"allow":["GET"]}}],"collection":[{"href":"https:\/\/www.linor.pl\/en\/wp-json\/wp\/v2\/pages"}],"about":[{"href":"https:\/\/www.linor.pl\/en\/wp-json\/wp\/v2\/types\/page"}],"author":[{"embeddable":true,"href":"https:\/\/www.linor.pl\/en\/wp-json\/wp\/v2\/users\/4"}],"replies":[{"embeddable":true,"href":"https:\/\/www.linor.pl\/en\/wp-json\/wp\/v2\/comments?post=5734"}],"version-history":[{"count":0,"href":"https:\/\/www.linor.pl\/en\/wp-json\/wp\/v2\/pages\/5734\/revisions"}],"up":[{"embeddable":true,"href":"https:\/\/www.linor.pl\/en\/wp-json\/wp\/v2\/pages\/5754"}],"wp:attachment":[{"href":"https:\/\/www.linor.pl\/en\/wp-json\/wp\/v2\/media?parent=5734"}],"curies":[{"name":"wp","href":"https:\/\/api.w.org\/{rel}","templated":true}]}}