{"id":5737,"date":"2021-05-19T16:40:33","date_gmt":"2021-05-19T14:40:33","guid":{"rendered":"http:\/\/tkielar.pl\/hamulca-recznego\/"},"modified":"2021-05-19T16:40:33","modified_gmt":"2021-05-19T14:40:33","slug":"hamulca-recznego","status":"publish","type":"page","link":"https:\/\/www.linor.pl\/en\/oferta\/hamulca-recznego\/","title":{"rendered":"Hamulca recznego"},"content":{"rendered":"<h1>Linki samochodowe hamulca r\u0119cznego<\/h1>\n<p style=\"text-align: justify;\"><span style=\"color: #333333;\"><span\"><span style=\"font-size: small;\">Sprawny uk\u0142ad hamulcowy to podstawa w naszym samochodzie. Ma ogromny wp\u0142yw na bezpiecze\u0144stwo podczas jazdy oraz na bezpieczne parkowanie. Dlatego w naszych samochodach montowane s\u0105 a\u017c dwa rodzaje hamulc\u00f3w &#8211; zasadniczy i tak zwany r\u0119czny. Cz\u0119sto jest tak, \u017ce bardziej dbamy o hamulec zasadniczy, a o r\u0119cznym przypominamy sobie w momencie gdy jest nam potrzebny. Hamulec r\u0119czny w samochodzie nazywany jest hamulcem dodatkowym, inaczej awaryjnym. Wykorzystuje si\u0119 go przede wszystkim jako hamulec postojowy \u2013 po to, by zabezpieczy\u0107 pojazd przed zjechaniem z miejsca postoju. Jest potrzeby r\u00f3wnie\u017c w razie awarii hamulca podstawowego \u2013 wtedy hamulec r\u0119czny musi wyhamowa\u0107 pojazd. Uruchamia si\u0119 go r\u0119k\u0105 lub nog\u0105, w zale\u017cno\u015bci od podjazdu. Nic zatem dziwnego, \u017ce jest niezwykle wa\u017cnym elementem w ka\u017cdym samochodzie. Jego cz\u0119\u015bci\u0105 jest linka, tak zwana linka do hamulca r\u0119cznego. <\/span><\/span><\/span><span style=\"color: #000000;\"><span><span style=\"font-size: small;\">Warto doda\u0107, \u017ce tradycyjny hamulec r\u0119czny dzia\u0142a zwykle na ko\u0142a osi tylnej i uruchamia si\u0119 go mechanicznie, to znaczy specjalny mechanizm dzia\u0142a dzi\u0119ki elementom g\u0142\u00f3wnego uk\u0142adu hamulcowego, kt\u00f3re zazwyczaj (podczas normalnego u\u017cytkowania samochodu) uruchamiaj\u0105 si\u0119 w spos\u00f3b hydrauliczny b\u0105d\u017a pneumatyczny.<\/span><\/span><\/span><\/p>\n<h3>Hamulec r\u0119czny<\/h3>\n<p style=\"text-align: justify;\"><img decoding=\"async\" class=\"alignleft\" src=\"\/wp-content\/uploads\/2021\/05\/linka-hamulca-recznego-linor-300x169.jpg\" alt=\"Samochodowa linka hamulca r\u0119cznego najwy\u017cszej jako\u015bci.\" width=\"300\" height=\"169\" \/><\/p>\n<p style=\"text-align: justify;\">Linka <a href=\"https:\/\/pl.wikipedia.org\/wiki\/System_hamulcowy_samochodu\" target=\"_blank\" rel=\"noopener\">hamulca <\/a>r\u0119cznego nie ulegnie awarii w spos\u00f3b nag\u0142y, bowiem podczas jej zu\u017cycia pojawiaj\u0105 si\u0119 znaki ostrzegawcze, kt\u00f3re wskazuj\u0105 na konieczno\u015b\u0107 wybkiej wymiany. Je\u017celi zauwa\u017cymy problemy z zaci\u0105ganiem hamulca r\u0119cznego b\u0105d\u017a opuszczaniem go, w\u00f3wczas mamy do czynienia z uszkodz\u0105 link\u0105. Jedn\u0105 ze stosunkowo rzadkich awarii jest brak hamulca r\u0119cznego. Cz\u0119\u015bciej mo\u017cna spotka\u0107 si\u0119 z niemo\u017cliwo\u015bci\u0105 uruchomienia hamulca r\u0119cznego. Linki hamulca r\u0119cznego ulegaj\u0105 przetarciom, korozji je\u017celi p\u0119ka pow\u0142oka ochraniaj\u0105ca. Technika wykonania linki hamulca \u015bwiadczy o jej wyj\u0105tkowej wytrzyma\u0142o\u015bci lub elastyczno\u015bci, dlatego te\u017c nale\u017cy dobrze wybra\u0107 link\u0119, aby by\u0142a ona kompatybilna z mark\u0105 o modelem samochodu.<\/p>\n<p style=\"text-align: justify;\">\n<h3>Wysokiej jako\u015bci <a href=\"https:\/\/www.linor.pl\/linki-samochodowe\/\"><span data-sheets-value=\"[null,2,\" data-sheets-userformat=\"[null,null,15165,[null,0],null,[null,[[null,2,0,null,null,[null,2,0]],[null,0,0,3],[null,1,0,null,1]]],[null,[[null,2,0,null,null,[null,2,0]],[null,0,0,3],[null,1,0,null,1]]],[null,[[null,2,0,null,null,[null,2,0]],[null,0,0,3],[null,1,0,null,1]]],[null,[[null,2,0,null,null,[null,2,0]],[null,0,0,3],[null,1,0,null,1]]],null,null,3,0,null,[null,2,0],\">linki samochodowe hamulca r\u0119cznego<\/span><\/a><\/h3>\n<\/p>\n<p style=\"text-align: justify;\"><span style=\"color: #000000;\"><span><span style=\"font-size: small;\">Ponadto hamulec r\u0119czny jest nieodzowny przy ruszaniu pod g\u00f3rk\u0119, zw\u0142aszcza o du\u017cym nachyleniu i zabezpieczeniu pojazdu przed zjechaniem w d\u00f3\u0142, gdy si\u0119 zatrzymujemy. Dlatego wiec bardzo wa\u017cnym jest, aby linka od tego hamulca by\u0142a solidnie wykonana i bardzo dobrej jako\u015bci. Ma to znaczenie na u\u017cytkowaniu samochodu i bezpiecze\u0144stwie. Takie linki s\u0105 produkowane i dystrybuowane przez nasz\u0105 firm\u0119. Czym si\u0119 charakteryzuj\u0105? S\u0105 bardzo solidne, mocne, zapewniaj\u0105 bezpieczne i sprawne dzia\u0142anie samochodu. Oferujemy linki r\u00f3\u017cnego rodzaju dopasowane do poszczeg\u00f3lnych marek aut. Nasze linki wykonujemy z najlepszych jako\u015bciowo materia\u0142\u00f3w, kt\u00f3re s\u0105 dodatkowo wzmacniane i gwarantuj\u0105 trwa\u0142o\u015b\u0107 oraz wytrzyma\u0142o\u015b\u0107. Dzi\u0119ki zastosowaniu naszych linek hamulca r\u0119cznego mo\u017cna zagwarantowa\u0107 sobie doskona\u0142\u0105 jako\u015b\u0107 w korzystnej cenie. Linki minimalizuj\u0105 si\u0142\u0119 tarcia. S\u0105 odporne na rdzewienie, zanieczyszczenia oraz inne uszkodzenia mechaniczne. Solidna obudowa zapewnia maksymaln\u0105 szczelno\u015b\u0107. Linki hamulca r\u0119cznego dost\u0119pne w naszej ofercie s\u0105 niezwykle trwa\u0142e.Zapraszamy do poznania szczeg\u00f3\u0142\u00f3w, do zakupu, a w razie pyta\u0144 do kontaktu!<\/span><\/span><\/span><\/p>\n<h3>Linki hamulca r\u0119cznego dost\u0119pne s\u0105 dla poszczeg\u00f3lnych marek samochod\u00f3w<\/h3>\n<div style=\"width: 30%; float: left; display: block;\">\n<ul>\n<li>Alfa Romeo<\/li>\n<li>Audi<\/li>\n<li>BMW<\/li>\n<li>Chrysler<\/li>\n<li>Citroen<\/li>\n<li>Dacia<\/li>\n<li>Daewoo<\/li>\n<li>Daf<\/li>\n<li>Daihatsu<\/li>\n<li>Fiat<\/li>\n<li>Ford<\/li>\n<li>Fsm<\/li>\n<li>Fso<\/li>\n<li>Honda<\/li>\n<\/ul>\n<\/div>\n<div style=\"width: 30%; float: left; display: block;\">\n<ul>\n<li>Ifa<\/li>\n<li>Isuzu<\/li>\n<li>Iveco<\/li>\n<li>Jeep<\/li>\n<li>Kia<\/li>\n<li>Lancia<\/li>\n<li>Land Rover<\/li>\n<li>Mazda<\/li>\n<li>Mercedes<\/li>\n<li>Mini Morris<\/li>\n<li>Mitsubishi<\/li>\n<li>Moskwicz<\/li>\n<li>Nysa<\/li>\n<li>Opel<\/li>\n<\/ul>\n<\/div>\n<div style=\"width: 30%; float: left; display: block;\">\n<ul>\n<li>Peugeot<\/li>\n<li>Pontiac<\/li>\n<li>Rover<\/li>\n<li>Seat<\/li>\n<li>Skoda<\/li>\n<li>Smart<\/li>\n<li>Star<\/li>\n<li>Suzuki<\/li>\n<li>Toyota<\/li>\n<li>Trabant<\/li>\n<li>Volkswagen<\/li>\n<li>Volvo<\/li>\n<li>Zaz<\/li>\n<li>\u0141ada<\/li>\n<\/ul>\n<\/div>\n","protected":false},"excerpt":{"rendered":"<p>Linki samochodowe hamulca r\u0119cznego<\/p>\n","protected":false},"author":4,"featured_media":0,"parent":5754,"menu_order":0,"comment_status":"closed","ping_status":"closed","template":"","meta":{"footnotes":""},"class_list":["post-5737","page","type-page","status-publish","hentry"],"_links":{"self":[{"href":"https:\/\/www.linor.pl\/en\/wp-json\/wp\/v2\/pages\/5737","targetHints":{"allow":["GET"]}}],"collection":[{"href":"https:\/\/www.linor.pl\/en\/wp-json\/wp\/v2\/pages"}],"about":[{"href":"https:\/\/www.linor.pl\/en\/wp-json\/wp\/v2\/types\/page"}],"author":[{"embeddable":true,"href":"https:\/\/www.linor.pl\/en\/wp-json\/wp\/v2\/users\/4"}],"replies":[{"embeddable":true,"href":"https:\/\/www.linor.pl\/en\/wp-json\/wp\/v2\/comments?post=5737"}],"version-history":[{"count":0,"href":"https:\/\/www.linor.pl\/en\/wp-json\/wp\/v2\/pages\/5737\/revisions"}],"up":[{"embeddable":true,"href":"https:\/\/www.linor.pl\/en\/wp-json\/wp\/v2\/pages\/5754"}],"wp:attachment":[{"href":"https:\/\/www.linor.pl\/en\/wp-json\/wp\/v2\/media?parent=5737"}],"curies":[{"name":"wp","href":"https:\/\/api.w.org\/{rel}","templated":true}]}}