{"id":5740,"date":"2021-05-19T16:13:34","date_gmt":"2021-05-19T14:13:34","guid":{"rendered":"http:\/\/tkielar.pl\/gazu\/"},"modified":"2021-06-09T17:02:23","modified_gmt":"2021-06-09T15:02:23","slug":"gazu","status":"publish","type":"page","link":"https:\/\/www.linor.pl\/en\/oferta\/gazu\/","title":{"rendered":"Gazu"},"content":{"rendered":"<h1>Linki samochodowe gazu<\/h1>\n<p style=\"text-align: justify;\"><span style=\"color: #333333;\"><span><span style=\"font-size: small;\">Ga\u017anik w naszym samochodzie to urz\u0105dzenie nieodzowne. Zosta\u0142 wynaleziony w 1876 roku i a\u017c do lat 80 wieku XX by\u0142 najcz\u0119\u015bciej wykorzystywanym urz\u0105dzeniem do zasilania silnik\u00f3w benzynowych. Wytwarza on mieszank\u0119 paliwowo-powietrzn\u0105 o odpowiednim sk\u0142adzie w silnikach spalinowych o zap\u0142onie iskrowym. To powoduje, \u017ce w ga\u017aniku jest dozowane paliwo, a nast\u0119pnie zostaje ono odparowane i wymieszane (mieszaj\u0105 si\u0119 opary paliwa z powietrzem), a p\u00f3\u017aniej dostarczana jest w\u0142a\u015bciwa ilo\u015bci tak powsta\u0142ej mieszanki poprzez kolektor dolotowy do cylindra. Ga\u017anik to cz\u0119\u015b\u0107 uk\u0142adu zasilania silnika spalinowego. Uruchamia si\u0119 go poprzez naciskanie peda\u0142u gazu. Aby ga\u017anik dzia\u0142a\u0142, nale\u017cy zastosowa\u0107 w praktyce prawo Bernoulliego, zgodnie z kt\u00f3rym w miejscu w kt\u00f3rym zw\u0119\u017ca si\u0119 kana\u0142 (gdzie przep\u0142ywa powietrze), zachodzi r\u00f3\u017cnica ci\u015bnie\u0144 i powoduje ona zasysanie paliwa kt\u00f3re dostarczane jest przez dysz\u0119. Cz\u0119\u015bci\u0105 ca\u0142ego tego urz\u0105dzenia jest linka, i tak\u0105 w\u0142a\u015bnie link\u0119 do gazu mo\u017cna w naszej ofercie znale\u017a\u0107.<\/span><\/span><\/span><\/p>\n<p style=\"text-align: justify;\"><strong>Najlepsze <a href=\"https:\/\/www.linor.pl\/linki-samochodowe\/\">linki samochodowe gazu<\/a><\/strong><\/p>\n<p style=\"text-align: justify;\"><span style=\"color: #333333;\"><span><span style=\"font-size: small;\">Wytrzyma\u0142o\u015b\u0107, elastyczno\u015b\u0107, \u017cywotno\u015b\u0107 linki od gazu zale\u017cy nie tylko od materia\u0142u, z jakiego jest wykonania, ale r\u00f3wnie\u017c techniki. Niekt\u00f3re linki za cech\u0119 charakterystyczn\u0105 maj\u0105 wytrzyma\u0142o\u015b\u0107, inne elastyczno\u015b\u0107. Takie zr\u00f3\u017cnicowanie ma na celu odpowiednie dostosowanie r\u00f3wnie\u017c do poszczeg\u00f3lnych pojazd\u00f3w. W niekt\u00f3rych bowiem wa\u017cniejsza jest wytrzyma\u0142o\u015b\u0107 od linki ze wzgl\u0119du na specyfik\u0119 pojazdu i i na przyk\u0142ad d\u0142ugie trudne trasy. Z kolei linki bardziej elastyczne mog\u0105 by\u0107 cz\u0119sto stosowane w <a href=\"https:\/\/pl.wikipedia.org\/wiki\/Samoch\u00f3d_osobowy\" target=\"_blank\" rel=\"noopener\">samochodach osobowych<\/a>, kt\u00f3rymi najcz\u0119\u015bciej poruszamy si\u0119 po mie\u015bcie. Nale\u017cy r\u00f3wnie\u017c dostosowa\u0107 link\u0119 od gazu dok\u0142adnie do marki i modelu samochodu.<\/span><\/span><\/span><\/p>\n<h3><b>Nasze linki samochodowe<\/b><\/h3>\n<p style=\"text-align: justify;\"><img decoding=\"async\" class=\"alignleft\" src=\"\/wp-content\/uploads\/2021\/05\/linka-gazu-300x169.jpg\" alt=\"Linki gazu najwy\u017cszej jako\u015bci.\" \/><\/p>\n<p style=\"text-align: justify;\"><strong><span style=\"color: #333333;\"><span><span style=\"font-size: small;\">Produkowane przez nas linki do gazu s\u0105 solidne, trwa\u0142e oraz mocne, wykonane z odpowiednio wzmocnionych i zabezpieczonych materia\u0142\u00f3w.<\/span><\/span><\/span><\/strong><span style=\"color: #333333;\"><span><span style=\"font-size: small;\"> Polecamy je do r\u00f3\u017cnych marek samochod\u00f3w (kt\u00f3rych spis znajd\u0105 Pa\u0144stwo poni\u017cej) oraz do r\u00f3\u017cnych ich typ\u00f3w. Zapraszamy do zapoznania si\u0119 ze szczeg\u00f3\u0142owymi informacjami na temat oferowanych przez nasza firm\u0119 linek do gazu. <\/span><\/span><\/span><span style=\"color: #000000;\"><span><span style=\"font-size: small;\">Nasze linki samochodowe gazu ciesz\u0105 si\u0119 ogromn\u0105 popularno\u015bci\u0105 w\u015br\u00f3d kierowc\u00f3w. Charakteryzuj\u0105 si\u0119 odporno\u015bci\u0105 na uszkodzenia r\u00f3\u017cnego typu, zanieczyszczenia oraz korozj\u0119. Zapewniaj\u0105 d\u0142ugie i bezawaryjne dzia\u0142anie. Oferowane przez nas linki gazu gwarantuj\u0105 zmniejszenie si\u0142y tarcia do minimum. S\u0105 bardzo szczelne, nie przedostaj\u0105 si\u0119 do nich \u017cadne zanieczyszczenia, a to dzi\u0119ki zastosowaniu w obudowie najlepszych jako\u015bciowo materia\u0142\u00f3w. Ponadto nasze linki samochodowe posiadaj\u0105 certyfikaty jako\u015bci renomowanych firm. Dzi\u0119ki temu maj\u0105 Pa\u0144stwo gwarancj\u0119, i\u017c nie kupuj\u0105 Pa\u0144stwo linek niskiej jako\u015bci. Cieszymy si\u0119 r\u00f3wnie\u017c zaufaniem i zadowoleniem klient\u00f3w. Jako\u015b\u0107 i solidne wykonanie cz\u0119\u015bci samochodowych wp\u0142ywaj\u0105 na u\u017cytkowanie samochodu i bezpiecze\u0144stwo, a to powinno by\u0107 dla nas najwa\u017cniejsze.<\/span><\/span><\/span><span style=\"color: #333333;\"><span><span style=\"font-size: small;\"> Zapewniamy atrakcyjne ceny, a w razie jakichkolwiek pyta\u0144 z przyjemno\u015bci\u0105 odpowiemy na nie, wi\u0119c czekamy na kontakt.<\/span><\/span><\/span><\/p>\n<h3>Linki samochodowe gazu dost\u0119pne s\u0105 dla znajduj\u0105cych si\u0119 poni\u017cej marek samochod\u00f3w<\/h3>\n<div style=\"width: 30%; float: left; display: block;\">\n<ul>\n<li>Alfa Romeo<\/li>\n<li>Audi<\/li>\n<li>BMW<\/li>\n<li>Chrysler<\/li>\n<li>Citroen<\/li>\n<li>Dacia<\/li>\n<li>Daewoo<\/li>\n<li>Daf<\/li>\n<li>Daihatsu<\/li>\n<li>Fiat<\/li>\n<li>Ford<\/li>\n<li>Fsm<\/li>\n<li>Fso<\/li>\n<li>Honda<\/li>\n<\/ul>\n<\/div>\n<div style=\"width: 30%; float: left; display: block;\">\n<ul>\n<li>Ifa<\/li>\n<li>Isuzu<\/li>\n<li>Iveco<\/li>\n<li>Jeep<\/li>\n<li>Kia<\/li>\n<li>Lancia<\/li>\n<li>Land Rover<\/li>\n<li>Mazda<\/li>\n<li>Mercedes<\/li>\n<li>Mini Morris<\/li>\n<li>Mitsubishi<\/li>\n<li>Moskwicz<\/li>\n<li>Nysa<\/li>\n<li>Opel<\/li>\n<\/ul>\n<\/div>\n<div style=\"width: 30%; float: left; display: block;\">\n<ul>\n<li>Peugeot<\/li>\n<li>Pontiac<\/li>\n<li>Rover<\/li>\n<li>Seat<\/li>\n<li>Skoda<\/li>\n<li>Smart<\/li>\n<li>Star<\/li>\n<li>Suzuki<\/li>\n<li>Toyota<\/li>\n<li>Trabant<\/li>\n<li>Volkswagen<\/li>\n<li>Volvo<\/li>\n<li>Zaz<\/li>\n<li>\u0141ada<\/li>\n<\/ul>\n<\/div>\n<h3 class=\"custom-topic-header\">\n<span class=\"custom-topic-text\">Linki samochodowe gazu<\/span><br \/>\n<\/h3>\n<div class=\"under-post-category-products\">\n<div class=\"woocommerce columns-4 \"><\/div>\n<\/div>\n","protected":false},"excerpt":{"rendered":"<p>Linki samochodowe gazu Ga\u017anik w naszym samochodzie to urz\u0105dzenie nieodzowne. Zosta\u0142 wynaleziony w 1876 roku i a\u017c do lat 80 wieku XX by\u0142 najcz\u0119\u015bciej wykorzystywanym urz\u0105dzeniem<span class=\"excerpt-hellip\"> [\u2026]<\/span><\/p>\n","protected":false},"author":4,"featured_media":0,"parent":5754,"menu_order":0,"comment_status":"closed","ping_status":"closed","template":"","meta":{"footnotes":""},"class_list":["post-5740","page","type-page","status-publish","hentry"],"_links":{"self":[{"href":"https:\/\/www.linor.pl\/en\/wp-json\/wp\/v2\/pages\/5740","targetHints":{"allow":["GET"]}}],"collection":[{"href":"https:\/\/www.linor.pl\/en\/wp-json\/wp\/v2\/pages"}],"about":[{"href":"https:\/\/www.linor.pl\/en\/wp-json\/wp\/v2\/types\/page"}],"author":[{"embeddable":true,"href":"https:\/\/www.linor.pl\/en\/wp-json\/wp\/v2\/users\/4"}],"replies":[{"embeddable":true,"href":"https:\/\/www.linor.pl\/en\/wp-json\/wp\/v2\/comments?post=5740"}],"version-history":[{"count":0,"href":"https:\/\/www.linor.pl\/en\/wp-json\/wp\/v2\/pages\/5740\/revisions"}],"up":[{"embeddable":true,"href":"https:\/\/www.linor.pl\/en\/wp-json\/wp\/v2\/pages\/5754"}],"wp:attachment":[{"href":"https:\/\/www.linor.pl\/en\/wp-json\/wp\/v2\/media?parent=5740"}],"curies":[{"name":"wp","href":"https:\/\/api.w.org\/{rel}","templated":true}]}}