{"id":5745,"date":"2021-05-13T16:55:29","date_gmt":"2021-05-13T14:55:29","guid":{"rendered":"http:\/\/tkielar.pl\/kontakt\/"},"modified":"2021-06-09T16:32:59","modified_gmt":"2021-06-09T14:32:59","slug":"kontakt","status":"publish","type":"page","link":"https:\/\/www.linor.pl\/en\/kontakt\/","title":{"rendered":"CONTACT"},"content":{"rendered":"<div class=\"contact-content-wrapper\">\n<h3 class=\"custom-topic-header\" style=\"\">\n<span class=\"custom-topic-text\">Mapa<\/span><br \/>\n<\/h3>\n<p><iframe src=\"https:\/\/www.google.com\/maps\/embed?pb=!1m18!1m12!1m3!1d2453.3539890377356!2d21.162710431433418!3d52.05507777123623!2m3!1f0!2f0!3f0!3m2!1i1024!2i768!4f13.1!3m3!1m2!1s0x4719296b8757b573%3A0xd5af44139f7e7069!2sLinor%20Wojciech%20Dyjak!5e0!3m2!1spl!2spl!4v1621422474024!5m2!1spl!2spl\" width=\"1200\" height=\"450\" style=\"border:0;\" allowfullscreen=\"\" loading=\"lazy\"><\/iframe><\/p>\n<h3 class=\"custom-topic-header\" style=\"\">\n<span class=\"custom-topic-text\">O nas<\/span><br \/>\n<\/h3>\n<div>Poszukujesz linki do Twojego samochodu, do motocykla albo do innego pojazdu? A mo\u017ce pilnie potrzebny jest Ci w\u0105\u017c do maszyn przemys\u0142owych, w\u0105\u017c hydrauliczny, pneumatyczny lub w\u0105\u017c do mycia kanalizacji? Doskonale trafi\u0142e\u015b! W naszej firmie znajdziesz takie produkty! Je\u015bli masz jakie\u015b pytania lub w\u0105tpliwo\u015bci, czego\u015b nie jeste\u015b pewien lub potrzebujesz fachowej porady, to skontaktuj si\u0119 z nami!\n<\/div>\n<div class=\"contact-page-info-wrapper\">\n<div class=\"contact-page-info\">\n<strong> Linor Wojciech Dyjak <\/strong><br \/>\nul. Wilanowska 275<br \/>\nKonstancin Jeziorna 05-520<\/p>\n<div><strong>Godziny otwarcia :<\/strong><\/div>\n<div>Pon-Pt : 7:00-15:00<br \/>\nSb-Nd : nieczynne<\/div>\n<p>&nbsp;<\/p>\n<div class=\"contact-email\">\n<a href=\"mailto:linor@linor.waw.pl\">linor@linor.waw.pl<\/a><br \/>\n<a href=\"mailto:sprzedaz@linor.pl\">sprzedaz@linor.pl<\/a>\n<\/div>\n<div class=\"contact-phone\">\ntel: <a href=\"tel:0048666000111\">601-898-373<\/a><br \/>\ntel: <a href=\"tel:0048227544607\">22-754-46-07<\/a><br \/>\ntel: <a href=\"tel:0048227152565\">22-715-25-65<\/a><br \/>\ntel: <a href=\"tel:0048227152577\">22-715-25-77<\/a>\n<\/div>\n<\/div>\n<div class=\"contact-page-form>\n\n<div class=\"wpcf7 no-js\" id=\"wpcf7-f8962-o1\" lang=\"en-US\" dir=\"ltr\" data-wpcf7-id=\"8962\">\n<div class=\"screen-reader-response\"><p role=\"status\" aria-live=\"polite\" aria-atomic=\"true\"><\/p> <ul><\/ul><\/div>\n<form action=\"\/en\/wp-json\/wp\/v2\/pages\/5745#wpcf7-f8962-o1\" method=\"post\" class=\"wpcf7-form init\" aria-label=\"Contact form\" novalidate=\"novalidate\" data-status=\"init\">\n<fieldset class=\"hidden-fields-container\"><input type=\"hidden\" name=\"_wpcf7\" value=\"8962\" \/><input type=\"hidden\" name=\"_wpcf7_version\" value=\"6.1.4\" \/><input type=\"hidden\" name=\"_wpcf7_locale\" value=\"en_US\" \/><input type=\"hidden\" name=\"_wpcf7_unit_tag\" value=\"wpcf7-f8962-o1\" \/><input type=\"hidden\" name=\"_wpcf7_container_post\" value=\"0\" \/><input type=\"hidden\" name=\"_wpcf7_posted_data_hash\" value=\"\" \/><input type=\"hidden\" name=\"_wpcf7_recaptcha_response\" value=\"\" \/>\n<\/fieldset>\n<p>Imi\u0119 i nazwisko (wymagane)\n<\/p>\n<p><span class=\"wpcf7-form-control-wrap\" data-name=\"your-name\"><input size=\"40\" maxlength=\"400\" class=\"wpcf7-form-control wpcf7-text wpcf7-validates-as-required\" aria-required=\"true\" aria-invalid=\"false\" value=\"\" type=\"text\" name=\"your-name\" \/><\/span>\n<\/p>\n<p>Adres email (wymagane)\n<\/p>\n<p><span class=\"wpcf7-form-control-wrap\" data-name=\"your-email\"><input size=\"40\" maxlength=\"400\" class=\"wpcf7-form-control wpcf7-email wpcf7-validates-as-required wpcf7-text wpcf7-validates-as-email\" aria-required=\"true\" aria-invalid=\"false\" value=\"\" type=\"email\" name=\"your-email\" \/><\/span>\n<\/p>\n<p>Temat\n<\/p>\n<p><span class=\"wpcf7-form-control-wrap\" data-name=\"your-subject\"><input size=\"40\" maxlength=\"400\" class=\"wpcf7-form-control wpcf7-text\" aria-invalid=\"false\" value=\"\" type=\"text\" name=\"your-subject\" \/><\/span>\n<\/p>\n<p>Tre\u015b\u0107 wiadomo\u015bci\n<\/p>\n<p><span class=\"wpcf7-form-control-wrap\" data-name=\"your-message\"><textarea cols=\"40\" rows=\"10\" maxlength=\"2000\" class=\"wpcf7-form-control wpcf7-textarea\" aria-invalid=\"false\" name=\"your-message\"><\/textarea><\/span>\n<\/p>\n<span class=\"wpcf7-form-control-wrap recaptcha\" data-name=\"recaptcha\"><span data-sitekey=\"6LeqvSQbAAAAAPx-8I3xwuPvQ_u_gqmtyAy_a99-\" class=\"wpcf7-form-control wpcf7-recaptcha g-recaptcha\"><\/span>\r\n<noscript>\r\n\t<div class=\"grecaptcha-noscript\">\r\n\t\t<iframe loading=\"lazy\" src=\"https:\/\/www.google.com\/recaptcha\/api\/fallback?k=6LeqvSQbAAAAAPx-8I3xwuPvQ_u_gqmtyAy_a99-\" frameborder=\"0\" scrolling=\"no\" width=\"310\" height=\"430\">\r\n\t\t<\/iframe>\r\n\t\t<textarea name=\"g-recaptcha-response\" rows=\"3\" cols=\"40\" placeholder=\"reCaptcha Response Here\">\r\n\t\t<\/textarea>\r\n\t<\/div>\r\n<\/noscript>\r\n<\/span>\n<p><input class=\"wpcf7-form-control wpcf7-submit has-spinner\" type=\"submit\" value=\"Wy\u015blij\" \/>\n<\/p><div class=\"wpcf7-response-output\" aria-hidden=\"true\"><\/div>\n<\/form>\n<\/div>\n\n<\/div>\n<\/div>\n<div class=\"contact-page-under-description\">\nNasi pracownicy pomog\u0105 rozwi\u0105za\u0107 Tw\u00f3j problem. Zapewniamy, \u017ce udzielimy Ci profesjonalnej pomocy i rozwiejemy wszystkie Twoje w\u0105tpliwo\u015bci. Czekamy na e-maile oraz telefony!\n<\/div>\n<\/div>\n","protected":false},"excerpt":{"rendered":"<p>Mapa O nas Poszukujesz linki do Twojego samochodu, do motocykla albo do innego pojazdu? A mo\u017ce pilnie potrzebny jest Ci w\u0105\u017c do maszyn przemys\u0142owych, w\u0105\u017c hydrauliczny,<span class=\"excerpt-hellip\"> [\u2026]<\/span><\/p>\n","protected":false},"author":4,"featured_media":0,"parent":0,"menu_order":0,"comment_status":"closed","ping_status":"closed","template":"","meta":{"footnotes":""},"class_list":["post-5745","page","type-page","status-publish","hentry"],"_links":{"self":[{"href":"https:\/\/www.linor.pl\/en\/wp-json\/wp\/v2\/pages\/5745","targetHints":{"allow":["GET"]}}],"collection":[{"href":"https:\/\/www.linor.pl\/en\/wp-json\/wp\/v2\/pages"}],"about":[{"href":"https:\/\/www.linor.pl\/en\/wp-json\/wp\/v2\/types\/page"}],"author":[{"embeddable":true,"href":"https:\/\/www.linor.pl\/en\/wp-json\/wp\/v2\/users\/4"}],"replies":[{"embeddable":true,"href":"https:\/\/www.linor.pl\/en\/wp-json\/wp\/v2\/comments?post=5745"}],"version-history":[{"count":0,"href":"https:\/\/www.linor.pl\/en\/wp-json\/wp\/v2\/pages\/5745\/revisions"}],"wp:attachment":[{"href":"https:\/\/www.linor.pl\/en\/wp-json\/wp\/v2\/media?parent=5745"}],"curies":[{"name":"wp","href":"https:\/\/api.w.org\/{rel}","templated":true}]}}