{"id":5747,"date":"2021-05-13T16:55:20","date_gmt":"2021-05-13T14:55:20","guid":{"rendered":"http:\/\/tkielar.pl\/polityka-prywatnosci\/"},"modified":"2021-06-09T13:54:15","modified_gmt":"2021-06-09T11:54:15","slug":"polityka-prywatnosci","status":"publish","type":"page","link":"https:\/\/www.linor.pl\/en\/polityka-prywatnosci\/","title":{"rendered":"PRIVACY POLICY"},"content":{"rendered":"<p>1. Nasza strona internetowa zwana dalej \u201eSerwisem\u201d nie zbiera w spos\u00f3b automatyczny \u017cadnych informacji, z wyj\u0105tkiem informacji zawartych w plikach cookies.<\/p>\n<p>2. Pliki cookies. \u201eciasteczka\u201d s\u0105 to dane informatyczne, w szczeg\u00f3lno\u015bci pliki tekstowe przechowywane na urz\u0105dzeniu ko\u0144cowym U\u017cytkownika Serwisu i przeznaczone s\u0105 do korzystania ze stron internetowych Serwisu.<\/p>\n<p>3. Pliki cookies zwykle zawieraj\u0105 nazw\u0119 strony internetowej, z kt\u00f3rej pochodz\u0105, czas przechowywania ich na urz\u0105dzeniu ko\u0144cowym oraz unikalny numer.<\/p>\n<p>4. Podmiotem, kt\u00f3ry zamieszcza na urz\u0105dzeniu ko\u0144cowym U\u017cytkownika Serwisu pliki cookies oraz<br \/>\nuzyskuj\u0105cym do nich dost\u0119p jest operator Serwisu Linor.pl Wojciech Dyjak z siedzib\u0105 pod adresem<\/p>\n<p>ul. Wilanowska 275, S\u0142omczyn 05-507.<\/p>\n<p>5. Pliki cookies wykorzystywane s\u0105 w celu:<\/p>\n<p>a) dopasowywania zawarto\u015bci stron www Serwisu do preferencji U\u017cytkownika oraz optymalizacji korzystania ze stron internetowych, przede wszystkim pliki cookies umo\u017cliwiaj\u0105 rozpoznanie urz\u0105dzenia U\u017cytkownika Serwisu i w\u0142a\u015bciwie wy\u015bwietlanie stron\u0119 www, dostosowanej do jego indywidualnych wymog\u00f3w;<\/p>\n<p>b) przygotowywania statystyk, kt\u00f3re pomagaj\u0105 oceni\u0107, w jaki spos\u00f3b U\u017cytkownicy Serwisu korzystaj\u0105 ze stron www, co pozwala na ulepszanie ich struktury i zawarto\u015bci;<\/p>\n<p>c) utrzymanie sesji U\u017cytkownika Serwisu po zalogowaniu, dzi\u0119ki kt\u00f3rej U\u017cytkownik nie musi na ka\u017cdej podstronie Serwisu ponownie wpisywa\u0107 loginu i has\u0142a.<\/p>\n<p>6. W ramach Serwisu stosuje si\u0119 dwa typowe rodzaje plik\u00f3w cookies: \u201esesyjne\u201d oraz \u201esta\u0142e\u201d.<\/p>\n<p>7. Cookies \u201esesyjne\u201d s\u0105 plikami tymczasowymi przechowywanymi w urz\u0105dzeniu ko\u0144cowym U\u017cytkownika do czasu wylogowania, opuszczenia strony internetowej lub wy\u0142\u0105czenia oprogramowania (przegl\u0105darki internetowej).<\/p>\n<p>8. \u201eSta\u0142e\u201d pliki cookies przechowywane s\u0105 w urz\u0105dzeniu ko\u0144cowym U\u017cytkownika przez czas okre\u015blony w parametrach plik\u00f3w cookies lub do czasu ich usuni\u0119cia przez U\u017cytkownika.<\/p>\n<p>9. W ramach Serwisu stosowane s\u0105 nast\u0119puj\u0105ce rodzaje plik\u00f3w cookies:<\/p>\n<p>a) \u201eniezb\u0119dne\u201d pliki cookies, kt\u00f3re pozwalaj\u0105 na korzystanie z us\u0142ug dost\u0119pnych w ramach Serwisu, np. uwierzytelniaj\u0105ce pliki cookies wykorzystywane do us\u0142ug wymagaj\u0105cych uwierzytelniania w ramach Serwisu;<\/p>\n<p>b) pliki cookies, kt\u00f3re s\u0142u\u017c\u0105 do zapewnienia bezpiecze\u0144stwa, np. stosuje si\u0119 je do wykrywania nadu\u017cy\u0107 w zakresie uwierzytelniania w ramach Serwisu;<\/p>\n<p>c) \u201ewydajno\u015bciowe\u201d pliki cookies, kt\u00f3re pozwalaj\u0105 na gromadzenie danych o sposobie korzystania ze stron www Serwisu;<\/p>\n<p>d) \u201efunkcjonalne\u201d pliki cookies, kt\u00f3re pozwalaj\u0105 na pami\u0119tanie wybranych przez U\u017cytkownika ustawie\u0144 oraz na indywidualizacj\u0119 interfejsu U\u017cytkownika, np. w zakresie wybranego j\u0119zyka lub regionu, z kt\u00f3rego pochodzi U\u017cytkownik, rozmiaru czcionki, wygl\u0105du strony internetowej itp.;<\/p>\n<p>e) \u201ereklamowe\u201d pliki cookies, pozwalaj\u0105ce na dostarczanie U\u017cytkownikom tre\u015bci reklamowych bardziej dostosowanych do ich zainteresowa\u0144.<\/p>\n<p>10. Oprogramowanie wykorzystywane do przegl\u0105dania stron www, czyli przegl\u0105darka internetowa domy\u015blnie pozwala na przechowywanie plik\u00f3w cookies w urz\u0105dzeniu ko\u0144cowym U\u017cytkownika. U\u017cytkownicy Serwisu mog\u0105 dokona\u0107 w ka\u017cdym czasie zmiany tych ustawie\u0144. Ustawienia te mo\u017cna zmieni\u0107 zw\u0142aszcza tak, by blokowa\u0142y automatyczn\u0105 obs\u0142ug\u0119 plik\u00f3w cookies w ustawieniach przegl\u0105darki internetowej lub informowa\u0142y o ich ka\u017cdorazowym zamieszczeniu w urz\u0105dzeniu U\u017cytkownika Serwisu.<br \/>\n11. Szczeg\u00f3\u0142owe informacje o mo\u017cliwo\u015bci i sposobach obs\u0142ugi plik\u00f3w cookies dost\u0119pne s\u0105 w ustawieniach oprogramowania (przegl\u0105darki internetowej).<\/p>\n<p>12. Operator Serwisu informuje, \u017ce ograniczenia stosowania plik\u00f3w cookies mog\u0105 wp\u0142yn\u0105\u0107 na niekt\u00f3re funkcjonalno\u015bci dost\u0119pne na stronach internetowych Serwisu.<\/p>\n<p>13. Pliki cookies zamieszczane w urz\u0105dzeniu ko\u0144cowym U\u017cytkownika Serwisu i wykorzystywane mog\u0105 by\u0107 r\u00f3wnie\u017c przez wsp\u00f3\u0142pracuj\u0105cych z operatorem Serwisu reklamodawc\u00f3w oraz partner\u00f3w.<\/p>\n<p>14. Wi\u0119cej informacji na temat plik\u00f3w cookies dost\u0119pnych jest w sekcji \u201ePomoc\u201d w menu przegl\u0105darki internetowej.<\/p>\n","protected":false},"excerpt":{"rendered":"<p>1. Nasza strona internetowa zwana dalej \u201eSerwisem\u201d nie zbiera w spos\u00f3b automatyczny \u017cadnych informacji, z wyj\u0105tkiem informacji zawartych w plikach cookies. 2. Pliki cookies. \u201eciasteczka\u201d s\u0105<span class=\"excerpt-hellip\"> [\u2026]<\/span><\/p>\n","protected":false},"author":4,"featured_media":0,"parent":0,"menu_order":0,"comment_status":"closed","ping_status":"closed","template":"","meta":{"footnotes":""},"class_list":["post-5747","page","type-page","status-publish","hentry"],"_links":{"self":[{"href":"https:\/\/www.linor.pl\/en\/wp-json\/wp\/v2\/pages\/5747","targetHints":{"allow":["GET"]}}],"collection":[{"href":"https:\/\/www.linor.pl\/en\/wp-json\/wp\/v2\/pages"}],"about":[{"href":"https:\/\/www.linor.pl\/en\/wp-json\/wp\/v2\/types\/page"}],"author":[{"embeddable":true,"href":"https:\/\/www.linor.pl\/en\/wp-json\/wp\/v2\/users\/4"}],"replies":[{"embeddable":true,"href":"https:\/\/www.linor.pl\/en\/wp-json\/wp\/v2\/comments?post=5747"}],"version-history":[{"count":0,"href":"https:\/\/www.linor.pl\/en\/wp-json\/wp\/v2\/pages\/5747\/revisions"}],"wp:attachment":[{"href":"https:\/\/www.linor.pl\/en\/wp-json\/wp\/v2\/media?parent=5747"}],"curies":[{"name":"wp","href":"https:\/\/api.w.org\/{rel}","templated":true}]}}