{"id":5752,"date":"2021-05-13T16:54:56","date_gmt":"2021-05-13T14:54:56","guid":{"rendered":"http:\/\/tkielar.pl\/o-nas\/"},"modified":"2021-06-09T13:51:17","modified_gmt":"2021-06-09T11:51:17","slug":"o-nas","status":"publish","type":"page","link":"https:\/\/www.linor.pl\/en\/o-nas\/","title":{"rendered":"ABOUT US"},"content":{"rendered":"<div>\n<h3 class=\"custom-topic-header\">\n<span class=\"custom-topic-text\">O nas<\/span><br \/>\n<\/h3>\n<p> <strong>Nasza firma Linor jest producentem i dystrybutorem linek samochodowych oraz w\u0119\u017cy przemys\u0142owych. W naszym asortymencie mo\u017cna znale\u017a\u0107 linki przeznaczone do wszystkich polskich i wielu zagranicznych marek samochod\u00f3w oraz motocykli.<\/strong> Zajmujemy si\u0119 r\u00f3wnie\u017c produkowaniem w\u0119\u017cy przemys\u0142owych \u2013 hydraulicznych i pryzmatycznych oraz w\u0119\u017cy do mycia kanalizacji. Poza standardow\u0105 ofert\u0105 wykonujemy r\u00f3wnie\u017c wiele projekt\u00f3w na indywidualne zlecenie.\n<\/p>\n<p><\/br><\/p>\n<p> Co dok\u0142adanie oferujemy? W\u015br\u00f3d naszych produkt\u00f3w mo\u017cna wymieni\u0107 linki samochodowe przeznaczone do konkretnych cz\u0119\u015bci samochodowych, jak np. gaz, hamulec r\u0119czny, hamulce, maska, kabina, pr\u0119dko\u015bciomierz, regulacja fotela, rozrusznik, tachograf, sprz\u0119g\u0142o, zamek drzwi czy skrzynia bieg\u00f3w. S\u0105 to produkty dedykowane do odpowiednich marek, jak np. Alfa Romeo, Audi, BMW, Chrysler, Citroen, Dacia, Daewoo, Daf, Daihatsu, Fiat, Ford, Fsm, Fso, Honda, Hyundai, Ifa, Isuzu, Iveco, Jeep, Kia, Lancia, Land Rover, Man, Mazda, Mercedes, Mini Morris, Mitsubishi, Moskwicz, Nissan, Nysa, Opel, Peugeot, Pontiac, Renault, Rover, Saab, Seat, Skoda, Smart, Star, Subaru, Suzuki, Toyota, Trabant, Volkswagen, Volvo, Zaz, \u0141ada oraz wielu innych.\n<\/p>\n<p><\/br><\/p>\n<p>\n<u>Linor to firma z ogromnym do\u015bwiadczeniem. Jeste\u015bmy specjalistami w naszej dziedzinie.<\/u> Wszystkie produkcje wykonujemy fachowo, solidnie, bezpiecznie, z najlepszych materia\u0142\u00f3w. Posiadamy wiele cennych certyfikat\u00f3w jako\u015bciowych praz spe\u0142niamy wszystkie normy prawne. Zapewniamy doskona\u0142e ceny oraz atrakcyjn\u0105 wsp\u00f3\u0142prac\u0119!<\/p>\n<\/div>\n","protected":false},"excerpt":{"rendered":"<p>O nas Nasza firma Linor jest producentem i dystrybutorem linek samochodowych oraz w\u0119\u017cy przemys\u0142owych. W naszym asortymencie mo\u017cna znale\u017a\u0107 linki przeznaczone do wszystkich polskich i wielu<span class=\"excerpt-hellip\"> [\u2026]<\/span><\/p>\n","protected":false},"author":4,"featured_media":0,"parent":0,"menu_order":0,"comment_status":"closed","ping_status":"closed","template":"","meta":{"footnotes":""},"class_list":["post-5752","page","type-page","status-publish","hentry"],"_links":{"self":[{"href":"https:\/\/www.linor.pl\/en\/wp-json\/wp\/v2\/pages\/5752","targetHints":{"allow":["GET"]}}],"collection":[{"href":"https:\/\/www.linor.pl\/en\/wp-json\/wp\/v2\/pages"}],"about":[{"href":"https:\/\/www.linor.pl\/en\/wp-json\/wp\/v2\/types\/page"}],"author":[{"embeddable":true,"href":"https:\/\/www.linor.pl\/en\/wp-json\/wp\/v2\/users\/4"}],"replies":[{"embeddable":true,"href":"https:\/\/www.linor.pl\/en\/wp-json\/wp\/v2\/comments?post=5752"}],"version-history":[{"count":0,"href":"https:\/\/www.linor.pl\/en\/wp-json\/wp\/v2\/pages\/5752\/revisions"}],"wp:attachment":[{"href":"https:\/\/www.linor.pl\/en\/wp-json\/wp\/v2\/media?parent=5752"}],"curies":[{"name":"wp","href":"https:\/\/api.w.org\/{rel}","templated":true}]}}