{"id":5754,"date":"2021-05-13T16:54:47","date_gmt":"2021-05-13T14:54:47","guid":{"rendered":"http:\/\/tkielar.pl\/oferta\/"},"modified":"2021-06-10T22:41:32","modified_gmt":"2021-06-10T20:41:32","slug":"oferta","status":"publish","type":"page","link":"https:\/\/www.linor.pl\/en\/oferta\/","title":{"rendered":"OFFER"},"content":{"rendered":"<div class=\"offer-main-page-content\">\n<h3 class=\"custom-topic-header\">\n<span class=\"custom-topic-text\">Oferta<\/span><br \/>\n<\/h3>\n<h1>Linki samochodowe<\/h1>\n<p style=\"text-align: justify;\">Nasza firma Linor to lider w produkcji i dystrybucji linek samochodowych. W zakresie naszych dzia\u0142a\u0144 znajduj\u0105 si\u0119 konkretne rodzaje linek, wyspecjalizowane, dedykowane dla konkretnych element\u00f3w samochodu, do poszczeg\u00f3lnych marek, a nawet modeli. To sprawia, \u017ce nasze propozycje s\u0105 zindywidualizowane, mo\u017cna znale\u017a\u0107, to co jest konkretnie potrzebne do danego pojazdu.<\/p>\n<p style=\"margin-bottom: 0cm; text-align: justify;\"><img decoding=\"async\" class=\" alignright\" src=\"https:\/\/www.linor.pl\/\/wp-content\/uploads\/2021\/05\/linki-samochodowe-linor.jpg\" alt=\"Najlepsze linki samochodowe\"><\/p>\n<p style=\"text-align: justify;\">Przygotowali\u015bmy szerok\u0105 ofert\u0119 dla naszych Klient\u00f3w. W\u015br\u00f3d proponowanych przez nas produkt\u00f3w mo\u017cna znale\u017a\u0107 szeroki wachlarz cz\u0119\u015bci samochodowych. <strong>Przede wszystkim dystrybuujemy r\u00f3\u017cnego rodzaju linki samochodowe oraz<a href=\"\/weze-przemyslowe\/\"> w\u0119\u017ce przemys\u0142owe<\/a> <\/strong>(zar\u00f3wno <a href=\"\/weze-przemyslowe\/hydrauliczne\/\">hydrauliczne<\/a>, jak i <a href=\"\/weze-przemyslowe\/pneumatyczne\/\">pneumatyczne<\/a>). Zapraszamy do zapoznania si\u0119 z nasz\u0105 ofert\u0119. Gwarantujemy, \u017ce wszystkie produkty, kt\u00f3re mo\u017cna znale\u017a\u0107 w naszym bogatym asortymencie s\u0105 wysokiej jako\u015bci, trwa\u0142e i niezawodne.<\/p>\n<h2 style=\"text-align: justify;\">Szeroki wyb\u00f3r linek samochodowych<\/h2>\n<p style=\"text-align: justify;\">Linki samochodowe to r\u00f3\u017cnego rodzaju cz\u0119\u015bci, bez kt\u00f3rych samoch\u00f3d nie mo\u017ce funkcjonowa\u0107. S\u0105 one niezast\u0105pione, ale musz\u0105 by\u0107 sprawne, trwa\u0142e, solidnie wykonane. I takie mo\u017cna znale\u017a\u0107 w naszym sklepie. A jakie konkretnie? Polecam ci\u0119g\u0142a, czyli linki kt\u00f3re s\u0142u\u017c\u0105 do przenoszenia ruchu mi\u0119dzy r\u00f3\u017cnymi cz\u0119\u015bciami w samochodzie.<\/p>\n<p style=\"text-align: justify;\"><strong>W naszej ofercie mo\u017cna znale\u017a\u0107 linki przeznaczone do takich cz\u0119\u015bci samochodu, jak:<\/strong><\/p>\n<ul style=\"text-align: justify;\">\n<li><strong><a href=\"\/oferta\/gazu\/\">gaz<\/a>&nbsp;<\/strong>&#8211;&nbsp;Linki gazu nale\u017c\u0105 r\u00f3wnie\u017c do najwa\u017cniejszych w aucie, obok linek hamulcowych i sprz\u0119g\u0142a. Bez tych trzech linek niemo\u017cliwe jest prowadzenie samochodu, podobnie jak wtedy gdy zawodzi jedna z nich lub ulega awarii. Nale\u017cy jednak pami\u0119ta\u0107, i\u017c zanim dojdzie do awarii, w linkach samochodowych p\u0119kaj\u0105 pow\u0142oki, s\u0105 mniej elastyczne i ci\u0119\u017cej si\u0119 pracuje peda\u0142ami sprz\u0119g\u0142a, gazu, czy hamulca. S\u0105 to znaki ostrzegawcze. W\u00f3wczas ju\u017c wtedy lepiej wymieni\u0107 link\u0119, ni\u017c czeka\u0107 na pogorszenie si\u0119 sytuacji lub awari\u0119 w trakcie jazdy po mie\u015bcie czy na d\u0142ugiej trasie.<\/li>\n<li><strong><a href=\"\/oferta\/hamulca-recznego\/\">hamulec r\u0119czny<\/a><\/strong>&nbsp;&#8211;&nbsp;poziom bezpiecze\u0144stwa w samochodzie w du\u017cej mierze uzale\u017cniony jest od jako\u015bci linek samochodowych, zw\u0142aszcza hamulca r\u0119cznego. Je\u017celi nie s\u0105 one w por\u0119 wymieniane, w\u00f3wczas w trakcie jazdy mo\u017ce spotka\u0107 nas bardzo niemi\u0142a niespodzianka w postaci przerwanej linki samochodowej. W\u00f3wczas skutki mog\u0105 by\u0107 tragiczne. Mo\u017cna unikn\u0105\u0107 tego w bardzo prosty spos\u00f3b, dbaj\u0105c o wymian\u0119 linek samochodowych szczeg\u00f3lnie wtedy, gdy zauwa\u017camy znaczna r\u00f3\u017cnic\u0119 w korzystaniu z hamulca.<\/li>\n<li><strong><a href=\"\/oferta\/hamulcowe\/\">hamulce<\/a><\/strong>&nbsp;&#8211;&nbsp;linka hamulca w aucie jest jedn\u0105 z najwa\u017cniejszych. W ka\u017cdym samochodzie s\u0105 dwie linki: hamulca r\u0119cznego i klasycznego. Wymieniaj\u0105c link\u0119 samochodow\u0105, trzeba poda\u0107 model, mark\u0119 i rocznik auta, gdy\u017c s\u0105 one dopasowywane do <a href=\"http:\/\/pl.wikipedia.org\/wiki\/System_hamulcowy_samochodu\" target=\"_blank\" rel=\"noopener\">uk\u0142adu hamulcowego<\/a> w poszczeg\u00f3lnych pojazdach. Istniej\u0105 tak\u017ce r\u00f3\u017cne rodzaje linek samochodowych, w zale\u017cno\u015bci od techniki wykonania i materia\u0142u. Zapleciona druty tworz\u0105 mini linki, kt\u00f3re z kolei sk\u0142adaj\u0105 si\u0119 na link\u0119 hamulcow\u0105 lub sprz\u0119g\u0142a. Cechuj\u0105 si\u0119 one du\u017c\u0105 elastyczno\u015bci\u0105. Drugim rodzajem s\u0105 linki, na kt\u00f3re sk\u0142adaj\u0105 si\u0119 tylko zaplecione druty. R\u00f3wnie\u017c maj\u0105 one zastosowanie jako linki hamulcowe i sprz\u0119g\u0142a. Charakterystyczn\u0105 cech\u0105 tego rodzaju linek jest du\u017ca wytrzyma\u0142o\u015b\u0107. W linkach hamulcowych i sprz\u0119g\u0142a stosowany jest r\u00f3wnie\u017c specjalny smar, kt\u00f3ry wyra\u017anie zmniejsza tarcie<\/li>\n<li><strong><a href=\"\/oferta\/otwierania-maski\/\">otwieranie maski<\/a><\/strong>&nbsp;&#8211;&nbsp;mechanizm otwierania maski w samochodzie r\u00f3wnie\u017c oparty jest na lince. Je\u017celi widoczne s\u0105 utrudnienia w otwieraniu maski, zamykaniu jej, lub nie zbyt swobodnie opada, widoczny jest du\u017cy luz, w\u00f3wczas koniecznie nale\u017cy zadba\u0107 o wymian\u0119 linki otwierania maski, zanim zacznie sprawia\u0107 wi\u0119ksze problemy<\/li>\n<li><strong><a href=\"\/oferta\/podnoszenia-kabiny\/\">podnoszenie kabiny<\/a>&nbsp;<\/strong>&#8211;&nbsp;linki tego typu sa ma\u0142o znane i bardzo rzadko wymieniane. Zazwyczaj dzieje si\u0119 to wtedy, gdy zupe\u0142nie ju\u017c nie mo\u017cemy podnie\u015b\u0107 kabiny, ca\u0142kowicie si\u0119 ona zacina i przysparza wi\u0119cej problem\u00f3w. Mo\u017cna jednak ich \u0142atwo unikn\u0105\u0107 dbaj\u0105c o regularn\u0105 wymian\u0119 i kontrol\u0119 linek w samochodzie. Warto zadba\u0107 r\u00f3wnie\u017c o to, aby wymieniane linki by\u0142y jak najwy\u017cszej jako\u015bci.<\/li>\n<li><strong><a href=\"\/oferta\/predkosciomierza\/\">pr\u0119dko\u015bciomierz<\/a><\/strong>&nbsp;&#8211;&nbsp;linki samochodowe pr\u0119dko\u015bciomierza s\u0105 bardzo wa\u017cne, gdy\u017c pozwalaj\u0105 na prawid\u0142ow\u0105 ocen\u0119 osi\u0105ganej pr\u0119dko\u015bci i przyczyniaj\u0105 si\u0119 do jej dostosowania wobec panuj\u0105cych warunk\u00f3w na drodze i przepis\u00f3w. W wielu autach nie czuje si\u0119 osi\u0105ganej pr\u0119dko\u015bci dop\u00f3ki kierowca nie spojrzy na pr\u0119dko\u015bciomierz, kt\u00f3ry zawodzi, je\u017celi linka jest uszkodzona.<\/li>\n<li><strong><a href=\"\/oferta\/regulacji-fotela\/\">regulacja fotela<\/a>&nbsp;<\/strong>&#8211;&nbsp;ka\u017cdy kierowca lubi mie\u0107 dopasowany fotel. Wyregulowany odpowiednio zapewnia komfort jazdy i dobr\u0105 widoczno\u015b\u0107 w lusterkach, kt\u00f3re r\u00f3wnie\u017c musz\u0105 by\u0107 ustawione, oraz wysoko\u015b\u0107 i pole widzenia. Dlatego te\u017c, gdy linki regulacji fotela s\u0105 uszkodzone, przestaj\u0105 dzia\u0142a\u0107, nale\u017cy je niezw\u0142ocznie wymieni\u0107.<\/li>\n<li><strong><a href=\"\/oferta\/rozrusznika\/\">rozrusznik<\/a><\/strong>&nbsp;&#8211;&nbsp;bez sprawnej linki rozrusznika nie mo\u017cemy sprawnie porusza\u0107 si\u0119 pojazdem, gdy\u017c ta cz\u0119\u015b\u0107 samochodu jest wsp\u00f3\u0142odpowiedzialna za jego zap\u0142on. Linka rozrusznika pracuje za ka\u017cdym razem, gdy uruchamiamy samoch\u00f3d. Czasami ci\u0119\u017cko dostrzec lub wyczu\u0107, czy jest uszkodzona, wi\u0119c tym bardziej nale\u017cy dba\u0107 o regularn\u0105 kontrol\u0119 linki i jej wymian\u0119.<\/li>\n<li><strong><a href=\"\/oferta\/sprzegla\/\">sprz\u0119g\u0142o<\/a><\/strong>&nbsp;&#8211;&nbsp;Jest to kolejny rodzaj linek samochodowych, na kt\u00f3re trzeba zwraca\u0107 szczeg\u00f3ln\u0105 uwag\u0119. Bez sprz\u0119g\u0142a nie ma mo\u017cliwo\u015bci poruszania si\u0119 autem, zmiany bieg\u00f3w, a je\u017celi zlekcewa\u017cymy znaki ostrzegawcze i linka p\u0119knie w trakcie jazdy, w\u00f3wczas mamy nie lada problem. Jednak \u0142atwiej b\u0119dzie nam zatrzyma\u0107 auto ni\u017c przy awarii linki hamulcowej.<\/li>\n<li><strong><a href=\"\/oferta\/tachografu\/\">tachograf<\/a><\/strong>&nbsp;&#8211;&nbsp;bez sprawnego tachografu zawodowi kierowcy nie maj\u0105 prawa wyje\u017cd\u017ca\u0107 na drog\u0119. Jest to bardzo wa\u017cna cz\u0119\u015b\u0107 w ka\u017cdym aucie, gdy\u017c na podstawie pomiar\u00f3w czasu i przejechanych kilometr\u00f3w, zawodowi kierowcy maj\u0105 przerwy, kt\u00f3re musz\u0105 by\u0107 zgodne z przepisami. Je\u017celi linka w tachografie jest uszkodzona i to powa\u017cnie, w\u00f3wczas to urz\u0105dzenie mo\u017ce nie dzia\u0142a\u0107 spranie co przyczyni si\u0119 do zbyt kr\u00f3tkiego odpoczynku dla kierowc\u00f3w.<\/li>\n<li><strong><a href=\"\/oferta\/zamka-drzwi\/\">zamek drzwi<\/a>&nbsp;&#8211;<\/strong>&nbsp;w samochodzie mo\u017ce zacina\u0107 si\u0119 z r\u00f3\u017cnych przyczyn; w zimie najcz\u0119\u015bciej dzieje si\u0119 to z powodu silnych mroz\u00f3w, jednak zamki w drzwiach samochodu mog\u0105 nie dzia\u0142a\u0107 lub te\u017c zacina\u0107 si\u0119 ze wzgl\u0119du na uszkodzon\u0105, wytart\u0105 link\u0119. Po co czeka\u0107, a\u017c tak si\u0119 stanie, skoro mo\u017cna regularnie sprawdza\u0107 stan linek samochodowych i wiedzie\u0107, kiedy nale\u017cy je wymieni\u0107? Linki od zamka w drzwiach w naszej ofercie odznaczaj\u0105 si\u0119 doskona\u0142a jako\u015bci\u0105, elastyczno\u015bci\u0105 i wytrzyma\u0142o\u015bci\u0105. Polecamy!<\/li>\n<li><strong><a href=\"\/oferta\/zmiany-biegow\/\">zmiany bieg\u00f3w<\/a><\/strong>&nbsp;-obok sprz\u0119g\u0142a, s\u0105 to linki pe\u0142ni\u0105ce kluczowe role przy rozwijaniu pr\u0119dko\u015bci i zmienianiu bieg\u00f3w. Je\u017celi tego typu linki s\u0105 uszkodzone, wytarte, a my nie wymienimy ich przed ca\u0142kowitym zniszczeniem, w\u00f3wczas podczas jazdy mo\u017ce nas spotka\u0107 bardzo przykra niespodzianka w postaci przerwania si\u0119 linki zmiany bieg\u00f3w, co b\u0119dzie niebezpieczne. Dlatego te\u017c warto dba\u0107 nie tylko o regularn\u0105 wymian\u0119 tych linek, ale tak\u017ce o to, aby by\u0142y one najwy\u017cszej jako\u015bci.<\/li>\n<\/ul>\n<p style=\"text-align: justify;\"><strong>W naszej ofercie znajd\u0105 Pa\u0144stwo linki hamulcowe najwy\u017csze jako\u015bci,<\/strong> dostosowane do wielu marek i modeli samochod\u00f3w. Oferujemy szeroki wyb\u00f3r linek samochodowych r\u00f3\u017cnego typu i zastosowania.<\/p>\n<h3 style=\"text-align: justify;\"><img decoding=\"async\" class=\"alignleft\" src=\"https:\/\/www.linor.pl\/\/wp-content\/uploads\/2021\/06\/linka-samochodowa-linor.jpg\" alt=\"Linki samochodowe wysokiej jako\u015bci.\">&nbsp;<strong>Linki do gazu<\/strong><\/h3>\n<p style=\"text-align: justify;\">S\u0105 stosowane w ga\u017anikach, kt\u00f3re s\u0105 cz\u0119\u015bci\u0105 uk\u0142adu zasilania silnika spalinowego. Linki do hamulca r\u0119cznego s\u0105 jednym z element\u00f3w hamulca postojowego stosowanego w celu zabezpieczenia pojazdu przed zjechaniem z miejsca postoju oraz na wypadek awarii hamulca podstawowego. Linki do hamulc\u00f3w pozwalaj\u0105 na sprawne dzia\u0142ania ca\u0142ego systemu hamowania samochodu uruchamianego za pomoc\u0105 nogi poprzez naci\u015bni\u0119cie peda\u0142u hamulca. Dzi\u0119ki linkom do otwierania maski mo\u017cna bez przeszk\u00f3d otwiera\u0107 przedni\u0105 klap\u0119 samochodu, by np. sprawdzi\u0107 stan p\u0142yn\u00f3w samochodowych. Na sprawne dzia\u0142anie kabiny maj\u0105 wp\u0142yw linki do podnoszenia kabiny. Linki znalaz\u0142y zastosowanie tak\u017ce w pr\u0119dko\u015bciomierzu, przy regulacji fotela i rozruszniki. Zapewniaj\u0105 poprawne dzia\u0142anie sprz\u0119g\u0142a, bieg\u00f3w, drzwi oraz tachografu. Oferowane przez nas linki samochodowe s\u0105 produktami najlepszej jako\u015bci. Zapewniaj\u0105 sprawne dzia\u0142anie cz\u0119\u015bciom, do kt\u00f3rych s\u0105 przeznaczone. Charakteryzuj\u0105 si\u0119 doskona\u0142ym wykonaniem, dzi\u0119ki czemu s\u0105 mocne, trwa\u0142e, solidne. Sprawdz\u0105 si\u0119 w 100%.<\/p>\n<p style=\"text-align: justify;\">Oferowane przez nas linki samochodowe \u2013 zar\u00f3wno te do gazu, hamulca r\u0119cznego, hamulc\u00f3w, jak i do otwierania maski, poodnoszenia kabiny, pr\u0119dko\u015bciomierza, regulacji fotela, rozrusznika, sprz\u0119g\u0142a, tachografu, zamka drzwi czy bieg\u00f3w \u2013 s\u0105 dost\u0119pne do <a href=\"\/oferta\/linki-samochodowe-marki\/\">samochod\u00f3w poszczeg\u00f3lnych marek<\/a>. <strong>I tak mo\u017cna znale\u017a\u0107 w naszym asortymencie linki samochodowe przeznaczone do takich marek, jak<\/strong><\/p>\n<ul style=\"text-align: justify;\">\n<li>Alfa Romeo (145, 146, 155, 156, 164, 166 oraz 33),<\/li>\n<li>Audi (mi\u0119dzy innymi do modeli Audi 100, Audi 200, Audi 50, Audi 80\/90\/Coupe, Audi A4, Audi A6),<\/li>\n<li>BMW,<\/li>\n<li>Chrysler (do modeli Voyager),<\/li>\n<li>Citroen (dla Ax, Berlingo, Bx, C15, C2, C25, Cx, Jumper, Jumpy, Saxo, Visa, Xantia, Xm, Xsara, Xsara Picasso, Zx).,<\/li>\n<li>Dacia (db, Combi oraz Logan),<\/li>\n<li>Daewoo (modele Daewoo Damas, Daewoo Espero, Daewoo Evanda, Daewoo Lanos, Daewoo Leganza, Daewoo Lublin, Daewoo Matiz, Daewoo Musso, Daewoo Nexia, Daewoo Nubira oraz Daewoo Tico),<\/li>\n<li>Daf (DAF 400, DAF 45\/55\/800, DAF 85, DAF 900, DAF 95 XF),<\/li>\n<li>Daihatsu (do modeli Daihatsu Applause, Daihatsu Charade, Daihatsu Charmant, Daihatsu Feroza, Daihatsu Rocky),<\/li>\n<li>Fiat (Fiat 125, Fiat 126 Bis, Fiat 126 P, Fiat 500, Fiat Bravo\/Brava, Fiat Cinquecento, Fiat Coupe, Fiat Croma, Fiat Doblo, Fiat Ducato, Fiat Fiorino, Fiat Idea, Fiat Marea, Fiat Mutipla, Fiat Palio\/Siena, Fiat Panda, Fiat Punto, Fiat Regata, Fiat Ritmo, Fiat Scudo, Fiat Seicento, Fiat Stilo, Fiat Tipo\/Tempra, Fiat Ulysse oraz Fiat Uno),<\/li>\n<li>Ford (s\u0105 to modele do C-Max, Capri, Cargo, Econovan, Escort\/Orion, Fiesta, Focus, Galaxy, Ka, Maverick, Mondeo, Scorpio, Sierra, Taurus, Transit,Windstar),<\/li>\n<li>Fsm,<\/li>\n<li>Fso (Polonez, Polonez Caro, Polonez Caro Plus, Polonez Truck oraz \u017buk),<\/li>\n<li>Honda (modele: Accord, Civic, Concerto, CRV oraz Prelude), Hyundai (Accent, Coupe, H1, H100, Lantra, Pony, Proton, Sonata),<\/li>\n<li>Ifa ( IFA L50 oraz IFA L60),<\/li>\n<li>Isuzu (do modeli Isuzu Gemini, Isuzu Midi, Isuzu Trooper),<\/li>\n<li>Iveco (Iveco Daily, Iveco Eurocargo oraz Iveco Otoyol),<\/li>\n<li>Jeep (linki dla Jeep Grand Cherokee),<\/li>\n<li>Kia (Asia Rocsta, Carnival, Ceres, K2700, Picanto, Sephia oraz Shuma),<\/li>\n<li>Lancia (modele Kappa, Libra, Thema oraz Y),<\/li>\n<li>Land Rover (dla modelu Freelander), Man (Tgl Xl 12.240),<\/li>\n<li>Mazda (dla modeli Mazda 121, Mazda 323, Mazda 626,Mazda Tribut),<\/li>\n<li>Mercedes (linki przeznaczone dla modeli 1314, 190, 207, 308, 309, 406, 407, 408, 507, 607, 608, 609, 709, 808, 809, A-Klasa, Atego, C, E, G, Mb 100, Sprinter, Viano, Vito, W-115, W-123, W-124, W-126, W-210) ,<\/li>\n<li>Mini Morris,<\/li>\n<li>Mitsubishi (Canter, Carisma, Colt, Cordia, Galant, L200, L300, Lancer, Pajero, Sapporo, Space Star oraz Space Wagon),<\/li>\n<li>Moskwicz (dla modelu Aleco), Nissan (Almera, Atleon, Bluebird, Cabstar, Laurel, Maxima, Micra, Patrol, Prairie, Primastar Van, Primera, Quest, Sentra, Serena, Sunny, Terrano, Trade, Urvan oraz Vanette),<\/li>\n<li>Nysa,<\/li>\n<li>Opel (linki dla modeli Agila, Ascona, Astra, Combo, Corsa, Frontera, Kadett, Monterey, Omega, Record, Sintra, Vectra, Vivaro, Zafira),<\/li>\n<li>Peugeot, ( 106, 205, 304, 305, 306, 307, 309, 405, 406, 505, 605, 607, 806, 807, Boxer, Expert, Partner),<\/li>\n<li>Pontiac (Trans Port), Renault (dla modeli 18, 19, 21, 25, 5, Clio, Espace, Express, Kangoo, Laguna, Magnum, Mascot, Master, Megane, Messanger, Midlander, Premium, Safrane, Scenic, Thalia, Trafic),<\/li>\n<li>Rover (modele Rover 100, 200, 400, 600, 800), Saab (900),<\/li>\n<li>Seat (dla modeli Arosa, Ibiza, Marabella, Terra oraz Toledo),<\/li>\n<li>Skoda (Skoda 100, Skoda 105, Skoda Favorit, Skoda Felcia,, Skoda Octavia),<\/li>\n<li>Smart (Fortwo),<\/li>\n<li>Star (dla modeli 1142, 12155, 244, 266, 742), Subaru (Justy oraz Libero),<\/li>\n<li>Suzuki (modele Alto, Carry, Jimmy, Maruti, Samurai, Swift, Vitara czy Wagon R+),<\/li>\n<li>Toyota (Avensis, Camry, Carina, Celica, Corolla, Dyna, Hiace, Hilux, Land Cruise, Liteace, Previa, Rav4, Starlet Tercel, Yaris),<\/li>\n<li>Trabant (1.1),<\/li>\n<li>Volkswagen (dla modeli Caddy Golf, Lt Lupo, Passat, Polo, Sirocco, Transporter oraz Vento),<\/li>\n<li>Volvo (240, 340, 440, 740, 850, S40, S70, V40,V50, V70),<\/li>\n<li>Zaz (Tavria),<\/li>\n<li>\u0141ada (dla modeli \u0141ada 2101, \u0141ada 2106, \u0141ada 2107, \u0141ada 2110, Niva, Oka oraz Samara) oraz wielu innych.<\/li>\n<\/ul>\n<p style=\"text-align: justify;\"><em>Wszystkie te linki \u2013 niezale\u017cnie od ich przeznaczenia \u2013 s\u0105 rekomendowane przez renomowane firmy, posiadamy certyfikaty jako\u015bci i wielu zadowolonych Klient\u00f3w indywidualnych oraz firmowych.<\/em> Materia\u0142ami, kt\u00f3re wykorzystujemy w produkcji s\u0105 stal, guma, tworzywa sztuczne oraz ich komponenty, z kt\u00f3rych wytwarzana jest m.in. linka gazu czy te\u017c linka hamulcowa.<\/p>\n<p style=\"text-align: justify;\"><img decoding=\"async\" class=\"alignleft\" src=\"https:\/\/www.linor.pl\/\/wp-content\/uploads\/2021\/06\/linki-samochodowe-sprzedaz-linor.jpg\" alt=\"Linki samochodowe - produkcja i sprzeda\u017c.\"><\/p>\n<p style=\"text-align: justify;\">&nbsp;<\/p>\n<p style=\"text-align: justify;\">W\u015br\u00f3d naszych propozycji mo\u017cna znale\u017a\u0107 w\u0119\u017ce przemys\u0142owe, kt\u00f3re ciesz\u0105 si\u0119 renom\u0105 zar\u00f3wno na rynku polskim, jaki i zagranicznym. S\u0105 one stosowane w wielu maszynach przemys\u0142owych. <strong>Produkujemy przede wszystkim w\u0119\u017ce hydrauliczne oraz pneumatyczne. S\u0105 to niezwykle wytrzyma\u0142e produkty, szczelne i solidne. Opr\u00f3cz tego w naszym asortymencie mo\u017cna znale\u017a\u0107 wykonywane na specjalne zam\u00f3wienie w\u0119\u017ce do klimatyzacji oraz w\u0119\u017ce ci\u015bnieniowe. <\/strong> Indywidualne zam\u00f3wienia realizujemy w czasie maksymalnie trzech dni. Nasze produkty sprzedajemy nie tylko w Polsce, ale r\u00f3wnie\u017c poza jej granicami. Linki eksportujemy mi\u0119dzy innymi do Wielkiej Brytanii, Hiszpanii, W\u0142och, kraj\u00f3w Skandynawskich, Egiptu, Rosji. Zapraszamy do zapoznania si\u0119 z nasz\u0105 ofert\u0105. Gwarantujemy najlepsze linki samochodowe i najlepsze w\u0119\u017ce przemys\u0142owe!<\/p>\n<\/div>\n","protected":false},"excerpt":{"rendered":"<p>Oferta Linki samochodowe Nasza firma Linor to lider w produkcji i dystrybucji linek samochodowych. W zakresie naszych dzia\u0142a\u0144 znajduj\u0105 si\u0119 konkretne rodzaje linek, wyspecjalizowane, dedykowane dla<span class=\"excerpt-hellip\"> [\u2026]<\/span><\/p>\n","protected":false},"author":4,"featured_media":0,"parent":0,"menu_order":0,"comment_status":"closed","ping_status":"closed","template":"","meta":{"footnotes":""},"class_list":["post-5754","page","type-page","status-publish","hentry"],"_links":{"self":[{"href":"https:\/\/www.linor.pl\/en\/wp-json\/wp\/v2\/pages\/5754","targetHints":{"allow":["GET"]}}],"collection":[{"href":"https:\/\/www.linor.pl\/en\/wp-json\/wp\/v2\/pages"}],"about":[{"href":"https:\/\/www.linor.pl\/en\/wp-json\/wp\/v2\/types\/page"}],"author":[{"embeddable":true,"href":"https:\/\/www.linor.pl\/en\/wp-json\/wp\/v2\/users\/4"}],"replies":[{"embeddable":true,"href":"https:\/\/www.linor.pl\/en\/wp-json\/wp\/v2\/comments?post=5754"}],"version-history":[{"count":0,"href":"https:\/\/www.linor.pl\/en\/wp-json\/wp\/v2\/pages\/5754\/revisions"}],"wp:attachment":[{"href":"https:\/\/www.linor.pl\/en\/wp-json\/wp\/v2\/media?parent=5754"}],"curies":[{"name":"wp","href":"https:\/\/api.w.org\/{rel}","templated":true}]}}