{"id":15607,"date":"2022-03-04T07:12:08","date_gmt":"2022-03-04T06:12:08","guid":{"rendered":"https:\/\/www.linor.pl\/produkt\/linka-hamulca-elektrycznego-renault-scenic-dl\/"},"modified":"2022-03-04T07:18:51","modified_gmt":"2022-03-04T06:18:51","slug":"linka-hamulca-elektrycznego-renault-scenic-dl","status":"publish","type":"product","link":"https:\/\/www.linor.pl\/en\/product\/linka-hamulca-elektrycznego-renault-scenic-dl\/","title":{"rendered":"Linka hamulca elektrycznego Renault Scenic d\u0142."},"content":{"rendered":"","protected":false},"excerpt":{"rendered":"<p>Linka z \u015brub\u0105 regulacyjn\u0105<\/p>\n","protected":false},"featured_media":15606,"comment_status":"closed","ping_status":"closed","template":"","meta":[],"product_brand":[],"product_cat":[3739],"product_tag":[],"class_list":{"0":"post-15607","1":"product","2":"type-product","3":"status-publish","4":"has-post-thumbnail","6":"product_cat-renault-scenic-en","7":"pa_marka-auta-renault-en","8":"pa_rodzaj-produktu-linka-hamulca-elektrycznego-en","9":"pa_rok-produkcji-2003-2-en","10":"pa_tworzy-komplet-z-linka-21253-en","11":"pa_wymiary-mm-1000-810-en","13":"first","14":"instock","15":"shipping-taxable","16":"purchasable","17":"product-type-simple"},"_links":{"self":[{"href":"https:\/\/www.linor.pl\/en\/wp-json\/wp\/v2\/product\/15607","targetHints":{"allow":["GET"]}}],"collection":[{"href":"https:\/\/www.linor.pl\/en\/wp-json\/wp\/v2\/product"}],"about":[{"href":"https:\/\/www.linor.pl\/en\/wp-json\/wp\/v2\/types\/product"}],"replies":[{"embeddable":true,"href":"https:\/\/www.linor.pl\/en\/wp-json\/wp\/v2\/comments?post=15607"}],"wp:featuredmedia":[{"embeddable":true,"href":"https:\/\/www.linor.pl\/en\/wp-json\/wp\/v2\/media\/15606"}],"wp:attachment":[{"href":"https:\/\/www.linor.pl\/en\/wp-json\/wp\/v2\/media?parent=15607"}],"wp:term":[{"taxonomy":"product_brand","embeddable":true,"href":"https:\/\/www.linor.pl\/en\/wp-json\/wp\/v2\/product_brand?post=15607"},{"taxonomy":"product_cat","embeddable":true,"href":"https:\/\/www.linor.pl\/en\/wp-json\/wp\/v2\/product_cat?post=15607"},{"taxonomy":"product_tag","embeddable":true,"href":"https:\/\/www.linor.pl\/en\/wp-json\/wp\/v2\/product_tag?post=15607"}],"curies":[{"name":"wp","href":"https:\/\/api.w.org\/{rel}","templated":true}]}}