{"id":15974,"date":"2022-05-27T13:46:24","date_gmt":"2022-05-27T11:46:24","guid":{"rendered":"https:\/\/www.linor.pl\/produkt\/linka-hamulcowa-chevrolet-blazer-s10\/"},"modified":"2022-05-27T13:59:35","modified_gmt":"2022-05-27T11:59:35","slug":"linka-hamulcowa-chevrolet-blazer-s10","status":"publish","type":"product","link":"https:\/\/www.linor.pl\/en\/product\/linka-hamulcowa-chevrolet-blazer-s10\/","title":{"rendered":"Linka hamulcowa Chevrolet Blazer S10 d\u0142."},"content":{"rendered":"","protected":false},"excerpt":{"rendered":"<p>Linka d\u0142u\u017csza z kompletu<br \/>\nRegulacja w postaci \u015bruby na lince<\/p>\n","protected":false},"featured_media":15969,"comment_status":"closed","ping_status":"closed","template":"","meta":[],"product_brand":[],"product_cat":[14715],"product_tag":[],"class_list":{"0":"post-15974","1":"product","2":"type-product","3":"status-publish","4":"has-post-thumbnail","6":"product_cat-chevrolet-blazer-en","7":"pa_marka-auta-chevrolet-en","8":"pa_rodzaj-produktu-linka-hamulcowa-en","9":"pa_rok-produkcji-2001-2-en","10":"pa_tworzy-komplet-z-linka-2505-2130-en","11":"pa_wymiary-mm-2505-2130-en","13":"first","14":"instock","15":"shipping-taxable","16":"purchasable","17":"product-type-simple"},"_links":{"self":[{"href":"https:\/\/www.linor.pl\/en\/wp-json\/wp\/v2\/product\/15974","targetHints":{"allow":["GET"]}}],"collection":[{"href":"https:\/\/www.linor.pl\/en\/wp-json\/wp\/v2\/product"}],"about":[{"href":"https:\/\/www.linor.pl\/en\/wp-json\/wp\/v2\/types\/product"}],"replies":[{"embeddable":true,"href":"https:\/\/www.linor.pl\/en\/wp-json\/wp\/v2\/comments?post=15974"}],"wp:featuredmedia":[{"embeddable":true,"href":"https:\/\/www.linor.pl\/en\/wp-json\/wp\/v2\/media\/15969"}],"wp:attachment":[{"href":"https:\/\/www.linor.pl\/en\/wp-json\/wp\/v2\/media?parent=15974"}],"wp:term":[{"taxonomy":"product_brand","embeddable":true,"href":"https:\/\/www.linor.pl\/en\/wp-json\/wp\/v2\/product_brand?post=15974"},{"taxonomy":"product_cat","embeddable":true,"href":"https:\/\/www.linor.pl\/en\/wp-json\/wp\/v2\/product_cat?post=15974"},{"taxonomy":"product_tag","embeddable":true,"href":"https:\/\/www.linor.pl\/en\/wp-json\/wp\/v2\/product_tag?post=15974"}],"curies":[{"name":"wp","href":"https:\/\/api.w.org\/{rel}","templated":true}]}}