{"id":16009,"date":"2021-10-27T09:09:52","date_gmt":"2021-10-27T07:09:52","guid":{"rendered":"https:\/\/www.linor.pl\/produkt\/linka-zmiany-biegow-suzuki-sx4-1-6d-dl-8k08-79ja0\/"},"modified":"2022-06-02T18:25:39","modified_gmt":"2022-06-02T16:25:39","slug":"linka-zmiany-biegow-suzuki-sx4-1-6d-dl-8k08-79ja0","status":"publish","type":"product","link":"https:\/\/www.linor.pl\/en\/product\/linka-zmiany-biegow-suzuki-sx4-1-6d-dl-8k08-79ja0\/","title":{"rendered":"Linka zmiany bieg\u00f3w Suzuki SX4 1.6D d\u0142. 8K08-79JA0"},"content":{"rendered":"<p>Linka d\u0142u\u017csza z kompletu<\/p>\n<p>Komplet z link\u0105 o nr 33051<\/p>\n","protected":false},"excerpt":{"rendered":"<p>Linka d\u0142u\u017csza z kompletu Komplet z link\u0105 o nr 33051<\/p>\n","protected":false},"featured_media":16012,"comment_status":"closed","ping_status":"closed","template":"","meta":[],"product_brand":[],"product_cat":[3773],"product_tag":[],"class_list":{"0":"post-16009","1":"product","2":"type-product","3":"status-publish","4":"has-post-thumbnail","6":"product_cat-suzuki-sx4-en","7":"pa_rodzaj-produktu-linka-zmiany-biegow-en","8":"pa_rok-produkcji-2009-en","9":"pa_wymiary-1295-935-en","11":"first","12":"instock","13":"purchasable","14":"product-type-simple"},"_links":{"self":[{"href":"https:\/\/www.linor.pl\/en\/wp-json\/wp\/v2\/product\/16009","targetHints":{"allow":["GET"]}}],"collection":[{"href":"https:\/\/www.linor.pl\/en\/wp-json\/wp\/v2\/product"}],"about":[{"href":"https:\/\/www.linor.pl\/en\/wp-json\/wp\/v2\/types\/product"}],"replies":[{"embeddable":true,"href":"https:\/\/www.linor.pl\/en\/wp-json\/wp\/v2\/comments?post=16009"}],"wp:featuredmedia":[{"embeddable":true,"href":"https:\/\/www.linor.pl\/en\/wp-json\/wp\/v2\/media\/16012"}],"wp:attachment":[{"href":"https:\/\/www.linor.pl\/en\/wp-json\/wp\/v2\/media?parent=16009"}],"wp:term":[{"taxonomy":"product_brand","embeddable":true,"href":"https:\/\/www.linor.pl\/en\/wp-json\/wp\/v2\/product_brand?post=16009"},{"taxonomy":"product_cat","embeddable":true,"href":"https:\/\/www.linor.pl\/en\/wp-json\/wp\/v2\/product_cat?post=16009"},{"taxonomy":"product_tag","embeddable":true,"href":"https:\/\/www.linor.pl\/en\/wp-json\/wp\/v2\/product_tag?post=16009"}],"curies":[{"name":"wp","href":"https:\/\/api.w.org\/{rel}","templated":true}]}}