{"id":16257,"date":"2022-07-22T07:28:17","date_gmt":"2022-07-22T05:28:17","guid":{"rendered":"https:\/\/www.linor.pl\/produkt\/linka-zmiany-biegow-mazda-3-2-3b-dluga\/"},"modified":"2022-07-22T07:28:17","modified_gmt":"2022-07-22T05:28:17","slug":"linka-zmiany-biegow-mazda-3-2-3b-dluga","status":"publish","type":"product","link":"https:\/\/www.linor.pl\/en\/product\/linka-zmiany-biegow-mazda-3-2-3b-dluga\/","title":{"rendered":"Linka zmiany bieg\u00f3w Mazda 3 2.3B d\u0142uga"},"content":{"rendered":"","protected":false},"excerpt":{"rendered":"<p>Komplet z link\u0105 o nr 15067<br \/>\nLinka d\u0142u\u017csza z kompletu<\/p>\n","protected":false},"featured_media":16255,"comment_status":"closed","ping_status":"closed","template":"","meta":[],"product_brand":[],"product_cat":[3402],"product_tag":[],"class_list":{"0":"post-16257","1":"product","2":"type-product","3":"status-publish","4":"has-post-thumbnail","6":"product_cat-mazda-3-en","7":"pa_marka-auta-mazda-en","8":"pa_rodzaj-produktu-linka-zmiany-biegow-en","9":"pa_rok-produkcji-2005-en","10":"pa_tworzy-komplet-z-linka-15067-en","11":"pa_wymiary-mm-1280-965-en","13":"first","14":"instock","15":"shipping-taxable","16":"purchasable","17":"product-type-simple"},"_links":{"self":[{"href":"https:\/\/www.linor.pl\/en\/wp-json\/wp\/v2\/product\/16257","targetHints":{"allow":["GET"]}}],"collection":[{"href":"https:\/\/www.linor.pl\/en\/wp-json\/wp\/v2\/product"}],"about":[{"href":"https:\/\/www.linor.pl\/en\/wp-json\/wp\/v2\/types\/product"}],"replies":[{"embeddable":true,"href":"https:\/\/www.linor.pl\/en\/wp-json\/wp\/v2\/comments?post=16257"}],"wp:featuredmedia":[{"embeddable":true,"href":"https:\/\/www.linor.pl\/en\/wp-json\/wp\/v2\/media\/16255"}],"wp:attachment":[{"href":"https:\/\/www.linor.pl\/en\/wp-json\/wp\/v2\/media?parent=16257"}],"wp:term":[{"taxonomy":"product_brand","embeddable":true,"href":"https:\/\/www.linor.pl\/en\/wp-json\/wp\/v2\/product_brand?post=16257"},{"taxonomy":"product_cat","embeddable":true,"href":"https:\/\/www.linor.pl\/en\/wp-json\/wp\/v2\/product_cat?post=16257"},{"taxonomy":"product_tag","embeddable":true,"href":"https:\/\/www.linor.pl\/en\/wp-json\/wp\/v2\/product_tag?post=16257"}],"curies":[{"name":"wp","href":"https:\/\/api.w.org\/{rel}","templated":true}]}}