{"id":16281,"date":"2021-10-27T09:20:06","date_gmt":"2021-10-27T07:20:06","guid":{"rendered":"https:\/\/www.linor.pl\/produkt\/linka-zmiany-biegow-toyota-corolla-dl-2\/"},"modified":"2022-07-22T08:56:13","modified_gmt":"2022-07-22T06:56:13","slug":"linka-zmiany-biegow-toyota-corolla-dl-2","status":"publish","type":"product","link":"https:\/\/www.linor.pl\/en\/product\/linka-zmiany-biegow-toyota-corolla-dl-2\/","title":{"rendered":"Linka zmiany bieg\u00f3w Toyota Corolla d\u0142."},"content":{"rendered":"<p>Linka d\u0142u\u017csza z kompletu<\/p>\n<p>Komplet z link\u0105 o nr 36125<\/p>\n","protected":false},"excerpt":{"rendered":"<p>Linka d\u0142u\u017csza z kompletu Komplet z link\u0105 o nr 36125<\/p>\n","protected":false},"featured_media":16283,"comment_status":"closed","ping_status":"closed","template":"","meta":[],"product_brand":[],"product_cat":[3524],"product_tag":[],"class_list":{"0":"post-16281","1":"product","2":"type-product","3":"status-publish","4":"has-post-thumbnail","6":"product_cat-toyota-corolla-en","7":"pa_rodzaj-produktu-linka-zmiany-biegow-en","8":"pa_rok-produkcji-2004-en","9":"pa_wymiary-1250-800-en","11":"first","12":"instock","13":"purchasable","14":"product-type-simple"},"_links":{"self":[{"href":"https:\/\/www.linor.pl\/en\/wp-json\/wp\/v2\/product\/16281","targetHints":{"allow":["GET"]}}],"collection":[{"href":"https:\/\/www.linor.pl\/en\/wp-json\/wp\/v2\/product"}],"about":[{"href":"https:\/\/www.linor.pl\/en\/wp-json\/wp\/v2\/types\/product"}],"replies":[{"embeddable":true,"href":"https:\/\/www.linor.pl\/en\/wp-json\/wp\/v2\/comments?post=16281"}],"wp:featuredmedia":[{"embeddable":true,"href":"https:\/\/www.linor.pl\/en\/wp-json\/wp\/v2\/media\/16283"}],"wp:attachment":[{"href":"https:\/\/www.linor.pl\/en\/wp-json\/wp\/v2\/media?parent=16281"}],"wp:term":[{"taxonomy":"product_brand","embeddable":true,"href":"https:\/\/www.linor.pl\/en\/wp-json\/wp\/v2\/product_brand?post=16281"},{"taxonomy":"product_cat","embeddable":true,"href":"https:\/\/www.linor.pl\/en\/wp-json\/wp\/v2\/product_cat?post=16281"},{"taxonomy":"product_tag","embeddable":true,"href":"https:\/\/www.linor.pl\/en\/wp-json\/wp\/v2\/product_tag?post=16281"}],"curies":[{"name":"wp","href":"https:\/\/api.w.org\/{rel}","templated":true}]}}