{"id":16327,"date":"2022-07-22T12:44:19","date_gmt":"2022-07-22T10:44:19","guid":{"rendered":"https:\/\/www.linor.pl\/produkt\/linka-ssania-vw-t-3\/"},"modified":"2022-07-22T12:52:56","modified_gmt":"2022-07-22T10:52:56","slug":"linka-ssania-vw-t-3","status":"publish","type":"product","link":"https:\/\/www.linor.pl\/en\/product\/linka-ssania-vw-t-3\/","title":{"rendered":"Linka ssania VW T-3"},"content":{"rendered":"","protected":false},"excerpt":{"rendered":"<p>Link\u0119 wykonamy po przes\u0142aniu starej linki na wz\u00f3r<\/p>\n","protected":false},"featured_media":9820,"comment_status":"closed","ping_status":"closed","template":"","meta":[],"product_brand":[],"product_cat":[3794],"product_tag":[],"class_list":{"0":"post-16327","1":"product","2":"type-product","3":"status-publish","4":"has-post-thumbnail","6":"product_cat-volkswagen-t3-en","7":"pa_marka-auta-vw-en","8":"pa_numer-katalogowy-251711501d-en","9":"pa_rodzaj-produktu-linka-ssania-en","10":"pa_rok-produkcji-1980-1992-en","11":"pa_wymiary-mm-4900-4650-en","13":"first","14":"outofstock","15":"shipping-taxable","16":"purchasable","17":"product-type-simple"},"_links":{"self":[{"href":"https:\/\/www.linor.pl\/en\/wp-json\/wp\/v2\/product\/16327","targetHints":{"allow":["GET"]}}],"collection":[{"href":"https:\/\/www.linor.pl\/en\/wp-json\/wp\/v2\/product"}],"about":[{"href":"https:\/\/www.linor.pl\/en\/wp-json\/wp\/v2\/types\/product"}],"replies":[{"embeddable":true,"href":"https:\/\/www.linor.pl\/en\/wp-json\/wp\/v2\/comments?post=16327"}],"wp:featuredmedia":[{"embeddable":true,"href":"https:\/\/www.linor.pl\/en\/wp-json\/wp\/v2\/media\/9820"}],"wp:attachment":[{"href":"https:\/\/www.linor.pl\/en\/wp-json\/wp\/v2\/media?parent=16327"}],"wp:term":[{"taxonomy":"product_brand","embeddable":true,"href":"https:\/\/www.linor.pl\/en\/wp-json\/wp\/v2\/product_brand?post=16327"},{"taxonomy":"product_cat","embeddable":true,"href":"https:\/\/www.linor.pl\/en\/wp-json\/wp\/v2\/product_cat?post=16327"},{"taxonomy":"product_tag","embeddable":true,"href":"https:\/\/www.linor.pl\/en\/wp-json\/wp\/v2\/product_tag?post=16327"}],"curies":[{"name":"wp","href":"https:\/\/api.w.org\/{rel}","templated":true}]}}