{"id":16480,"date":"2022-09-09T11:00:45","date_gmt":"2022-09-09T09:00:45","guid":{"rendered":"https:\/\/www.linor.pl\/produkt\/linka-zmiany-biegow-opel-zafira-c-2-0d-dl-5559805\/"},"modified":"2022-09-09T11:00:45","modified_gmt":"2022-09-09T09:00:45","slug":"linka-zmiany-biegow-opel-zafira-c-2-0d-dl-5559805","status":"publish","type":"product","link":"https:\/\/www.linor.pl\/en\/product\/linka-zmiany-biegow-opel-zafira-c-2-0d-dl-5559805\/","title":{"rendered":"Linka zmiany bieg\u00f3w Opel Zafira C 2.0D d\u0142. 5559805"},"content":{"rendered":"","protected":false},"excerpt":{"rendered":"<p>Linka d\u0142u\u017csza z kompletu<\/p>\n","protected":false},"featured_media":4735,"comment_status":"closed","ping_status":"closed","template":"","meta":[],"product_brand":[],"product_cat":[3456],"product_tag":[],"class_list":{"0":"post-16480","1":"product","2":"type-product","3":"status-publish","4":"has-post-thumbnail","6":"product_cat-opel-zafira-en","7":"pa_marka-auta-opel-en","8":"pa_numer-katalogowy-5559805-en","9":"pa_rodzaj-produktu-linka-zmiany-biegow-en","10":"pa_rok-produkcji-2012-en","11":"pa_tworzy-komplet-z-linka-19200-en","12":"pa_wymiary-mm-1265-900-en","14":"first","15":"instock","16":"shipping-taxable","17":"purchasable","18":"product-type-simple"},"_links":{"self":[{"href":"https:\/\/www.linor.pl\/en\/wp-json\/wp\/v2\/product\/16480","targetHints":{"allow":["GET"]}}],"collection":[{"href":"https:\/\/www.linor.pl\/en\/wp-json\/wp\/v2\/product"}],"about":[{"href":"https:\/\/www.linor.pl\/en\/wp-json\/wp\/v2\/types\/product"}],"replies":[{"embeddable":true,"href":"https:\/\/www.linor.pl\/en\/wp-json\/wp\/v2\/comments?post=16480"}],"wp:featuredmedia":[{"embeddable":true,"href":"https:\/\/www.linor.pl\/en\/wp-json\/wp\/v2\/media\/4735"}],"wp:attachment":[{"href":"https:\/\/www.linor.pl\/en\/wp-json\/wp\/v2\/media?parent=16480"}],"wp:term":[{"taxonomy":"product_brand","embeddable":true,"href":"https:\/\/www.linor.pl\/en\/wp-json\/wp\/v2\/product_brand?post=16480"},{"taxonomy":"product_cat","embeddable":true,"href":"https:\/\/www.linor.pl\/en\/wp-json\/wp\/v2\/product_cat?post=16480"},{"taxonomy":"product_tag","embeddable":true,"href":"https:\/\/www.linor.pl\/en\/wp-json\/wp\/v2\/product_tag?post=16480"}],"curies":[{"name":"wp","href":"https:\/\/api.w.org\/{rel}","templated":true}]}}