{"id":16676,"date":"2022-10-28T07:10:44","date_gmt":"2022-10-28T05:10:44","guid":{"rendered":"https:\/\/www.linor.pl\/produkt\/linka-zmiany-biegow-opel-mokka-i-1-4-4x4-dl-55595072ahy\/"},"modified":"2022-10-28T07:10:44","modified_gmt":"2022-10-28T05:10:44","slug":"linka-zmiany-biegow-opel-mokka-i-1-4-4x4-dl-55595072ahy","status":"publish","type":"product","link":"https:\/\/www.linor.pl\/en\/product\/linka-zmiany-biegow-opel-mokka-i-1-4-4x4-dl-55595072ahy\/","title":{"rendered":"Linka zmiany bieg\u00f3w  Opel Mokka I 1.4 4&#215;4 d\u0142. 55595072AHY"},"content":{"rendered":"","protected":false},"excerpt":{"rendered":"<p>Linka d\u0142u\u017csza z kompletu<\/p>\n","protected":false},"featured_media":16673,"comment_status":"closed","ping_status":"closed","template":"","meta":[],"product_brand":[],"product_cat":[5906],"product_tag":[],"class_list":{"0":"post-16676","1":"product","2":"type-product","3":"status-publish","4":"has-post-thumbnail","6":"product_cat-opel-mokka-en","7":"pa_marka-auta-opel-en","8":"pa_numer-katalogowy-55595072ahy-en","9":"pa_rodzaj-produktu-zmiana-biegow-en","10":"pa_rok-produkcji-2014-en","11":"pa_tworzy-komplet-z-linka-19304-en","12":"pa_wymiary-mm-1160-800-en","14":"first","15":"instock","16":"shipping-taxable","17":"purchasable","18":"product-type-simple"},"_links":{"self":[{"href":"https:\/\/www.linor.pl\/en\/wp-json\/wp\/v2\/product\/16676","targetHints":{"allow":["GET"]}}],"collection":[{"href":"https:\/\/www.linor.pl\/en\/wp-json\/wp\/v2\/product"}],"about":[{"href":"https:\/\/www.linor.pl\/en\/wp-json\/wp\/v2\/types\/product"}],"replies":[{"embeddable":true,"href":"https:\/\/www.linor.pl\/en\/wp-json\/wp\/v2\/comments?post=16676"}],"wp:featuredmedia":[{"embeddable":true,"href":"https:\/\/www.linor.pl\/en\/wp-json\/wp\/v2\/media\/16673"}],"wp:attachment":[{"href":"https:\/\/www.linor.pl\/en\/wp-json\/wp\/v2\/media?parent=16676"}],"wp:term":[{"taxonomy":"product_brand","embeddable":true,"href":"https:\/\/www.linor.pl\/en\/wp-json\/wp\/v2\/product_brand?post=16676"},{"taxonomy":"product_cat","embeddable":true,"href":"https:\/\/www.linor.pl\/en\/wp-json\/wp\/v2\/product_cat?post=16676"},{"taxonomy":"product_tag","embeddable":true,"href":"https:\/\/www.linor.pl\/en\/wp-json\/wp\/v2\/product_tag?post=16676"}],"curies":[{"name":"wp","href":"https:\/\/api.w.org\/{rel}","templated":true}]}}