{"id":16681,"date":"2021-10-27T09:04:59","date_gmt":"2021-10-27T07:04:59","guid":{"rendered":"https:\/\/www.linor.pl\/produkt\/linka-zmiany-biegow-fiat-seicento-1100-2\/"},"modified":"2022-10-28T07:31:53","modified_gmt":"2022-10-28T05:31:53","slug":"linka-zmiany-biegow-fiat-seicento-1100-2","status":"publish","type":"product","link":"https:\/\/www.linor.pl\/en\/product\/linka-zmiany-biegow-fiat-seicento-1100-2\/","title":{"rendered":"linka zmiany bieg\u00f3w Fiat Seicento 1100 d\u0142."},"content":{"rendered":"","protected":false},"excerpt":{"rendered":"<p>Linka d\u0142u\u017csza z kompletu<\/p>\n","protected":false},"featured_media":4857,"comment_status":"closed","ping_status":"closed","template":"","meta":[],"product_brand":[],"product_cat":[3334,3613],"product_tag":[],"class_list":{"0":"post-16681","1":"product","2":"type-product","3":"status-publish","4":"has-post-thumbnail","6":"product_cat-fiat-seicento-en","7":"product_cat-linki-zmiany-biegow-en","8":"pa_marka-auta-fiat-en","9":"pa_numer-katalogowy-46514869-en","10":"pa_rodzaj-produktu-linka-zmiany-biegow-en","11":"pa_rok-produkcji-1998-en","12":"pa_tworzy-komplet-z-linka-05022-en","13":"pa_wymiary-1270-995-en","14":"pa_wymiary-mm-1270-990-en","16":"first","17":"instock","18":"purchasable","19":"product-type-simple"},"_links":{"self":[{"href":"https:\/\/www.linor.pl\/en\/wp-json\/wp\/v2\/product\/16681","targetHints":{"allow":["GET"]}}],"collection":[{"href":"https:\/\/www.linor.pl\/en\/wp-json\/wp\/v2\/product"}],"about":[{"href":"https:\/\/www.linor.pl\/en\/wp-json\/wp\/v2\/types\/product"}],"replies":[{"embeddable":true,"href":"https:\/\/www.linor.pl\/en\/wp-json\/wp\/v2\/comments?post=16681"}],"wp:featuredmedia":[{"embeddable":true,"href":"https:\/\/www.linor.pl\/en\/wp-json\/wp\/v2\/media\/4857"}],"wp:attachment":[{"href":"https:\/\/www.linor.pl\/en\/wp-json\/wp\/v2\/media?parent=16681"}],"wp:term":[{"taxonomy":"product_brand","embeddable":true,"href":"https:\/\/www.linor.pl\/en\/wp-json\/wp\/v2\/product_brand?post=16681"},{"taxonomy":"product_cat","embeddable":true,"href":"https:\/\/www.linor.pl\/en\/wp-json\/wp\/v2\/product_cat?post=16681"},{"taxonomy":"product_tag","embeddable":true,"href":"https:\/\/www.linor.pl\/en\/wp-json\/wp\/v2\/product_tag?post=16681"}],"curies":[{"name":"wp","href":"https:\/\/api.w.org\/{rel}","templated":true}]}}