{"id":16697,"date":"2021-10-27T09:36:00","date_gmt":"2021-10-27T07:36:00","guid":{"rendered":"https:\/\/www.linor.pl\/produkt\/linka-zmiany-biegow-ford-c-max-dl\/"},"modified":"2021-10-27T09:36:00","modified_gmt":"2021-10-27T07:36:00","slug":"linka-zmiany-biegow-ford-c-max-dl","status":"publish","type":"product","link":"https:\/\/www.linor.pl\/en\/product\/linka-zmiany-biegow-ford-c-max-dl\/","title":{"rendered":"Linka zmiany bieg\u00f3w Ford C-Max 1.6D d\u0142."},"content":{"rendered":"<p>Linka d\u0142u\u017csza z kompletu<\/p>\n<p>Komplet z link\u0105 o nr 12122<\/p>\n","protected":false},"excerpt":{"rendered":"<p>Linka d\u0142u\u017csza z kompletu Komplet z link\u0105 o nr 12122<\/p>\n","protected":false},"featured_media":10062,"comment_status":"closed","ping_status":"closed","template":"","meta":[],"product_brand":[],"product_cat":[3650],"product_tag":[],"class_list":{"0":"post-16697","1":"product","2":"type-product","3":"status-publish","4":"has-post-thumbnail","6":"product_cat-ford-c-max-en","7":"pa_marka-auta-nissan-en","8":"pa_rodzaj-produktu-linka-zmiany-biegow-en","9":"pa_rok-produkcji-2003-en","10":"pa_tworzy-komplet-z-linka-12122-en","11":"pa_wymiary-1880-1613-en","13":"first","14":"instock","15":"purchasable","16":"product-type-simple"},"_links":{"self":[{"href":"https:\/\/www.linor.pl\/en\/wp-json\/wp\/v2\/product\/16697","targetHints":{"allow":["GET"]}}],"collection":[{"href":"https:\/\/www.linor.pl\/en\/wp-json\/wp\/v2\/product"}],"about":[{"href":"https:\/\/www.linor.pl\/en\/wp-json\/wp\/v2\/types\/product"}],"replies":[{"embeddable":true,"href":"https:\/\/www.linor.pl\/en\/wp-json\/wp\/v2\/comments?post=16697"}],"wp:featuredmedia":[{"embeddable":true,"href":"https:\/\/www.linor.pl\/en\/wp-json\/wp\/v2\/media\/10062"}],"wp:attachment":[{"href":"https:\/\/www.linor.pl\/en\/wp-json\/wp\/v2\/media?parent=16697"}],"wp:term":[{"taxonomy":"product_brand","embeddable":true,"href":"https:\/\/www.linor.pl\/en\/wp-json\/wp\/v2\/product_brand?post=16697"},{"taxonomy":"product_cat","embeddable":true,"href":"https:\/\/www.linor.pl\/en\/wp-json\/wp\/v2\/product_cat?post=16697"},{"taxonomy":"product_tag","embeddable":true,"href":"https:\/\/www.linor.pl\/en\/wp-json\/wp\/v2\/product_tag?post=16697"}],"curies":[{"name":"wp","href":"https:\/\/api.w.org\/{rel}","templated":true}]}}