{"id":16698,"date":"2021-10-27T09:09:04","date_gmt":"2021-10-27T07:09:04","guid":{"rendered":"https:\/\/www.linor.pl\/produkt\/linka-zmiany-biegow-renault-kangoo-dl-7701479154\/"},"modified":"2021-10-27T09:09:04","modified_gmt":"2021-10-27T07:09:04","slug":"linka-zmiany-biegow-renault-kangoo-dl-7701479154","status":"publish","type":"product","link":"https:\/\/www.linor.pl\/en\/product\/linka-zmiany-biegow-renault-kangoo-dl-7701479154\/","title":{"rendered":"Linka zmiany bieg\u00f3w Renault Kangoo d\u0142. 7701479154"},"content":{"rendered":"<p>Linka d\u0142u\u017csza z kompletu<\/p>\n","protected":false},"excerpt":{"rendered":"<p>Linka d\u0142u\u017csza z kompletu<\/p>\n","protected":false},"featured_media":4919,"comment_status":"closed","ping_status":"closed","template":"","meta":[],"product_brand":[],"product_cat":[3476],"product_tag":[],"class_list":{"0":"post-16698","1":"product","2":"type-product","3":"status-publish","4":"has-post-thumbnail","6":"product_cat-renault-kangoo-en","7":"pa_marka-auta-renault-en","8":"pa_rodzaj-produktu-linka-zmiany-biegow-en","9":"pa_rok-produkcji-1997-2008-en","10":"pa_wymiary-940-623-en","12":"first","13":"instock","14":"purchasable","15":"product-type-simple"},"_links":{"self":[{"href":"https:\/\/www.linor.pl\/en\/wp-json\/wp\/v2\/product\/16698","targetHints":{"allow":["GET"]}}],"collection":[{"href":"https:\/\/www.linor.pl\/en\/wp-json\/wp\/v2\/product"}],"about":[{"href":"https:\/\/www.linor.pl\/en\/wp-json\/wp\/v2\/types\/product"}],"replies":[{"embeddable":true,"href":"https:\/\/www.linor.pl\/en\/wp-json\/wp\/v2\/comments?post=16698"}],"wp:featuredmedia":[{"embeddable":true,"href":"https:\/\/www.linor.pl\/en\/wp-json\/wp\/v2\/media\/4919"}],"wp:attachment":[{"href":"https:\/\/www.linor.pl\/en\/wp-json\/wp\/v2\/media?parent=16698"}],"wp:term":[{"taxonomy":"product_brand","embeddable":true,"href":"https:\/\/www.linor.pl\/en\/wp-json\/wp\/v2\/product_brand?post=16698"},{"taxonomy":"product_cat","embeddable":true,"href":"https:\/\/www.linor.pl\/en\/wp-json\/wp\/v2\/product_cat?post=16698"},{"taxonomy":"product_tag","embeddable":true,"href":"https:\/\/www.linor.pl\/en\/wp-json\/wp\/v2\/product_tag?post=16698"}],"curies":[{"name":"wp","href":"https:\/\/api.w.org\/{rel}","templated":true}]}}