{"id":16704,"date":"2022-10-28T08:40:15","date_gmt":"2022-10-28T06:40:15","guid":{"rendered":"https:\/\/www.linor.pl\/produkt\/linka-zmiany-biegow-renault-kangoo-dl\/"},"modified":"2022-10-28T08:40:15","modified_gmt":"2022-10-28T06:40:15","slug":"linka-zmiany-biegow-renault-kangoo-dl","status":"publish","type":"product","link":"https:\/\/www.linor.pl\/en\/product\/linka-zmiany-biegow-renault-kangoo-dl\/","title":{"rendered":"Linka zmiany bieg\u00f3w Renault Kangoo d\u0142."},"content":{"rendered":"","protected":false},"excerpt":{"rendered":"<p>Linka d\u0142u\u017csza z kompletu<\/p>\n","protected":false},"featured_media":10084,"comment_status":"closed","ping_status":"closed","template":"","meta":[],"product_brand":[],"product_cat":[3476],"product_tag":[],"class_list":{"0":"post-16704","1":"product","2":"type-product","3":"status-publish","4":"has-post-thumbnail","6":"product_cat-renault-kangoo-en","7":"pa_marka-auta-renault-en","8":"pa_rodzaj-produktu-linka-zmiany-biegow-en","9":"pa_tworzy-komplet-z-linka-21151-en","10":"pa_wymiary-mm-1035-730-en","12":"first","13":"instock","14":"shipping-taxable","15":"purchasable","16":"product-type-simple"},"_links":{"self":[{"href":"https:\/\/www.linor.pl\/en\/wp-json\/wp\/v2\/product\/16704","targetHints":{"allow":["GET"]}}],"collection":[{"href":"https:\/\/www.linor.pl\/en\/wp-json\/wp\/v2\/product"}],"about":[{"href":"https:\/\/www.linor.pl\/en\/wp-json\/wp\/v2\/types\/product"}],"replies":[{"embeddable":true,"href":"https:\/\/www.linor.pl\/en\/wp-json\/wp\/v2\/comments?post=16704"}],"wp:featuredmedia":[{"embeddable":true,"href":"https:\/\/www.linor.pl\/en\/wp-json\/wp\/v2\/media\/10084"}],"wp:attachment":[{"href":"https:\/\/www.linor.pl\/en\/wp-json\/wp\/v2\/media?parent=16704"}],"wp:term":[{"taxonomy":"product_brand","embeddable":true,"href":"https:\/\/www.linor.pl\/en\/wp-json\/wp\/v2\/product_brand?post=16704"},{"taxonomy":"product_cat","embeddable":true,"href":"https:\/\/www.linor.pl\/en\/wp-json\/wp\/v2\/product_cat?post=16704"},{"taxonomy":"product_tag","embeddable":true,"href":"https:\/\/www.linor.pl\/en\/wp-json\/wp\/v2\/product_tag?post=16704"}],"curies":[{"name":"wp","href":"https:\/\/api.w.org\/{rel}","templated":true}]}}