{"id":16721,"date":"2022-10-28T09:28:57","date_gmt":"2022-10-28T07:28:57","guid":{"rendered":"https:\/\/www.linor.pl\/produkt\/linka-zmiany-biegow-chevrolet-orlando-1-8b-dl-55567888aah\/"},"modified":"2023-06-09T13:42:31","modified_gmt":"2023-06-09T11:42:31","slug":"linka-zmiany-biegow-chevrolet-orlando-1-8b-dl-55567888aah","status":"publish","type":"product","link":"https:\/\/www.linor.pl\/en\/product\/linka-zmiany-biegow-chevrolet-orlando-1-8b-dl-55567888aah\/","title":{"rendered":"Linka zmiany bieg\u00f3w Chevrolet Orlando 1.8B d\u0142. 55567888AAH"},"content":{"rendered":"","protected":false},"excerpt":{"rendered":"<p>Linka d\u0142u\u017csza z kompletu<\/p>\n","protected":false},"featured_media":17693,"comment_status":"closed","ping_status":"closed","template":"","meta":[],"product_brand":[],"product_cat":[3270,15215],"product_tag":[],"class_list":{"0":"post-16721","1":"product","2":"type-product","3":"status-publish","4":"has-post-thumbnail","6":"product_cat-bez-kategorii-en","7":"product_cat-chevrolet-orlando-en","8":"pa_marka-auta-chevrolet-en","9":"pa_numer-katalogowy-55567888aah-en","10":"pa_rodzaj-produktu-linka-zmiany-biegow-en","11":"pa_tworzy-komplet-z-linka-65101-en","12":"pa_wymiary-mm-1220-850-en","14":"first","15":"instock","16":"shipping-taxable","17":"purchasable","18":"product-type-simple"},"_links":{"self":[{"href":"https:\/\/www.linor.pl\/en\/wp-json\/wp\/v2\/product\/16721","targetHints":{"allow":["GET"]}}],"collection":[{"href":"https:\/\/www.linor.pl\/en\/wp-json\/wp\/v2\/product"}],"about":[{"href":"https:\/\/www.linor.pl\/en\/wp-json\/wp\/v2\/types\/product"}],"replies":[{"embeddable":true,"href":"https:\/\/www.linor.pl\/en\/wp-json\/wp\/v2\/comments?post=16721"}],"wp:featuredmedia":[{"embeddable":true,"href":"https:\/\/www.linor.pl\/en\/wp-json\/wp\/v2\/media\/17693"}],"wp:attachment":[{"href":"https:\/\/www.linor.pl\/en\/wp-json\/wp\/v2\/media?parent=16721"}],"wp:term":[{"taxonomy":"product_brand","embeddable":true,"href":"https:\/\/www.linor.pl\/en\/wp-json\/wp\/v2\/product_brand?post=16721"},{"taxonomy":"product_cat","embeddable":true,"href":"https:\/\/www.linor.pl\/en\/wp-json\/wp\/v2\/product_cat?post=16721"},{"taxonomy":"product_tag","embeddable":true,"href":"https:\/\/www.linor.pl\/en\/wp-json\/wp\/v2\/product_tag?post=16721"}],"curies":[{"name":"wp","href":"https:\/\/api.w.org\/{rel}","templated":true}]}}