{"id":16791,"date":"2021-11-05T19:30:52","date_gmt":"2021-11-05T18:30:52","guid":{"rendered":"https:\/\/www.linor.pl\/produkt\/linka-zmiany-biegow-ford-c-max-1-8b-dl-607110101\/"},"modified":"2022-10-28T12:59:49","modified_gmt":"2022-10-28T10:59:49","slug":"linka-zmiany-biegow-ford-c-max-1-8b-dl-607110101","status":"publish","type":"product","link":"https:\/\/www.linor.pl\/en\/product\/linka-zmiany-biegow-ford-c-max-1-8b-dl-607110101\/","title":{"rendered":"Linka zmiany bieg\u00f3w Ford C-Max 1.8B d\u0142. 607110101B"},"content":{"rendered":"<p>Linka d\u0142u\u017csza z kompletu<br \/>\nKomplet z link\u0105 o nr 12300<\/p>\n","protected":false},"excerpt":{"rendered":"<p>Linka d\u0142u\u017csza z kompletu Komplet z link\u0105 o nr 12300<\/p>\n","protected":false},"featured_media":16790,"comment_status":"closed","ping_status":"closed","template":"","meta":[],"product_brand":[],"product_cat":[3650],"product_tag":[],"class_list":{"0":"post-16791","1":"product","2":"type-product","3":"status-publish","4":"has-post-thumbnail","6":"product_cat-ford-c-max-en","7":"pa_marka-auta-ford-en","8":"pa_numer-katalogowy-607110101-en","9":"pa_rodzaj-produktu-linka-zmiany-biegow-en","10":"pa_rok-produkcji-2004-en","11":"pa_wymiary-1885-1620-en","13":"first","14":"instock","15":"purchasable","16":"product-type-simple"},"_links":{"self":[{"href":"https:\/\/www.linor.pl\/en\/wp-json\/wp\/v2\/product\/16791","targetHints":{"allow":["GET"]}}],"collection":[{"href":"https:\/\/www.linor.pl\/en\/wp-json\/wp\/v2\/product"}],"about":[{"href":"https:\/\/www.linor.pl\/en\/wp-json\/wp\/v2\/types\/product"}],"replies":[{"embeddable":true,"href":"https:\/\/www.linor.pl\/en\/wp-json\/wp\/v2\/comments?post=16791"}],"wp:featuredmedia":[{"embeddable":true,"href":"https:\/\/www.linor.pl\/en\/wp-json\/wp\/v2\/media\/16790"}],"wp:attachment":[{"href":"https:\/\/www.linor.pl\/en\/wp-json\/wp\/v2\/media?parent=16791"}],"wp:term":[{"taxonomy":"product_brand","embeddable":true,"href":"https:\/\/www.linor.pl\/en\/wp-json\/wp\/v2\/product_brand?post=16791"},{"taxonomy":"product_cat","embeddable":true,"href":"https:\/\/www.linor.pl\/en\/wp-json\/wp\/v2\/product_cat?post=16791"},{"taxonomy":"product_tag","embeddable":true,"href":"https:\/\/www.linor.pl\/en\/wp-json\/wp\/v2\/product_tag?post=16791"}],"curies":[{"name":"wp","href":"https:\/\/api.w.org\/{rel}","templated":true}]}}