{"id":16815,"date":"2021-10-27T09:30:28","date_gmt":"2021-10-27T07:30:28","guid":{"rendered":"https:\/\/www.linor.pl\/produkt\/linka-skladania-siedzenia-chrysler-country\/"},"modified":"2024-05-17T13:46:35","modified_gmt":"2024-05-17T11:46:35","slug":"linka-skladania-siedzenia-chrysler-country","status":"publish","type":"product","link":"https:\/\/www.linor.pl\/en\/product\/linka-skladania-siedzenia-chrysler-country\/","title":{"rendered":"Linka sk\u0142adania siedzenia Chrysler Country (rz\u0105d drugi) 2101545CE"},"content":{"rendered":"<p>Sk\u0142adanie siedzenia<\/p>\n","protected":false},"excerpt":{"rendered":"<p>Drugi rz\u0105d siedze\u0144<\/p>\n","protected":false},"featured_media":16809,"comment_status":"closed","ping_status":"closed","template":"","meta":[],"product_brand":[],"product_cat":[3298],"product_tag":[],"class_list":{"0":"post-16815","1":"product","2":"type-product","3":"status-publish","4":"has-post-thumbnail","6":"product_cat-chrysler-town-country-en","7":"pa_marka-auta-chrysler-en","8":"pa_numer-katalogowy-2101545ce-en","9":"pa_rodzaj-produktu-linka-siedzenia-en","10":"pa_rok-produkcji-2010-2-en","11":"pa_wymiary-mm-1255-1045-en","13":"first","14":"instock","15":"purchasable","16":"product-type-simple"},"_links":{"self":[{"href":"https:\/\/www.linor.pl\/en\/wp-json\/wp\/v2\/product\/16815","targetHints":{"allow":["GET"]}}],"collection":[{"href":"https:\/\/www.linor.pl\/en\/wp-json\/wp\/v2\/product"}],"about":[{"href":"https:\/\/www.linor.pl\/en\/wp-json\/wp\/v2\/types\/product"}],"replies":[{"embeddable":true,"href":"https:\/\/www.linor.pl\/en\/wp-json\/wp\/v2\/comments?post=16815"}],"wp:featuredmedia":[{"embeddable":true,"href":"https:\/\/www.linor.pl\/en\/wp-json\/wp\/v2\/media\/16809"}],"wp:attachment":[{"href":"https:\/\/www.linor.pl\/en\/wp-json\/wp\/v2\/media?parent=16815"}],"wp:term":[{"taxonomy":"product_brand","embeddable":true,"href":"https:\/\/www.linor.pl\/en\/wp-json\/wp\/v2\/product_brand?post=16815"},{"taxonomy":"product_cat","embeddable":true,"href":"https:\/\/www.linor.pl\/en\/wp-json\/wp\/v2\/product_cat?post=16815"},{"taxonomy":"product_tag","embeddable":true,"href":"https:\/\/www.linor.pl\/en\/wp-json\/wp\/v2\/product_tag?post=16815"}],"curies":[{"name":"wp","href":"https:\/\/api.w.org\/{rel}","templated":true}]}}