{"id":17056,"date":"2023-01-13T12:51:14","date_gmt":"2023-01-13T11:51:14","guid":{"rendered":"https:\/\/www.linor.pl\/produkt\/linka-zmiany-biegow-audi-a2-1-4d-dl-820711874s\/"},"modified":"2023-12-05T10:36:14","modified_gmt":"2023-12-05T09:36:14","slug":"linka-zmiany-biegow-audi-a2-1-4d-dl-820711874s","status":"publish","type":"product","link":"https:\/\/www.linor.pl\/en\/product\/linka-zmiany-biegow-audi-a2-1-4d-dl-820711874s\/","title":{"rendered":"Linka zmiany bieg\u00f3w Audi A2 1.4D d\u0142. 8Z0711874S"},"content":{"rendered":"<p>Linka d\u0142u\u017csza z kompletu<\/p>\n","protected":false},"excerpt":{"rendered":"<p>Linka d\u0142u\u017csza z kompletu<\/p>\n","protected":false},"featured_media":17055,"comment_status":"closed","ping_status":"closed","template":"","meta":[],"product_brand":[],"product_cat":[15414],"product_tag":[],"class_list":{"0":"post-17056","1":"product","2":"type-product","3":"status-publish","4":"has-post-thumbnail","6":"product_cat-audi-a2-en","7":"pa_marka-auta-audi-en","8":"pa_numer-katalogowy-820711874s-en","9":"pa_rodzaj-produktu-linka-zmiany-biegow-en","10":"pa_rok-produkcji-2003-2-en","11":"pa_tworzy-komplet-z-linka-02100-en","12":"pa_wymiary-mm-1270-865-en","14":"first","15":"instock","16":"shipping-taxable","17":"purchasable","18":"product-type-simple"},"_links":{"self":[{"href":"https:\/\/www.linor.pl\/en\/wp-json\/wp\/v2\/product\/17056","targetHints":{"allow":["GET"]}}],"collection":[{"href":"https:\/\/www.linor.pl\/en\/wp-json\/wp\/v2\/product"}],"about":[{"href":"https:\/\/www.linor.pl\/en\/wp-json\/wp\/v2\/types\/product"}],"replies":[{"embeddable":true,"href":"https:\/\/www.linor.pl\/en\/wp-json\/wp\/v2\/comments?post=17056"}],"wp:featuredmedia":[{"embeddable":true,"href":"https:\/\/www.linor.pl\/en\/wp-json\/wp\/v2\/media\/17055"}],"wp:attachment":[{"href":"https:\/\/www.linor.pl\/en\/wp-json\/wp\/v2\/media?parent=17056"}],"wp:term":[{"taxonomy":"product_brand","embeddable":true,"href":"https:\/\/www.linor.pl\/en\/wp-json\/wp\/v2\/product_brand?post=17056"},{"taxonomy":"product_cat","embeddable":true,"href":"https:\/\/www.linor.pl\/en\/wp-json\/wp\/v2\/product_cat?post=17056"},{"taxonomy":"product_tag","embeddable":true,"href":"https:\/\/www.linor.pl\/en\/wp-json\/wp\/v2\/product_tag?post=17056"}],"curies":[{"name":"wp","href":"https:\/\/api.w.org\/{rel}","templated":true}]}}