{"id":17224,"date":"2023-03-03T12:03:12","date_gmt":"2023-03-03T11:03:12","guid":{"rendered":"https:\/\/www.linor.pl\/produkt\/linka-hamulca-recznego-srodek-chrysler-voyager-2-5td\/"},"modified":"2023-03-03T12:03:12","modified_gmt":"2023-03-03T11:03:12","slug":"linka-hamulca-recznego-srodek-chrysler-voyager-2-5td","status":"publish","type":"product","link":"https:\/\/www.linor.pl\/en\/product\/linka-hamulca-recznego-srodek-chrysler-voyager-2-5td\/","title":{"rendered":"Linka hamulca r\u0119cznego \u015brodek Chrysler Voyager  2.5TD"},"content":{"rendered":"","protected":false},"excerpt":{"rendered":"<p>Z blacha \u0142\u0105cz\u0105ca dwie linki<br \/>\nLink\u0119 wykonamy po przes\u0142aniu starej linki do siedziby naszej firmy. <\/p>\n","protected":false},"featured_media":17223,"comment_status":"closed","ping_status":"closed","template":"","meta":[],"product_brand":[],"product_cat":[3299],"product_tag":[],"class_list":{"0":"post-17224","1":"product","2":"type-product","3":"status-publish","4":"has-post-thumbnail","6":"product_cat-chrysler-voyager-en","7":"pa_marka-auta-chrysler-en","8":"pa_rodzaj-produktu-linka-hamulca-recznego-en","9":"pa_rok-produkcji-2001-2-en","10":"pa_wymiary-mm-230-en","12":"first","13":"outofstock","14":"shipping-taxable","15":"purchasable","16":"product-type-simple"},"_links":{"self":[{"href":"https:\/\/www.linor.pl\/en\/wp-json\/wp\/v2\/product\/17224","targetHints":{"allow":["GET"]}}],"collection":[{"href":"https:\/\/www.linor.pl\/en\/wp-json\/wp\/v2\/product"}],"about":[{"href":"https:\/\/www.linor.pl\/en\/wp-json\/wp\/v2\/types\/product"}],"replies":[{"embeddable":true,"href":"https:\/\/www.linor.pl\/en\/wp-json\/wp\/v2\/comments?post=17224"}],"wp:featuredmedia":[{"embeddable":true,"href":"https:\/\/www.linor.pl\/en\/wp-json\/wp\/v2\/media\/17223"}],"wp:attachment":[{"href":"https:\/\/www.linor.pl\/en\/wp-json\/wp\/v2\/media?parent=17224"}],"wp:term":[{"taxonomy":"product_brand","embeddable":true,"href":"https:\/\/www.linor.pl\/en\/wp-json\/wp\/v2\/product_brand?post=17224"},{"taxonomy":"product_cat","embeddable":true,"href":"https:\/\/www.linor.pl\/en\/wp-json\/wp\/v2\/product_cat?post=17224"},{"taxonomy":"product_tag","embeddable":true,"href":"https:\/\/www.linor.pl\/en\/wp-json\/wp\/v2\/product_tag?post=17224"}],"curies":[{"name":"wp","href":"https:\/\/api.w.org\/{rel}","templated":true}]}}