{"id":17474,"date":"2023-06-02T08:00:18","date_gmt":"2023-06-02T06:00:18","guid":{"rendered":"https:\/\/www.linor.pl\/produkt\/linka-hamulca-srodkowego-mercedes-gl-a1644201685\/"},"modified":"2025-07-17T07:03:20","modified_gmt":"2025-07-17T05:03:20","slug":"linka-hamulca-srodkowego-mercedes-gl-a1644201685","status":"publish","type":"product","link":"https:\/\/www.linor.pl\/en\/product\/linka-hamulca-srodkowego-mercedes-gl-a1644201685\/","title":{"rendered":"Linka hamulca \u015brodkowego Mercedes GL A1644201685 (wys\u0142a\u0107 stara link\u0119)"},"content":{"rendered":"","protected":false},"excerpt":{"rendered":"<p>Linka \u015brodkowa<\/p>\n","protected":false},"featured_media":9822,"comment_status":"closed","ping_status":"closed","template":"","meta":[],"product_brand":[],"product_cat":[15526],"product_tag":[],"class_list":{"0":"post-17474","1":"product","2":"type-product","3":"status-publish","4":"has-post-thumbnail","6":"product_cat-mercedes-gl-en","7":"pa_marka-auta-mercedes-en","8":"pa_numer-zamienny-a1644201685-en","9":"pa_rodzaj-produktu-linka-hamulcowa-en","10":"pa_wymiary-mm-3925-3700-en","12":"first","13":"instock","14":"shipping-taxable","15":"purchasable","16":"product-type-simple"},"_links":{"self":[{"href":"https:\/\/www.linor.pl\/en\/wp-json\/wp\/v2\/product\/17474","targetHints":{"allow":["GET"]}}],"collection":[{"href":"https:\/\/www.linor.pl\/en\/wp-json\/wp\/v2\/product"}],"about":[{"href":"https:\/\/www.linor.pl\/en\/wp-json\/wp\/v2\/types\/product"}],"replies":[{"embeddable":true,"href":"https:\/\/www.linor.pl\/en\/wp-json\/wp\/v2\/comments?post=17474"}],"wp:featuredmedia":[{"embeddable":true,"href":"https:\/\/www.linor.pl\/en\/wp-json\/wp\/v2\/media\/9822"}],"wp:attachment":[{"href":"https:\/\/www.linor.pl\/en\/wp-json\/wp\/v2\/media?parent=17474"}],"wp:term":[{"taxonomy":"product_brand","embeddable":true,"href":"https:\/\/www.linor.pl\/en\/wp-json\/wp\/v2\/product_brand?post=17474"},{"taxonomy":"product_cat","embeddable":true,"href":"https:\/\/www.linor.pl\/en\/wp-json\/wp\/v2\/product_cat?post=17474"},{"taxonomy":"product_tag","embeddable":true,"href":"https:\/\/www.linor.pl\/en\/wp-json\/wp\/v2\/product_tag?post=17474"}],"curies":[{"name":"wp","href":"https:\/\/api.w.org\/{rel}","templated":true}]}}