{"id":17532,"date":"2023-06-02T11:40:28","date_gmt":"2023-06-02T09:40:28","guid":{"rendered":"https:\/\/www.linor.pl\/produkt\/linka-zmiany-biegow-chevrolet-cruze-1-6b-dl\/"},"modified":"2023-06-02T13:50:39","modified_gmt":"2023-06-02T11:50:39","slug":"linka-zmiany-biegow-chevrolet-cruze-1-6b-dl","status":"publish","type":"product","link":"https:\/\/www.linor.pl\/en\/product\/linka-zmiany-biegow-chevrolet-cruze-1-6b-dl\/","title":{"rendered":"Linka zmiany bieg\u00f3w Chevrolet Cruze 1.6B d\u0142."},"content":{"rendered":"","protected":false},"excerpt":{"rendered":"<p>Linka d\u0142u\u017csza z kompletu<\/p>\n","protected":false},"featured_media":13291,"comment_status":"closed","ping_status":"closed","template":"","meta":[],"product_brand":[],"product_cat":[15595],"product_tag":[],"class_list":{"0":"post-17532","1":"product","2":"type-product","3":"status-publish","4":"has-post-thumbnail","6":"product_cat-checrolet-cruze-en","7":"pa_marka-auta-chevrolet-en","8":"pa_rodzaj-produktu-linka-zmiany-biegow-en","9":"pa_tworzy-komplet-z-linka-57130-en","10":"pa_wymiary-mm-1240-865-en","12":"first","13":"instock","14":"shipping-taxable","15":"purchasable","16":"product-type-simple"},"_links":{"self":[{"href":"https:\/\/www.linor.pl\/en\/wp-json\/wp\/v2\/product\/17532","targetHints":{"allow":["GET"]}}],"collection":[{"href":"https:\/\/www.linor.pl\/en\/wp-json\/wp\/v2\/product"}],"about":[{"href":"https:\/\/www.linor.pl\/en\/wp-json\/wp\/v2\/types\/product"}],"replies":[{"embeddable":true,"href":"https:\/\/www.linor.pl\/en\/wp-json\/wp\/v2\/comments?post=17532"}],"wp:featuredmedia":[{"embeddable":true,"href":"https:\/\/www.linor.pl\/en\/wp-json\/wp\/v2\/media\/13291"}],"wp:attachment":[{"href":"https:\/\/www.linor.pl\/en\/wp-json\/wp\/v2\/media?parent=17532"}],"wp:term":[{"taxonomy":"product_brand","embeddable":true,"href":"https:\/\/www.linor.pl\/en\/wp-json\/wp\/v2\/product_brand?post=17532"},{"taxonomy":"product_cat","embeddable":true,"href":"https:\/\/www.linor.pl\/en\/wp-json\/wp\/v2\/product_cat?post=17532"},{"taxonomy":"product_tag","embeddable":true,"href":"https:\/\/www.linor.pl\/en\/wp-json\/wp\/v2\/product_tag?post=17532"}],"curies":[{"name":"wp","href":"https:\/\/api.w.org\/{rel}","templated":true}]}}