{"id":17582,"date":"2023-06-02T13:45:31","date_gmt":"2023-06-02T11:45:31","guid":{"rendered":"https:\/\/www.linor.pl\/produkt\/linka-otwierania-drzwi-toyota-previa-dl\/"},"modified":"2023-06-02T13:45:31","modified_gmt":"2023-06-02T11:45:31","slug":"linka-otwierania-drzwi-toyota-previa-dl","status":"publish","type":"product","link":"https:\/\/www.linor.pl\/en\/product\/linka-otwierania-drzwi-toyota-previa-dl\/","title":{"rendered":"Linka otwierania drzwi Toyota Previa d\u0142."},"content":{"rendered":"","protected":false},"excerpt":{"rendered":"<p>Linka d\u0142u\u017csza z kompletu (zdj\u0119cie) od klamki zewn\u0119trznej<\/p>\n","protected":false},"featured_media":17578,"comment_status":"closed","ping_status":"closed","template":"","meta":[],"product_brand":[],"product_cat":[3784],"product_tag":[],"class_list":{"0":"post-17582","1":"product","2":"type-product","3":"status-publish","4":"has-post-thumbnail","6":"product_cat-toyota-previa-en","7":"pa_marka-auta-toyota-en","8":"pa_rodzaj-produktu-linka-otwierania-drzwi-en","9":"pa_rok-produkcji-2000-2006-en","10":"pa_tworzy-komplet-z-linka-36192-en","12":"first","13":"instock","14":"shipping-taxable","15":"purchasable","16":"product-type-simple"},"_links":{"self":[{"href":"https:\/\/www.linor.pl\/en\/wp-json\/wp\/v2\/product\/17582","targetHints":{"allow":["GET"]}}],"collection":[{"href":"https:\/\/www.linor.pl\/en\/wp-json\/wp\/v2\/product"}],"about":[{"href":"https:\/\/www.linor.pl\/en\/wp-json\/wp\/v2\/types\/product"}],"replies":[{"embeddable":true,"href":"https:\/\/www.linor.pl\/en\/wp-json\/wp\/v2\/comments?post=17582"}],"wp:featuredmedia":[{"embeddable":true,"href":"https:\/\/www.linor.pl\/en\/wp-json\/wp\/v2\/media\/17578"}],"wp:attachment":[{"href":"https:\/\/www.linor.pl\/en\/wp-json\/wp\/v2\/media?parent=17582"}],"wp:term":[{"taxonomy":"product_brand","embeddable":true,"href":"https:\/\/www.linor.pl\/en\/wp-json\/wp\/v2\/product_brand?post=17582"},{"taxonomy":"product_cat","embeddable":true,"href":"https:\/\/www.linor.pl\/en\/wp-json\/wp\/v2\/product_cat?post=17582"},{"taxonomy":"product_tag","embeddable":true,"href":"https:\/\/www.linor.pl\/en\/wp-json\/wp\/v2\/product_tag?post=17582"}],"curies":[{"name":"wp","href":"https:\/\/api.w.org\/{rel}","templated":true}]}}