{"id":17621,"date":"2023-06-09T08:17:17","date_gmt":"2023-06-09T06:17:17","guid":{"rendered":"https:\/\/www.linor.pl\/produkt\/linka-zmiany-biegow-jeep-compass-2-0d-6-biegow-kr-05062125ab\/"},"modified":"2023-06-09T08:17:17","modified_gmt":"2023-06-09T06:17:17","slug":"linka-zmiany-biegow-jeep-compass-2-0d-6-biegow-kr-05062125ab","status":"publish","type":"product","link":"https:\/\/www.linor.pl\/en\/product\/linka-zmiany-biegow-jeep-compass-2-0d-6-biegow-kr-05062125ab\/","title":{"rendered":"Linka zmiany bieg\u00f3w Jeep Compass 2.0D 6 bieg\u00f3w kr. 05062125AB"},"content":{"rendered":"","protected":false},"excerpt":{"rendered":"<p>Linka kr\u00f3tsza z kompletu<\/p>\n","protected":false},"featured_media":17615,"comment_status":"closed","ping_status":"closed","template":"","meta":[],"product_brand":[],"product_cat":[15657],"product_tag":[],"class_list":{"0":"post-17621","1":"product","2":"type-product","3":"status-publish","4":"has-post-thumbnail","6":"product_cat-jeep-compass-en","7":"pa_marka-auta-jeep-en","8":"pa_numer-zamienny-05062125ab-en","9":"pa_rodzaj-produktu-linka-zmiany-biegow-en","10":"pa_rok-produkcji-2007-en","11":"pa_tworzy-komplet-z-linka-48041-en","12":"pa_wymiary-mm-1275-973-en","14":"first","15":"instock","16":"shipping-taxable","17":"purchasable","18":"product-type-simple"},"_links":{"self":[{"href":"https:\/\/www.linor.pl\/en\/wp-json\/wp\/v2\/product\/17621","targetHints":{"allow":["GET"]}}],"collection":[{"href":"https:\/\/www.linor.pl\/en\/wp-json\/wp\/v2\/product"}],"about":[{"href":"https:\/\/www.linor.pl\/en\/wp-json\/wp\/v2\/types\/product"}],"replies":[{"embeddable":true,"href":"https:\/\/www.linor.pl\/en\/wp-json\/wp\/v2\/comments?post=17621"}],"wp:featuredmedia":[{"embeddable":true,"href":"https:\/\/www.linor.pl\/en\/wp-json\/wp\/v2\/media\/17615"}],"wp:attachment":[{"href":"https:\/\/www.linor.pl\/en\/wp-json\/wp\/v2\/media?parent=17621"}],"wp:term":[{"taxonomy":"product_brand","embeddable":true,"href":"https:\/\/www.linor.pl\/en\/wp-json\/wp\/v2\/product_brand?post=17621"},{"taxonomy":"product_cat","embeddable":true,"href":"https:\/\/www.linor.pl\/en\/wp-json\/wp\/v2\/product_cat?post=17621"},{"taxonomy":"product_tag","embeddable":true,"href":"https:\/\/www.linor.pl\/en\/wp-json\/wp\/v2\/product_tag?post=17621"}],"curies":[{"name":"wp","href":"https:\/\/api.w.org\/{rel}","templated":true}]}}