{"id":17645,"date":"2023-06-09T10:43:05","date_gmt":"2023-06-09T08:43:05","guid":{"rendered":"https:\/\/www.linor.pl\/produkt\/linka-hamulcowa-renault-laguna-iii-dl\/"},"modified":"2023-06-09T10:43:05","modified_gmt":"2023-06-09T08:43:05","slug":"linka-hamulcowa-renault-laguna-iii-dl","status":"publish","type":"product","link":"https:\/\/www.linor.pl\/en\/product\/linka-hamulcowa-renault-laguna-iii-dl\/","title":{"rendered":"Linka hamulcowa Renault Laguna III d\u0142."},"content":{"rendered":"","protected":false},"excerpt":{"rendered":"<p>Linka d\u0142u\u017csza z kompletu<br \/>\nLinka z \u015brub\u0105 regulacyjn\u0105<\/p>\n","protected":false},"featured_media":10084,"comment_status":"closed","ping_status":"closed","template":"","meta":[],"product_brand":[],"product_cat":[3478],"product_tag":[],"class_list":{"0":"post-17645","1":"product","2":"type-product","3":"status-publish","4":"has-post-thumbnail","6":"product_cat-renault-laguna-en","7":"pa_marka-auta-renault-en","8":"pa_rodzaj-produktu-linka-hamulca-recznego-en","9":"pa_tworzy-komplet-z-linka-21750-en","10":"pa_wymiary-mm-1030-850-en","12":"first","13":"instock","14":"shipping-taxable","15":"purchasable","16":"product-type-simple"},"_links":{"self":[{"href":"https:\/\/www.linor.pl\/en\/wp-json\/wp\/v2\/product\/17645","targetHints":{"allow":["GET"]}}],"collection":[{"href":"https:\/\/www.linor.pl\/en\/wp-json\/wp\/v2\/product"}],"about":[{"href":"https:\/\/www.linor.pl\/en\/wp-json\/wp\/v2\/types\/product"}],"replies":[{"embeddable":true,"href":"https:\/\/www.linor.pl\/en\/wp-json\/wp\/v2\/comments?post=17645"}],"wp:featuredmedia":[{"embeddable":true,"href":"https:\/\/www.linor.pl\/en\/wp-json\/wp\/v2\/media\/10084"}],"wp:attachment":[{"href":"https:\/\/www.linor.pl\/en\/wp-json\/wp\/v2\/media?parent=17645"}],"wp:term":[{"taxonomy":"product_brand","embeddable":true,"href":"https:\/\/www.linor.pl\/en\/wp-json\/wp\/v2\/product_brand?post=17645"},{"taxonomy":"product_cat","embeddable":true,"href":"https:\/\/www.linor.pl\/en\/wp-json\/wp\/v2\/product_cat?post=17645"},{"taxonomy":"product_tag","embeddable":true,"href":"https:\/\/www.linor.pl\/en\/wp-json\/wp\/v2\/product_tag?post=17645"}],"curies":[{"name":"wp","href":"https:\/\/api.w.org\/{rel}","templated":true}]}}