{"id":17650,"date":"2023-06-09T11:11:29","date_gmt":"2023-06-09T09:11:29","guid":{"rendered":"https:\/\/www.linor.pl\/produkt\/linka-hamulcowa-renault-koleos-2-0d-dl\/"},"modified":"2023-06-09T11:11:29","modified_gmt":"2023-06-09T09:11:29","slug":"linka-hamulcowa-renault-koleos-2-0d-dl","status":"publish","type":"product","link":"https:\/\/www.linor.pl\/en\/product\/linka-hamulcowa-renault-koleos-2-0d-dl\/","title":{"rendered":"Linka hamulcowa Renault Koleos 2.0D d\u0142."},"content":{"rendered":"","protected":false},"excerpt":{"rendered":"<p>Linka d\u0142u\u017csza z kompletu<br \/>\nLinka z \u015brub\u0105 regulacyjn\u0105<\/p>\n","protected":false},"featured_media":10084,"comment_status":"closed","ping_status":"closed","template":"","meta":[],"product_brand":[],"product_cat":[3478],"product_tag":[],"class_list":{"0":"post-17650","1":"product","2":"type-product","3":"status-publish","4":"has-post-thumbnail","6":"product_cat-renault-laguna-en","7":"pa_marka-auta-renault-en","8":"pa_rodzaj-produktu-linka-hamulca-elektrycznego-en","9":"pa_rok-produkcji-2002-3-en","10":"pa_tworzy-komplet-z-linka-21702-en","11":"pa_wymiary-mm-1005-830-en","13":"first","14":"instock","15":"shipping-taxable","16":"purchasable","17":"product-type-simple"},"_links":{"self":[{"href":"https:\/\/www.linor.pl\/en\/wp-json\/wp\/v2\/product\/17650","targetHints":{"allow":["GET"]}}],"collection":[{"href":"https:\/\/www.linor.pl\/en\/wp-json\/wp\/v2\/product"}],"about":[{"href":"https:\/\/www.linor.pl\/en\/wp-json\/wp\/v2\/types\/product"}],"replies":[{"embeddable":true,"href":"https:\/\/www.linor.pl\/en\/wp-json\/wp\/v2\/comments?post=17650"}],"wp:featuredmedia":[{"embeddable":true,"href":"https:\/\/www.linor.pl\/en\/wp-json\/wp\/v2\/media\/10084"}],"wp:attachment":[{"href":"https:\/\/www.linor.pl\/en\/wp-json\/wp\/v2\/media?parent=17650"}],"wp:term":[{"taxonomy":"product_brand","embeddable":true,"href":"https:\/\/www.linor.pl\/en\/wp-json\/wp\/v2\/product_brand?post=17650"},{"taxonomy":"product_cat","embeddable":true,"href":"https:\/\/www.linor.pl\/en\/wp-json\/wp\/v2\/product_cat?post=17650"},{"taxonomy":"product_tag","embeddable":true,"href":"https:\/\/www.linor.pl\/en\/wp-json\/wp\/v2\/product_tag?post=17650"}],"curies":[{"name":"wp","href":"https:\/\/api.w.org\/{rel}","templated":true}]}}