{"id":17682,"date":"2023-06-09T12:41:16","date_gmt":"2023-06-09T10:41:16","guid":{"rendered":"https:\/\/www.linor.pl\/produkt\/linka-sprzegla-landini-rex-walek-tyl\/"},"modified":"2023-06-09T12:41:16","modified_gmt":"2023-06-09T10:41:16","slug":"linka-sprzegla-landini-rex-walek-tyl","status":"publish","type":"product","link":"https:\/\/www.linor.pl\/en\/product\/linka-sprzegla-landini-rex-walek-tyl\/","title":{"rendered":"Linka sprz\u0119g\u0142a Landini Rex ( wa\u0142ek ty\u0142 )"},"content":{"rendered":"","protected":false},"excerpt":{"rendered":"","protected":false},"featured_media":13291,"comment_status":"closed","ping_status":"closed","template":"","meta":[],"product_brand":[],"product_cat":[3603],"product_tag":[],"class_list":{"0":"post-17682","1":"product","2":"type-product","3":"status-publish","4":"has-post-thumbnail","6":"product_cat-landini-en","7":"pa_marka-auta-landini-en","8":"pa_rodzaj-produktu-linka-sprzga-en","9":"pa_wymiary-mm-780-553-en","11":"first","12":"instock","13":"shipping-taxable","14":"purchasable","15":"product-type-simple"},"_links":{"self":[{"href":"https:\/\/www.linor.pl\/en\/wp-json\/wp\/v2\/product\/17682","targetHints":{"allow":["GET"]}}],"collection":[{"href":"https:\/\/www.linor.pl\/en\/wp-json\/wp\/v2\/product"}],"about":[{"href":"https:\/\/www.linor.pl\/en\/wp-json\/wp\/v2\/types\/product"}],"replies":[{"embeddable":true,"href":"https:\/\/www.linor.pl\/en\/wp-json\/wp\/v2\/comments?post=17682"}],"wp:featuredmedia":[{"embeddable":true,"href":"https:\/\/www.linor.pl\/en\/wp-json\/wp\/v2\/media\/13291"}],"wp:attachment":[{"href":"https:\/\/www.linor.pl\/en\/wp-json\/wp\/v2\/media?parent=17682"}],"wp:term":[{"taxonomy":"product_brand","embeddable":true,"href":"https:\/\/www.linor.pl\/en\/wp-json\/wp\/v2\/product_brand?post=17682"},{"taxonomy":"product_cat","embeddable":true,"href":"https:\/\/www.linor.pl\/en\/wp-json\/wp\/v2\/product_cat?post=17682"},{"taxonomy":"product_tag","embeddable":true,"href":"https:\/\/www.linor.pl\/en\/wp-json\/wp\/v2\/product_tag?post=17682"}],"curies":[{"name":"wp","href":"https:\/\/api.w.org\/{rel}","templated":true}]}}