{"id":17714,"date":"2021-10-27T09:35:13","date_gmt":"2021-10-27T07:35:13","guid":{"rendered":"https:\/\/www.linor.pl\/produkt\/linka-otwierania-maski-mercedes-e-w212-a2118800150\/"},"modified":"2021-10-27T09:35:13","modified_gmt":"2021-10-27T07:35:13","slug":"linka-otwierania-maski-mercedes-e-w212-a2118800150","status":"publish","type":"product","link":"https:\/\/www.linor.pl\/en\/product\/linka-otwierania-maski-mercedes-e-w212-a2118800150\/","title":{"rendered":"Linka otwierania maski Mercedes E W212 A2118800150"},"content":{"rendered":"<p>Linka d\u0142u\u017csza z kompletu ( sk\u0142ada si\u0119 z dw\u00f3ch linek)<\/p>\n<p>Komplet z linka o nr 16139<\/p>\n<p>Zdj\u0119cie pogl\u0105dowe &#8211; na zdj\u0119ciu ca\u0142y zestaw sk\u0142adaj\u0105cy si\u0119 z trzech linek<\/p>\n<p>Wykonujemy po przes\u0142aniu starej linki do nasze firmy<\/p>\n","protected":false},"excerpt":{"rendered":"<p>Linka d\u0142u\u017csza z kompletu ( sk\u0142ada si\u0119 z dw\u00f3ch linek) Komplet z linka o nr 16139 Zdj\u0119cie pogl\u0105dowe &#8211; na zdj\u0119ciu ca\u0142y zestaw sk\u0142adaj\u0105cy si\u0119 z<span class=\"excerpt-hellip\"> [\u2026]<\/span><\/p>\n","protected":false},"featured_media":17713,"comment_status":"closed","ping_status":"closed","template":"","meta":[],"product_brand":[],"product_cat":[15725],"product_tag":[],"class_list":{"0":"post-17714","1":"product","2":"type-product","3":"status-publish","4":"has-post-thumbnail","6":"product_cat-mercedes-w-212-en","7":"pa_rodzaj-produktu-linka-maski-silnika-en","8":"pa_wymiary-1342-1306222-en","10":"first","11":"instock","12":"purchasable","13":"product-type-simple"},"_links":{"self":[{"href":"https:\/\/www.linor.pl\/en\/wp-json\/wp\/v2\/product\/17714","targetHints":{"allow":["GET"]}}],"collection":[{"href":"https:\/\/www.linor.pl\/en\/wp-json\/wp\/v2\/product"}],"about":[{"href":"https:\/\/www.linor.pl\/en\/wp-json\/wp\/v2\/types\/product"}],"replies":[{"embeddable":true,"href":"https:\/\/www.linor.pl\/en\/wp-json\/wp\/v2\/comments?post=17714"}],"wp:featuredmedia":[{"embeddable":true,"href":"https:\/\/www.linor.pl\/en\/wp-json\/wp\/v2\/media\/17713"}],"wp:attachment":[{"href":"https:\/\/www.linor.pl\/en\/wp-json\/wp\/v2\/media?parent=17714"}],"wp:term":[{"taxonomy":"product_brand","embeddable":true,"href":"https:\/\/www.linor.pl\/en\/wp-json\/wp\/v2\/product_brand?post=17714"},{"taxonomy":"product_cat","embeddable":true,"href":"https:\/\/www.linor.pl\/en\/wp-json\/wp\/v2\/product_cat?post=17714"},{"taxonomy":"product_tag","embeddable":true,"href":"https:\/\/www.linor.pl\/en\/wp-json\/wp\/v2\/product_tag?post=17714"}],"curies":[{"name":"wp","href":"https:\/\/api.w.org\/{rel}","templated":true}]}}