{"id":17793,"date":"2021-10-27T08:55:13","date_gmt":"2021-10-27T06:55:13","guid":{"rendered":"https:\/\/www.linor.pl\/produkt\/linka-sprzegla-chrysler-voyager-25-crd\/"},"modified":"2021-10-27T08:55:13","modified_gmt":"2021-10-27T06:55:13","slug":"linka-sprzegla-chrysler-voyager-25-crd","status":"publish","type":"product","link":"https:\/\/www.linor.pl\/en\/product\/linka-sprzegla-chrysler-voyager-25-crd\/","title":{"rendered":"Linka sprz\u0119g\u0142a Chrysler VOYAGER 2,5 CRD 4641921AD"},"content":{"rendered":"<p><strong style=\"font-weight: normal;\">Linka sterowania sprz\u0119g\u0142em<\/strong>, pasuj\u0105ca do samochodu marki Chrysler. Cz\u0119\u015b\u0107 oznaczona numerem katalogowym: <strong style=\"font-weight: normal;\">brak danych<\/strong><br \/>\nProdukowana przez firm\u0119 Linor .<br \/>\n<label style=\"font-weight: bold;\">Zastosowanie:<\/label><br \/>\nSkrzynia bieg\u00f3w Chrysler model(e): <strong style=\"font-weight: normal;\"> VOYAGER<\/strong> . Dodatkowe informacje: sprz\u0119g\u0142.<\/p>\n","protected":false},"excerpt":{"rendered":"<p>Linka sterowania sprz\u0119g\u0142em, pasuj\u0105ca do samochodu marki Chrysler. Cz\u0119\u015b\u0107 oznaczona numerem katalogowym: brak danych Produkowana przez firm\u0119 Linor . Zastosowanie: Skrzynia bieg\u00f3w Chrysler model(e): VOYAGER .<span class=\"excerpt-hellip\"> [\u2026]<\/span><\/p>\n","protected":false},"featured_media":17792,"comment_status":"closed","ping_status":"closed","template":"","meta":[],"product_brand":[],"product_cat":[3299,3610],"product_tag":[],"class_list":{"0":"post-17793","1":"product","2":"type-product","3":"status-publish","4":"has-post-thumbnail","6":"product_cat-chrysler-voyager-en","7":"product_cat-linki-sprzegla-en","8":"pa_wymiary-15901415-en","10":"first","11":"instock","12":"purchasable","13":"product-type-simple"},"_links":{"self":[{"href":"https:\/\/www.linor.pl\/en\/wp-json\/wp\/v2\/product\/17793","targetHints":{"allow":["GET"]}}],"collection":[{"href":"https:\/\/www.linor.pl\/en\/wp-json\/wp\/v2\/product"}],"about":[{"href":"https:\/\/www.linor.pl\/en\/wp-json\/wp\/v2\/types\/product"}],"replies":[{"embeddable":true,"href":"https:\/\/www.linor.pl\/en\/wp-json\/wp\/v2\/comments?post=17793"}],"wp:featuredmedia":[{"embeddable":true,"href":"https:\/\/www.linor.pl\/en\/wp-json\/wp\/v2\/media\/17792"}],"wp:attachment":[{"href":"https:\/\/www.linor.pl\/en\/wp-json\/wp\/v2\/media?parent=17793"}],"wp:term":[{"taxonomy":"product_brand","embeddable":true,"href":"https:\/\/www.linor.pl\/en\/wp-json\/wp\/v2\/product_brand?post=17793"},{"taxonomy":"product_cat","embeddable":true,"href":"https:\/\/www.linor.pl\/en\/wp-json\/wp\/v2\/product_cat?post=17793"},{"taxonomy":"product_tag","embeddable":true,"href":"https:\/\/www.linor.pl\/en\/wp-json\/wp\/v2\/product_tag?post=17793"}],"curies":[{"name":"wp","href":"https:\/\/api.w.org\/{rel}","templated":true}]}}