{"id":17950,"date":"2023-08-31T09:22:49","date_gmt":"2023-08-31T07:22:49","guid":{"rendered":"https:\/\/www.linor.pl\/produkt\/linka-awaryjnego-odblokowania-skrzyni-biegow-jaguar-xe\/"},"modified":"2024-12-04T10:01:11","modified_gmt":"2024-12-04T09:01:11","slug":"linka-awaryjnego-odblokowania-skrzyni-biegow-jaguar-xe","status":"publish","type":"product","link":"https:\/\/www.linor.pl\/en\/product\/linka-awaryjnego-odblokowania-skrzyni-biegow-jaguar-xe\/","title":{"rendered":"Linka awaryjnego odblokowania skrzyni bieg\u00f3w Jaguar XE"},"content":{"rendered":"","protected":false},"excerpt":{"rendered":"<p>Link\u0119 robimy na zam\u00f3wienie klienta, po przes\u0142aniu starej linki do naszej firmy.<\/p>\n","protected":false},"featured_media":17949,"comment_status":"closed","ping_status":"closed","template":"","meta":[],"product_brand":[],"product_cat":[3667],"product_tag":[],"class_list":{"0":"post-17950","1":"product","2":"type-product","3":"status-publish","4":"has-post-thumbnail","6":"product_cat-jaguar-xe-en","7":"pa_marka-auta-jaguar-en","8":"pa_rodzaj-produktu-linka-blokady-skrzyni-en","9":"pa_rok-produkcji-2019-en","10":"pa_wymiary-mm-1345-en","12":"first","13":"onbackorder","14":"shipping-taxable","15":"purchasable","16":"product-type-simple"},"_links":{"self":[{"href":"https:\/\/www.linor.pl\/en\/wp-json\/wp\/v2\/product\/17950","targetHints":{"allow":["GET"]}}],"collection":[{"href":"https:\/\/www.linor.pl\/en\/wp-json\/wp\/v2\/product"}],"about":[{"href":"https:\/\/www.linor.pl\/en\/wp-json\/wp\/v2\/types\/product"}],"replies":[{"embeddable":true,"href":"https:\/\/www.linor.pl\/en\/wp-json\/wp\/v2\/comments?post=17950"}],"wp:featuredmedia":[{"embeddable":true,"href":"https:\/\/www.linor.pl\/en\/wp-json\/wp\/v2\/media\/17949"}],"wp:attachment":[{"href":"https:\/\/www.linor.pl\/en\/wp-json\/wp\/v2\/media?parent=17950"}],"wp:term":[{"taxonomy":"product_brand","embeddable":true,"href":"https:\/\/www.linor.pl\/en\/wp-json\/wp\/v2\/product_brand?post=17950"},{"taxonomy":"product_cat","embeddable":true,"href":"https:\/\/www.linor.pl\/en\/wp-json\/wp\/v2\/product_cat?post=17950"},{"taxonomy":"product_tag","embeddable":true,"href":"https:\/\/www.linor.pl\/en\/wp-json\/wp\/v2\/product_tag?post=17950"}],"curies":[{"name":"wp","href":"https:\/\/api.w.org\/{rel}","templated":true}]}}