{"id":17951,"date":"2021-10-27T09:11:04","date_gmt":"2021-10-27T07:11:04","guid":{"rendered":"https:\/\/www.linor.pl\/produkt\/linka-zmiany-biegow-vw-passat-b3-b4-357711265a-dl\/"},"modified":"2024-06-18T11:25:51","modified_gmt":"2024-06-18T09:25:51","slug":"linka-zmiany-biegow-vw-passat-b3-b4-357711265a-dl","status":"publish","type":"product","link":"https:\/\/www.linor.pl\/en\/product\/linka-zmiany-biegow-vw-passat-b3-b4-357711265a-dl\/","title":{"rendered":"Linka zmiany bieg\u00f3w VW Passat  B3\/B4 357711265A d\u0142"},"content":{"rendered":"<p>Linka d\u0142u\u017csza z kompletu (z blach\u0105 mocuj\u0105c\u0105)<\/p>\n<p>Komplet z link\u0105 o nr 26103<\/p>\n","protected":false},"excerpt":{"rendered":"<p>Linka d\u0142u\u017csza z kompletu (z blach\u0105 mocuj\u0105c\u0105) Komplet z link\u0105 o nr 26103<\/p>\n","protected":false},"featured_media":20214,"comment_status":"closed","ping_status":"closed","template":"","meta":[],"product_brand":[],"product_cat":[3790],"product_tag":[],"class_list":{"0":"post-17951","1":"product","2":"type-product","3":"status-publish","4":"has-post-thumbnail","6":"product_cat-volkswagen-passat-en","7":"pa_rodzaj-produktu-linka-zmiany-biegow-en","8":"pa_rok-produkcji-1988-1997-en","9":"pa_wymiary-1287-985-en","11":"first","12":"instock","13":"purchasable","14":"product-type-simple"},"_links":{"self":[{"href":"https:\/\/www.linor.pl\/en\/wp-json\/wp\/v2\/product\/17951","targetHints":{"allow":["GET"]}}],"collection":[{"href":"https:\/\/www.linor.pl\/en\/wp-json\/wp\/v2\/product"}],"about":[{"href":"https:\/\/www.linor.pl\/en\/wp-json\/wp\/v2\/types\/product"}],"replies":[{"embeddable":true,"href":"https:\/\/www.linor.pl\/en\/wp-json\/wp\/v2\/comments?post=17951"}],"wp:featuredmedia":[{"embeddable":true,"href":"https:\/\/www.linor.pl\/en\/wp-json\/wp\/v2\/media\/20214"}],"wp:attachment":[{"href":"https:\/\/www.linor.pl\/en\/wp-json\/wp\/v2\/media?parent=17951"}],"wp:term":[{"taxonomy":"product_brand","embeddable":true,"href":"https:\/\/www.linor.pl\/en\/wp-json\/wp\/v2\/product_brand?post=17951"},{"taxonomy":"product_cat","embeddable":true,"href":"https:\/\/www.linor.pl\/en\/wp-json\/wp\/v2\/product_cat?post=17951"},{"taxonomy":"product_tag","embeddable":true,"href":"https:\/\/www.linor.pl\/en\/wp-json\/wp\/v2\/product_tag?post=17951"}],"curies":[{"name":"wp","href":"https:\/\/api.w.org\/{rel}","templated":true}]}}