{"id":17963,"date":"2023-08-31T11:44:31","date_gmt":"2023-08-31T09:44:31","guid":{"rendered":"https:\/\/www.linor.pl\/produkt\/linka-otwierania-drzwi-tyl-fiat-stilo\/"},"modified":"2023-08-31T11:44:31","modified_gmt":"2023-08-31T09:44:31","slug":"linka-otwierania-drzwi-tyl-fiat-stilo","status":"publish","type":"product","link":"https:\/\/www.linor.pl\/en\/product\/linka-otwierania-drzwi-tyl-fiat-stilo\/","title":{"rendered":"Linka otwierania drzwi ty\u0142 Fiat Stilo"},"content":{"rendered":"","protected":false},"excerpt":{"rendered":"<p>Monta\u017c &#8211; drzwi ty\u0142<\/p>\n","protected":false},"featured_media":17964,"comment_status":"closed","ping_status":"closed","template":"","meta":[],"product_brand":[],"product_cat":[3645],"product_tag":[],"class_list":{"0":"post-17963","1":"product","2":"type-product","3":"status-publish","4":"has-post-thumbnail","6":"product_cat-fiat-stilo-en","7":"pa_marka-auta-fiat-en","8":"pa_rodzaj-produktu-linka-otwierania-drzwi-en","9":"pa_wymiary-mm-585-490-en","11":"first","12":"instock","13":"shipping-taxable","14":"purchasable","15":"product-type-simple"},"_links":{"self":[{"href":"https:\/\/www.linor.pl\/en\/wp-json\/wp\/v2\/product\/17963","targetHints":{"allow":["GET"]}}],"collection":[{"href":"https:\/\/www.linor.pl\/en\/wp-json\/wp\/v2\/product"}],"about":[{"href":"https:\/\/www.linor.pl\/en\/wp-json\/wp\/v2\/types\/product"}],"replies":[{"embeddable":true,"href":"https:\/\/www.linor.pl\/en\/wp-json\/wp\/v2\/comments?post=17963"}],"wp:featuredmedia":[{"embeddable":true,"href":"https:\/\/www.linor.pl\/en\/wp-json\/wp\/v2\/media\/17964"}],"wp:attachment":[{"href":"https:\/\/www.linor.pl\/en\/wp-json\/wp\/v2\/media?parent=17963"}],"wp:term":[{"taxonomy":"product_brand","embeddable":true,"href":"https:\/\/www.linor.pl\/en\/wp-json\/wp\/v2\/product_brand?post=17963"},{"taxonomy":"product_cat","embeddable":true,"href":"https:\/\/www.linor.pl\/en\/wp-json\/wp\/v2\/product_cat?post=17963"},{"taxonomy":"product_tag","embeddable":true,"href":"https:\/\/www.linor.pl\/en\/wp-json\/wp\/v2\/product_tag?post=17963"}],"curies":[{"name":"wp","href":"https:\/\/api.w.org\/{rel}","templated":true}]}}