{"id":18003,"date":"2023-08-31T13:03:25","date_gmt":"2023-08-31T11:03:25","guid":{"rendered":"https:\/\/www.linor.pl\/produkt\/linka-hamulca-elektrycznego-mercedes-vito-2-5d-w447-dl\/"},"modified":"2023-08-31T13:03:25","modified_gmt":"2023-08-31T11:03:25","slug":"linka-hamulca-elektrycznego-mercedes-vito-2-5d-w447-dl","status":"publish","type":"product","link":"https:\/\/www.linor.pl\/en\/product\/linka-hamulca-elektrycznego-mercedes-vito-2-5d-w447-dl\/","title":{"rendered":"Linka hamulca elektrycznego Mercedes Vito 2.5D W447 d\u0142."},"content":{"rendered":"","protected":false},"excerpt":{"rendered":"<p>Linka d\u0142u\u017csza z kompletu , \u015bruba regulacyjna na linie<\/p>\n","protected":false},"featured_media":13291,"comment_status":"closed","ping_status":"closed","template":"","meta":[],"product_brand":[],"product_cat":[3423],"product_tag":[],"class_list":{"0":"post-18003","1":"product","2":"type-product","3":"status-publish","4":"has-post-thumbnail","6":"product_cat-mercedes-vito-en","7":"pa_marka-auta-mercedes-en","8":"pa_rodzaj-produktu-linka-hamulca-elektrycznego-en","9":"pa_rok-produkcji-2017-en","10":"pa_tworzy-komplet-z-linka-16134-en","11":"pa_wymiary-mm-775-560-en","13":"first","14":"instock","15":"shipping-taxable","16":"purchasable","17":"product-type-simple"},"_links":{"self":[{"href":"https:\/\/www.linor.pl\/en\/wp-json\/wp\/v2\/product\/18003","targetHints":{"allow":["GET"]}}],"collection":[{"href":"https:\/\/www.linor.pl\/en\/wp-json\/wp\/v2\/product"}],"about":[{"href":"https:\/\/www.linor.pl\/en\/wp-json\/wp\/v2\/types\/product"}],"replies":[{"embeddable":true,"href":"https:\/\/www.linor.pl\/en\/wp-json\/wp\/v2\/comments?post=18003"}],"wp:featuredmedia":[{"embeddable":true,"href":"https:\/\/www.linor.pl\/en\/wp-json\/wp\/v2\/media\/13291"}],"wp:attachment":[{"href":"https:\/\/www.linor.pl\/en\/wp-json\/wp\/v2\/media?parent=18003"}],"wp:term":[{"taxonomy":"product_brand","embeddable":true,"href":"https:\/\/www.linor.pl\/en\/wp-json\/wp\/v2\/product_brand?post=18003"},{"taxonomy":"product_cat","embeddable":true,"href":"https:\/\/www.linor.pl\/en\/wp-json\/wp\/v2\/product_cat?post=18003"},{"taxonomy":"product_tag","embeddable":true,"href":"https:\/\/www.linor.pl\/en\/wp-json\/wp\/v2\/product_tag?post=18003"}],"curies":[{"name":"wp","href":"https:\/\/api.w.org\/{rel}","templated":true}]}}