{"id":18313,"date":"2023-11-13T08:46:43","date_gmt":"2023-11-13T07:46:43","guid":{"rendered":"https:\/\/www.linor.pl\/produkt\/linka-zmiany-biegow-fiat-stilo-1-2-1-4-dl-64752316\/"},"modified":"2026-01-12T09:09:52","modified_gmt":"2026-01-12T08:09:52","slug":"linka-zmiany-biegow-fiat-stilo-1-2-1-4-dl-64752316","status":"publish","type":"product","link":"https:\/\/www.linor.pl\/en\/product\/linka-zmiany-biegow-fiat-stilo-1-2-1-4-dl-64752316\/","title":{"rendered":"Linka zmiany bieg\u00f3w Fiat Stilo 1.2\/1.4 d\u0142. 64752316"},"content":{"rendered":"","protected":false},"excerpt":{"rendered":"<p>Linka d\u0142u\u017csza z kompletu<\/p>\n","protected":false},"featured_media":13291,"comment_status":"closed","ping_status":"closed","template":"","meta":[],"product_brand":[],"product_cat":[3645],"product_tag":[],"class_list":{"0":"post-18313","1":"product","2":"type-product","3":"status-publish","4":"has-post-thumbnail","6":"product_cat-fiat-stilo-en","7":"pa_marka-auta-fiat-en","8":"pa_numer-katalogowy-46752316-en","9":"pa_rodzaj-produktu-linka-zmiany-biegow-en","10":"pa_rok-produkcji-01-03-03-07-2-en","11":"pa_tworzy-komplet-z-linka-09330-en","12":"pa_wymiary-mm-1355-1010-en","14":"first","15":"instock","16":"shipping-taxable","17":"purchasable","18":"product-type-simple"},"_links":{"self":[{"href":"https:\/\/www.linor.pl\/en\/wp-json\/wp\/v2\/product\/18313","targetHints":{"allow":["GET"]}}],"collection":[{"href":"https:\/\/www.linor.pl\/en\/wp-json\/wp\/v2\/product"}],"about":[{"href":"https:\/\/www.linor.pl\/en\/wp-json\/wp\/v2\/types\/product"}],"replies":[{"embeddable":true,"href":"https:\/\/www.linor.pl\/en\/wp-json\/wp\/v2\/comments?post=18313"}],"wp:featuredmedia":[{"embeddable":true,"href":"https:\/\/www.linor.pl\/en\/wp-json\/wp\/v2\/media\/13291"}],"wp:attachment":[{"href":"https:\/\/www.linor.pl\/en\/wp-json\/wp\/v2\/media?parent=18313"}],"wp:term":[{"taxonomy":"product_brand","embeddable":true,"href":"https:\/\/www.linor.pl\/en\/wp-json\/wp\/v2\/product_brand?post=18313"},{"taxonomy":"product_cat","embeddable":true,"href":"https:\/\/www.linor.pl\/en\/wp-json\/wp\/v2\/product_cat?post=18313"},{"taxonomy":"product_tag","embeddable":true,"href":"https:\/\/www.linor.pl\/en\/wp-json\/wp\/v2\/product_tag?post=18313"}],"curies":[{"name":"wp","href":"https:\/\/api.w.org\/{rel}","templated":true}]}}